{"id":2395,"date":"2019-01-30T15:04:00","date_gmt":"2019-01-30T15:04:00","guid":{"rendered":"https:\/\/bardoleat.com\/einzelhandler\/"},"modified":"2025-05-19T21:22:35","modified_gmt":"2025-05-19T19:22:35","slug":"einzelhandler","status":"publish","type":"page","link":"https:\/\/bardoleat.com\/de\/einzelhandler\/","title":{"rendered":"EINZELH\u00c4NDLER"},"content":{"rendered":"\t\t<div data-elementor-type=\"wp-page\" data-elementor-id=\"2395\" class=\"elementor elementor-2395 elementor-1965\" data-elementor-post-type=\"page\">\n\t\t\t\t\t\t<section class=\"elementor-section elementor-top-section elementor-element elementor-element-46092be elementor-section-boxed elementor-section-height-default elementor-section-height-default\" data-id=\"46092be\" data-element_type=\"section\" data-e-type=\"section\">\n\t\t\t\t\t\t<div class=\"elementor-container elementor-column-gap-default\">\n\t\t\t\t\t<div class=\"elementor-column elementor-col-100 elementor-top-column elementor-element elementor-element-0836e30\" data-id=\"0836e30\" data-element_type=\"column\" data-e-type=\"column\">\n\t\t\t<div class=\"elementor-widget-wrap elementor-element-populated\">\n\t\t\t\t\t\t<div class=\"elementor-element elementor-element-de3cd72 elementor-widget elementor-widget-heading\" data-id=\"de3cd72\" data-element_type=\"widget\" data-e-type=\"widget\" data-widget_type=\"heading.default\">\n\t\t\t\t<div class=\"elementor-widget-container\">\n\t\t\t\t\t<h1 class=\"elementor-heading-title elementor-size-default\">Einzelh\u00e4ndler und Restaurants<\/h1>\t\t\t\t<\/div>\n\t\t\t\t<\/div>\n\t\t\t\t<div class=\"elementor-element elementor-element-cf3922a elementor-widget elementor-widget-text-editor\" data-id=\"cf3922a\" data-element_type=\"widget\" data-e-type=\"widget\" data-widget_type=\"text-editor.default\">\n\t\t\t\t<div class=\"elementor-widget-container\">\n\t\t\t\t\t\t\t\t\t<h4><strong><img fetchpriority=\"high\" decoding=\"async\" class=\"size-medium wp-image-13464 alignright\" src=\"https:\/\/bardoleat.com\/wp-content\/uploads\/2024\/03\/356231471_741865331279262_347369157093173303_n-2-e1710068677902-293x300.webp\" alt=\"\" width=\"293\" height=\"300\" srcset=\"https:\/\/bardoleat.com\/wp-content\/uploads\/2024\/03\/356231471_741865331279262_347369157093173303_n-2-e1710068677902-293x300.webp 293w, https:\/\/bardoleat.com\/wp-content\/uploads\/2024\/03\/356231471_741865331279262_347369157093173303_n-2-e1710068677902-768x787.webp 768w, https:\/\/bardoleat.com\/wp-content\/uploads\/2024\/03\/356231471_741865331279262_347369157093173303_n-2-e1710068677902-600x615.webp 600w, https:\/\/bardoleat.com\/wp-content\/uploads\/2024\/03\/356231471_741865331279262_347369157093173303_n-2-e1710068677902.webp 960w\" sizes=\"(max-width: 293px) 100vw, 293px\" \/><\/strong><\/h4><h2>Haben Sie ein Gesch\u00e4ft oder ein Restaurant? Entdecken Sie unser Oliven\u00f6l vom Gardasee!<\/h2><p class=\"\" data-start=\"279\" data-end=\"606\"><strong data-start=\"279\" data-end=\"292\">Bardoleat<\/strong> ist ein Familienunternehmen mit \u00fcber <strong data-start=\"330\" data-end=\"361\">drei Generationen Erfahrung<\/strong> in der Herstellung von hochwertigem <strong data-start=\"398\" data-end=\"438\">italienischem extra nativem Oliven\u00f6l<\/strong>. Direkt vom <strong data-start=\"451\" data-end=\"472\">sonnigen Gardasee<\/strong> liefern wir unsere Produkte <strong data-start=\"501\" data-end=\"525\">ohne Zwischenh\u00e4ndler<\/strong> \u2013 direkt vom Produzenten zu Ihnen, mit garantierter Qualit\u00e4t und fairen Preisen.<\/p><h3 class=\"\" data-start=\"608\" data-end=\"628\">Warum Bardoleat?<\/h3><ul><li data-start=\"632\" data-end=\"670\">\ud83c\uddee\ud83c\uddf9 100\u202f% italienische Herkunft<\/li><li data-start=\"673\" data-end=\"740\">\ud83e\uded2 Kaltgepresstes, extra natives Oliven\u00f6l direkt vom Erzeuger<\/li><li data-start=\"743\" data-end=\"788\">\ud83d\udce6 Zuverl\u00e4ssiger Versand in ganz Europa<\/li><li data-start=\"791\" data-end=\"878\">\ud83c\udf5d Bereits in vielen Restaurants und Feinkostl\u00e4den in Italien und Europa im Einsatz<\/li><\/ul><p class=\"\" data-start=\"880\" data-end=\"986\">Wir bringen den <strong data-start=\"896\" data-end=\"924\">Geschmack unseres Landes<\/strong> direkt in Ihre K\u00fcche \u2013 authentisch, ehrlich und unverf\u00e4lscht.<\/p><h4 style=\"font-family: Montserrat, sans-serif; font-size: 17px; font-style: normal;\"><span style=\"font-weight: bold;\"><img decoding=\"async\" class=\"size-medium wp-image-9009 alignleft\" src=\"https:\/\/bardoleat.com\/wp-content\/uploads\/2022\/05\/photo_2022-05-19_11-48-00-225x300.jpg\" alt=\"\" width=\"225\" height=\"300\" srcset=\"https:\/\/bardoleat.com\/wp-content\/uploads\/2022\/05\/photo_2022-05-19_11-48-00-225x300.jpg 225w, https:\/\/bardoleat.com\/wp-content\/uploads\/2022\/05\/photo_2022-05-19_11-48-00-768x1024.jpg 768w, https:\/\/bardoleat.com\/wp-content\/uploads\/2022\/05\/photo_2022-05-19_11-48-00-600x800.jpg 600w, https:\/\/bardoleat.com\/wp-content\/uploads\/2022\/05\/photo_2022-05-19_11-48-00.jpg 960w\" sizes=\"(max-width: 225px) 100vw, 225px\" \/><\/span><\/h4><h3 class=\"\" data-start=\"993\" data-end=\"1013\">Unser Sortiment:<\/h3><ul><li data-start=\"1017\" data-end=\"1100\">100\u202f% Italienisches extra natives Oliven\u00f6l (0,25\u202fL \u2013 0,50\u202fL \u2013 0,75\u202fL \u2013 5\u202fL)<\/li><li data-start=\"1103\" data-end=\"1142\">Bio-Oliven\u00f6l mit Zertifizierung<\/li><li data-start=\"1145\" data-end=\"1216\">Extra natives Oliven\u00f6l f\u00fcr die K\u00fcche (Preis-Leistungs-Variante)<\/li><li data-start=\"1219\" data-end=\"1286\">Aromatisiertes Oliven\u00f6l: Zitrone, Basilikum, Chili, Tr\u00fcffel<\/li><li data-start=\"1289\" data-end=\"1325\">Balsamico-Essig aus Modena IGP<\/li><\/ul><h3 class=\"\" data-start=\"1332\" data-end=\"1363\">Werden Sie Vertriebspartner<\/h3><p class=\"\" data-start=\"1365\" data-end=\"1659\">Wir suchen <strong data-start=\"1376\" data-end=\"1436\">Vertriebspartner, Wiederverk\u00e4ufer und Restaurantbesitzer<\/strong> in ganz Europa, die ihren Kunden hochwertige italienische Spezialit\u00e4ten anbieten m\u00f6chten. Wenn Sie ein <strong data-start=\"1540\" data-end=\"1620\">Feinkostladen, ein Delikatessengesch\u00e4ft, ein Restaurant oder ein Weinh\u00e4ndler<\/strong> sind, freuen wir uns auf Ihre Anfrage.<\/p><p class=\"\" data-start=\"1661\" data-end=\"1819\">\ud83d\udce9 <strong data-start=\"1664\" data-end=\"1717\">Fordern Sie jetzt kostenlos unsere Preisliste an:<\/strong><br data-start=\"1717\" data-end=\"1720\" \/><strong data-start=\"1720\" data-end=\"1730\">E-Mail<\/strong>: <a class=\"cursor-pointer\" rel=\"noopener\" data-start=\"1732\" data-end=\"1779\">info@bardoleat.com<\/a><\/p>\t\t\t\t\t\t\t\t<\/div>\n\t\t\t\t<\/div>\n\t\t\t\t\t<\/div>\n\t\t<\/div>\n\t\t\t\t\t<\/div>\n\t\t<\/section>\n\t\t\t\t<\/div>\n\t\t","protected":false},"excerpt":{"rendered":"<p>Einzelh\u00e4ndler und Restaurants Haben Sie ein Gesch\u00e4ft oder ein Restaurant? Entdecken Sie unser Oliven\u00f6l vom Gardasee! Bardoleat ist ein Familienunternehmen mit \u00fcber drei Generationen Erfahrung in der Herstellung von hochwertigem italienischem extra nativem Oliven\u00f6l. Direkt vom sonnigen Gardasee liefern wir unsere Produkte ohne Zwischenh\u00e4ndler \u2013 direkt vom Produzenten zu Ihnen, mit garantierter Qualit\u00e4t und fairen &#8230; <a title=\"EINZELH\u00c4NDLER\" class=\"read-more\" href=\"https:\/\/bardoleat.com\/de\/einzelhandler\/\" aria-label=\"Read more about EINZELH\u00c4NDLER\">Read more<\/a><\/p>\n","protected":false},"author":2,"featured_media":0,"parent":0,"menu_order":0,"comment_status":"closed","ping_status":"closed","template":"elementor_canvas","meta":{"footnotes":""},"class_list":["post-2395","page","type-page","status-publish"],"_links":{"self":[{"href":"https:\/\/bardoleat.com\/de\/wp-json\/wp\/v2\/pages\/2395","targetHints":{"allow":["GET"]}}],"collection":[{"href":"https:\/\/bardoleat.com\/de\/wp-json\/wp\/v2\/pages"}],"about":[{"href":"https:\/\/bardoleat.com\/de\/wp-json\/wp\/v2\/types\/page"}],"author":[{"embeddable":true,"href":"https:\/\/bardoleat.com\/de\/wp-json\/wp\/v2\/users\/2"}],"replies":[{"embeddable":true,"href":"https:\/\/bardoleat.com\/de\/wp-json\/wp\/v2\/comments?post=2395"}],"version-history":[{"count":6,"href":"https:\/\/bardoleat.com\/de\/wp-json\/wp\/v2\/pages\/2395\/revisions"}],"predecessor-version":[{"id":17013,"href":"https:\/\/bardoleat.com\/de\/wp-json\/wp\/v2\/pages\/2395\/revisions\/17013"}],"wp:attachment":[{"href":"https:\/\/bardoleat.com\/de\/wp-json\/wp\/v2\/media?parent=2395"}],"curies":[{"name":"wp","href":"https:\/\/api.w.org\/{rel}","templated":true}]}}