{"id":2429,"date":"2019-02-21T13:42:26","date_gmt":"2019-02-21T13:42:26","guid":{"rendered":"https:\/\/bardoleat.com\/?page_id=2429"},"modified":"2025-12-19T19:11:19","modified_gmt":"2025-12-19T17:11:19","slug":"zahlungsbedingungen","status":"publish","type":"page","link":"https:\/\/bardoleat.com\/de\/zahlungsbedingungen\/","title":{"rendered":"ZAHLUNGSBEDINGUNGEN"},"content":{"rendered":"\t\t<div data-elementor-type=\"wp-page\" data-elementor-id=\"2429\" class=\"elementor elementor-2429 elementor-2428\" data-elementor-post-type=\"page\">\n\t\t\t\t\t\t<section class=\"elementor-section elementor-top-section elementor-element elementor-element-46092be elementor-section-boxed elementor-section-height-default elementor-section-height-default\" data-id=\"46092be\" data-element_type=\"section\" data-e-type=\"section\">\n\t\t\t\t\t\t<div class=\"elementor-container elementor-column-gap-default\">\n\t\t\t\t\t<div class=\"elementor-column elementor-col-100 elementor-top-column elementor-element elementor-element-0836e30\" data-id=\"0836e30\" data-element_type=\"column\" data-e-type=\"column\">\n\t\t\t<div class=\"elementor-widget-wrap elementor-element-populated\">\n\t\t\t\t\t\t<div class=\"elementor-element elementor-element-de3cd72 elementor-widget elementor-widget-heading\" data-id=\"de3cd72\" data-element_type=\"widget\" data-e-type=\"widget\" data-widget_type=\"heading.default\">\n\t\t\t\t<div class=\"elementor-widget-container\">\n\t\t\t\t\t<h1 class=\"elementor-heading-title elementor-size-default\">ZAHLUNGSBEDINGUNGEN<\/h1>\t\t\t\t<\/div>\n\t\t\t\t<\/div>\n\t\t\t\t<div class=\"elementor-element elementor-element-cf3922a elementor-widget elementor-widget-text-editor\" data-id=\"cf3922a\" data-element_type=\"widget\" data-e-type=\"widget\" data-widget_type=\"text-editor.default\">\n\t\t\t\t<div class=\"elementor-widget-container\">\n\t\t\t\t\t\t\t\t\t<p><strong>ZAHLUNGSBEDINGUNGEN<\/strong><br \/>Alle Bestellungen gelten unsere Annahme durch eine Auftragsbest\u00e4tigung und wir behalten uns das Recht vor, einen Auftrag zu bewerben.<\/p><p><strong>Preise<br \/><\/strong>Die im elektronischen Katalog des Bardoleat sas angegebenen Preise k\u00f6nnen sich von Tag zu Tag \u00e4ndern. Eventuelle \u00c4nderungen h\u00e4ngen von der Marktlage oder von W\u00e4hrungsschwankungen ab.<\/p><p><strong>Besch\u00e4digte Pakete<\/strong><br \/>Offensichtlich besch\u00e4digte Pakete lehnen Sie immer ab oder nehmen sie unter Vorbehalt an, indem Sie den Spediteur dar\u00fcber informieren. Es liegt in der Verantwortung des Kunden, die Ware zu \u00fcberpr\u00fcfen.\u00a0Wir werden sie kostenlos zur\u00fccksenden.<\/p><p><strong>EINZELH\u00c4NDLER<\/strong><br \/>Referenzseite f\u00fcr Einzelh\u00e4ndler: Einzelh\u00e4ndler<\/p><p style=\"caret-color: #000000; color: #000000;\" data-start=\"386\" data-end=\"432\"><strong data-start=\"386\" data-end=\"432\">Stornierung vor dem Versand<\/strong><\/p><p style=\"caret-color: #000000; color: #000000;\" data-start=\"434\" data-end=\"724\">Wenn Sie eine Bestellung stornieren m\u00f6chten, bevor sie an den Kurier \u00fcbergeben wird, k\u00f6nnen Sie eine R\u00fcckerstattung beantragen, indem Sie unseren Kundenservice kontaktieren. Die R\u00fcckerstattung erfolgt nach unserem Ermessen und abz\u00fcglich der Zahlungsgeb\u00fchren, mit einem Mindestabzug von 5 \u20ac.<\/p><p><strong>Informationen gem. it. Gesetzverordnung Nr. 206\/05<\/strong><\/p><p><strong>VERTRAGSR\u00dcCKTRITT<\/strong><br \/>Der K\u00e4ufer hat das Recht, ohne Angabe von Gr\u00fcnden und ohne strafrechtliche Konsequenzen, innerhalb von 14 Tagen ab dem Auslieferungstag der Ware, vom Vertrag zur\u00fcckzutreten. Unter Auslieferung ist der Zeitpunkt zu verstehen, an dem der K\u00e4ufer oder eine dritte, nicht der Frachtf\u00fchrer, vom K\u00e4ufer benannte Person, die Ware physisch in Empfang nimmt. Nach Ablauf dieser Frist ist das Widerrufsrecht wirkungslos. Um sein Widerrufsrecht aus\u00fcben zu k\u00f6nnen, muss der K\u00e4ufer uns (Bardoleat sas di Erbifori Luca e C., Via Toscanini 1 &#8211; 37011 Bardolino (VR) &#8211; Italy) \u00fcber seine Entscheidung zum Vertragsr\u00fccktritt in einer ausdr\u00fccklichen Erkl\u00e4rung informieren (z. B. schriftlich per Post, Fax oder E-Mail). Er kann dazu das anliegende Formular benutzen; dies ist jedoch nicht zwingend. Zur Einhaltung des Widerrufsrechtes gen\u00fcgt es, dass der K\u00e4ufer uns seine diesbzgl. Entscheidung vor Ablauf der Frist mitteilt.<\/p>\t\t\t\t\t\t\t\t<\/div>\n\t\t\t\t<\/div>\n\t\t\t\t<div class=\"elementor-element elementor-element-5b61287 elementor-widget elementor-widget-text-editor\" data-id=\"5b61287\" data-element_type=\"widget\" data-e-type=\"widget\" data-widget_type=\"text-editor.default\">\n\t\t\t\t<div class=\"elementor-widget-container\">\n\t\t\t\t\t\t\t\t\t<p><strong>AUSWIRKUNGEN DES WIDERRUFS<\/strong><\/p>\n<p>Wenn der K\u00e4ufer den Vertrag widerruft, werden ihm alle bereits an uns geleisteten Zahlungen, einschlie\u00dflich der Versandkosten (ausgenommen, eventuelle Zusatzkosten, die sich aus einer anderen als der Standardlieferart ergeben haben) unverz\u00fcglich erstattet, auf jeden Fall innerhalb von 14 Tagen, nach dem der K\u00e4ufer uns seinen Widerruf mitgeteilt hat. Die Erstattung der Kosten erfolgt auf die gleiche Weise, wie die urspr\u00fcngliche Bezahlung, sofern vom Kunden nicht ausdr\u00fccklich eine andere R\u00fcckerstattungsweise benannt wurde; in keinem Fall entstehen dadurch Kosten f\u00fcr den K\u00e4ufer. (Die R\u00fcckerstattung kann bis zum Erhalt der Ware oder dem Nachweis durch den K\u00e4ufer, dass er die Ware zur\u00fcckgesandt hat, in der Schwebe gehalten werden.) Der K\u00e4ufer wird gebeten, wann immer er von seinem Widerrufsrecht Gebrauch macht, die Ware in der urspr\u00fcnglichen oder einer gleichwertigen Verpackung an die Bardoleat sas di Erbifori Luca e C., Via Toscanini 1 &#8211; 37011 Bardolino (VR) &#8211; Italy) unverz\u00fcglich zur\u00fcckzusenden; auf jeden Fall jedoch innerhalb von 14 Tagen, ab dem Tag, an dem er uns seinen Widerruf vom Kaufvertrag mitgeteilt hat. Die Frist ist eingehalten, wenn der K\u00e4ufer die Ware vor Ablauf von 14 Tagen zur\u00fcckschickt. Die Versandkosten gehen zu Lasten des K\u00e4ufers. Der K\u00e4ufer ist verantwortlich f\u00fcr eine Wertminderung der Ware, da sie in einer Weise manipuliert wurde, die nicht in \u00dcbereinstimmung steht mit der f\u00fcr ihre Natur, Beschaffenheit und Funktionalit\u00e4t notwendige Handhabung.<\/p>\n<p><strong>Ausnahmen<\/strong><br \/>\nDas R\u00fcckgaberecht gilt ausschlie\u00dflich f\u00fcr Einzelpersonen, die die bestellte Ware f\u00fcr keine kommerziellen Zwecke nutzen, d.h. Wiederverk\u00e4ufer oder Unternehmen sind von diesem Recht ausgeschlossen. Das Widerrufsrecht wird nur an Produkte vergeben, die auf den Markt gebracht zur\u00fcck ohne Gef\u00e4hrdung der Gesundheit der Verbraucher werden kann. Genau aus diesem Grund ist es nicht m\u00f6glich, Lebensmittel und kosmetische Mittel zur\u00fcckzukehren, von denen es nicht m\u00f6glich ist, um eine angemessene Erhaltung zu gew\u00e4hrleisten.<\/p>\n\t\t\t\t\t\t\t\t<\/div>\n\t\t\t\t<\/div>\n\t\t\t\t\t<\/div>\n\t\t<\/div>\n\t\t\t\t\t<\/div>\n\t\t<\/section>\n\t\t\t\t<\/div>\n\t\t","protected":false},"excerpt":{"rendered":"<p>ZAHLUNGSBEDINGUNGEN ZAHLUNGSBEDINGUNGENAlle Bestellungen gelten unsere Annahme durch eine Auftragsbest\u00e4tigung und wir behalten uns das Recht vor, einen Auftrag zu bewerben. PreiseDie im elektronischen Katalog des Bardoleat sas angegebenen Preise k\u00f6nnen sich von Tag zu Tag \u00e4ndern. Eventuelle \u00c4nderungen h\u00e4ngen von der Marktlage oder von W\u00e4hrungsschwankungen ab. Besch\u00e4digte PaketeOffensichtlich besch\u00e4digte Pakete lehnen Sie immer ab oder &#8230; <a title=\"ZAHLUNGSBEDINGUNGEN\" class=\"read-more\" href=\"https:\/\/bardoleat.com\/de\/zahlungsbedingungen\/\" aria-label=\"Read more about ZAHLUNGSBEDINGUNGEN\">Read more<\/a><\/p>\n","protected":false},"author":2,"featured_media":0,"parent":0,"menu_order":0,"comment_status":"closed","ping_status":"closed","template":"elementor_canvas","meta":{"footnotes":""},"class_list":["post-2429","page","type-page","status-publish"],"_links":{"self":[{"href":"https:\/\/bardoleat.com\/de\/wp-json\/wp\/v2\/pages\/2429","targetHints":{"allow":["GET"]}}],"collection":[{"href":"https:\/\/bardoleat.com\/de\/wp-json\/wp\/v2\/pages"}],"about":[{"href":"https:\/\/bardoleat.com\/de\/wp-json\/wp\/v2\/types\/page"}],"author":[{"embeddable":true,"href":"https:\/\/bardoleat.com\/de\/wp-json\/wp\/v2\/users\/2"}],"replies":[{"embeddable":true,"href":"https:\/\/bardoleat.com\/de\/wp-json\/wp\/v2\/comments?post=2429"}],"version-history":[{"count":9,"href":"https:\/\/bardoleat.com\/de\/wp-json\/wp\/v2\/pages\/2429\/revisions"}],"predecessor-version":[{"id":18347,"href":"https:\/\/bardoleat.com\/de\/wp-json\/wp\/v2\/pages\/2429\/revisions\/18347"}],"wp:attachment":[{"href":"https:\/\/bardoleat.com\/de\/wp-json\/wp\/v2\/media?parent=2429"}],"curies":[{"name":"wp","href":"https:\/\/api.w.org\/{rel}","templated":true}]}}