{"id":8515,"date":"2022-04-06T17:25:16","date_gmt":"2022-04-06T15:25:16","guid":{"rendered":"https:\/\/bardoleat.com\/stores-2\/"},"modified":"2024-10-29T19:51:41","modified_gmt":"2024-10-29T17:51:41","slug":"stores-2","status":"publish","type":"page","link":"https:\/\/bardoleat.com\/de\/stores-2\/","title":{"rendered":"STORES"},"content":{"rendered":"\t\t<div data-elementor-type=\"wp-page\" data-elementor-id=\"8515\" class=\"elementor elementor-8515 elementor-8461\" data-elementor-post-type=\"page\">\n\t\t\t\t\t\t<section class=\"elementor-section elementor-top-section elementor-element elementor-element-208205a4 elementor-section-boxed elementor-section-height-default elementor-section-height-default\" data-id=\"208205a4\" data-element_type=\"section\" data-e-type=\"section\">\n\t\t\t\t\t\t<div class=\"elementor-container elementor-column-gap-default\">\n\t\t\t\t\t<div class=\"elementor-column elementor-col-100 elementor-top-column elementor-element elementor-element-5af920af\" data-id=\"5af920af\" data-element_type=\"column\" data-e-type=\"column\">\n\t\t\t<div class=\"elementor-widget-wrap elementor-element-populated\">\n\t\t\t\t\t\t<div class=\"elementor-element elementor-element-705d8fad elementor-widget elementor-widget-text-editor\" data-id=\"705d8fad\" data-element_type=\"widget\" data-e-type=\"widget\" data-widget_type=\"text-editor.default\">\n\t\t\t\t<div class=\"elementor-widget-container\">\n\t\t\t\t\t\t\t\t\t<p>Willkommen in unseren Boutiquen. Willkommen zu Hause.<\/p>\n<p>2017 haben wir ein Ladengesch\u00e4ft er\u00f6ffnet, um Ihnen die M\u00f6glichkeit zu geben, unsere magische Welt zu betreten. In unserer Boutique <strong>k\u00f6nnen Sie unsere Produkte verkosten<\/strong> und die faszinierende Geschichte hinter jeder Flasche entdecken.&nbsp;Sie finden uns im historischen Zentrum von Bardolino am Gardasee.<\/p>\n<p>Sie finden hier das <strong>kaltgepresste native Oliven\u00f6l extra unserer Familie<\/strong>, den Balsamico-Essig aus Modena g.g.A., hunderte von Weinen und Produkte der italienischen Gastronomie.<\/p>\n<p>Unser Personal ist immer bereit, Ihnen zu helfen und Sie zu beraten und Ihnen zu erkl\u00e4ren, wie Sie Ihre Gerichte am besten begleiten k\u00f6nnen!<\/p>\n<p>Siehe unsere \u00d6ffnungszeiten:&nbsp;<a href=\"https:\/\/maps.app.goo.gl\/XBo62Rsoo6hpBUHr5\" target=\"_blank\" rel=\"noopener\">hier klicken<\/a><br><\/p>\n<p>\ud83d\ude9a Vergessen Sie nicht unse ren<strong> kostenlosen Lieferservice<\/strong> f\u00fcr Hotels und Campingpl\u00e4tze in Bardolino, Lazise, Cavaion und Garda.<\/p>\n<p>\ud83e\uded2 Wussten Sie, dass unser natives Oliven\u00f6l extra in Bardolino abgef\u00fcllt wird?&nbsp;Entdecken Sie <a href=\"https:\/\/bardoleat.com\/de\/uber-uns\/\">unsere Geschichte hier<\/a>.<\/p>\t\t\t\t\t\t\t\t<\/div>\n\t\t\t\t<\/div>\n\t\t\t\t\t<\/div>\n\t\t<\/div>\n\t\t\t\t\t<\/div>\n\t\t<\/section>\n\t\t\t\t<section class=\"elementor-section elementor-top-section elementor-element elementor-element-0f147ad elementor-section-boxed elementor-section-height-default elementor-section-height-default\" data-id=\"0f147ad\" data-element_type=\"section\" data-e-type=\"section\">\n\t\t\t\t\t\t<div class=\"elementor-container elementor-column-gap-default\">\n\t\t\t\t\t<div class=\"elementor-column elementor-col-100 elementor-top-column elementor-element elementor-element-3d5f03a\" data-id=\"3d5f03a\" data-element_type=\"column\" data-e-type=\"column\">\n\t\t\t<div class=\"elementor-widget-wrap elementor-element-populated\">\n\t\t\t\t\t\t<div class=\"elementor-element elementor-element-5162e7d elementor-widget elementor-widget-heading\" data-id=\"5162e7d\" data-element_type=\"widget\" data-e-type=\"widget\" data-widget_type=\"heading.default\">\n\t\t\t\t<div class=\"elementor-widget-container\">\n\t\t\t\t\t<h2 class=\"elementor-heading-title elementor-size-default\">\ud83d\udccdBARDOLINO -Borgo G. Garibaldi, 29<\/h2>\t\t\t\t<\/div>\n\t\t\t\t<\/div>\n\t\t\t\t\t<\/div>\n\t\t<\/div>\n\t\t\t\t\t<\/div>\n\t\t<\/section>\n\t\t\t\t<section class=\"elementor-section elementor-top-section elementor-element elementor-element-8b2089d elementor-section-boxed elementor-section-height-default elementor-section-height-default\" data-id=\"8b2089d\" data-element_type=\"section\" data-e-type=\"section\">\n\t\t\t\t\t\t<div class=\"elementor-container elementor-column-gap-default\">\n\t\t\t\t\t<div class=\"elementor-column elementor-col-100 elementor-top-column elementor-element elementor-element-b54e48e\" data-id=\"b54e48e\" data-element_type=\"column\" data-e-type=\"column\">\n\t\t\t<div class=\"elementor-widget-wrap elementor-element-populated\">\n\t\t\t\t\t\t<div class=\"elementor-element elementor-element-308f27d elementor-widget elementor-widget-text-editor\" data-id=\"308f27d\" data-element_type=\"widget\" data-e-type=\"widget\" data-widget_type=\"text-editor.default\">\n\t\t\t\t<div class=\"elementor-widget-container\">\n\t\t\t\t\t\t\t\t\t<p>In Borgo Garibaldi, auf dem strategischen Weg zwischen dem gro\u00dfen &#8220;Prandini&#8221;-Parkplatz und dem historischen Zentrum von Bardolino, finden Sie unser erstes Gesch\u00e4ft, das 2017 er\u00f6ffnet wurde. Der am besten sortierte Laden f\u00fcr natives Oliven\u00f6l extra \u00fcberhaupt!<\/p>\t\t\t\t\t\t\t\t<\/div>\n\t\t\t\t<\/div>\n\t\t\t\t<div class=\"elementor-element elementor-element-0eae9ba elementor-widget elementor-widget-image-gallery\" data-id=\"0eae9ba\" data-element_type=\"widget\" data-e-type=\"widget\" data-widget_type=\"image-gallery.default\">\n\t\t\t\t<div class=\"elementor-widget-container\">\n\t\t\t\t\t\t\t<div class=\"elementor-image-gallery\">\n\t\t\t<div id='gallery-1' class='gallery galleryid-8515 gallery-columns-3 gallery-size-medium'><figure class='gallery-item'>\n\t\t\t<div class='gallery-icon portrait'>\n\t\t\t\t<a data-elementor-open-lightbox=\"yes\" data-elementor-lightbox-slideshow=\"0eae9ba\" data-elementor-lightbox-title=\"DSC02193-min.webp\" data-e-action-hash=\"#elementor-action%3Aaction%3Dlightbox%26settings%3DeyJpZCI6MTQyMzQsInVybCI6Imh0dHBzOlwvXC9iYXJkb2xlYXQuY29tXC93cC1jb250ZW50XC91cGxvYWRzXC8yMDI0XC8wNlwvRFNDMDIxOTMtbWluLTEud2VicCIsInNsaWRlc2hvdyI6IjBlYWU5YmEifQ%3D%3D\" href=\"https:\/\/bardoleat.com\/wp-content\/uploads\/2024\/06\/DSC02193-min-1.webp\"><img fetchpriority=\"high\" decoding=\"async\" width=\"200\" height=\"300\" src=\"https:\/\/bardoleat.com\/wp-content\/uploads\/2024\/06\/DSC02193-min-1-200x300.webp\" class=\"attachment-medium size-medium\" alt=\"\" srcset=\"https:\/\/bardoleat.com\/wp-content\/uploads\/2024\/06\/DSC02193-min-1-200x300.webp 200w, https:\/\/bardoleat.com\/wp-content\/uploads\/2024\/06\/DSC02193-min-1-683x1024.webp 683w, https:\/\/bardoleat.com\/wp-content\/uploads\/2024\/06\/DSC02193-min-1-768x1152.webp 768w, https:\/\/bardoleat.com\/wp-content\/uploads\/2024\/06\/DSC02193-min-1-600x900.webp 600w, https:\/\/bardoleat.com\/wp-content\/uploads\/2024\/06\/DSC02193-min-1.webp 1000w\" sizes=\"(max-width: 200px) 100vw, 200px\" \/><\/a>\n\t\t\t<\/div><\/figure><figure class='gallery-item'>\n\t\t\t<div class='gallery-icon portrait'>\n\t\t\t\t<a data-elementor-open-lightbox=\"yes\" data-elementor-lightbox-slideshow=\"0eae9ba\" data-elementor-lightbox-title=\"DSC02163-min.webp\" data-e-action-hash=\"#elementor-action%3Aaction%3Dlightbox%26settings%3DeyJpZCI6MTQyMzcsInVybCI6Imh0dHBzOlwvXC9iYXJkb2xlYXQuY29tXC93cC1jb250ZW50XC91cGxvYWRzXC8yMDI0XC8wNlwvRFNDMDIxNjMtbWluLTEud2VicCIsInNsaWRlc2hvdyI6IjBlYWU5YmEifQ%3D%3D\" href=\"https:\/\/bardoleat.com\/wp-content\/uploads\/2024\/06\/DSC02163-min-1.webp\"><img decoding=\"async\" width=\"200\" height=\"300\" src=\"https:\/\/bardoleat.com\/wp-content\/uploads\/2024\/06\/DSC02163-min-1-200x300.webp\" class=\"attachment-medium size-medium\" alt=\"\" srcset=\"https:\/\/bardoleat.com\/wp-content\/uploads\/2024\/06\/DSC02163-min-1-200x300.webp 200w, https:\/\/bardoleat.com\/wp-content\/uploads\/2024\/06\/DSC02163-min-1-683x1024.webp 683w, https:\/\/bardoleat.com\/wp-content\/uploads\/2024\/06\/DSC02163-min-1-768x1152.webp 768w, https:\/\/bardoleat.com\/wp-content\/uploads\/2024\/06\/DSC02163-min-1-600x900.webp 600w, https:\/\/bardoleat.com\/wp-content\/uploads\/2024\/06\/DSC02163-min-1.webp 1000w\" sizes=\"(max-width: 200px) 100vw, 200px\" \/><\/a>\n\t\t\t<\/div><\/figure><figure class='gallery-item'>\n\t\t\t<div class='gallery-icon portrait'>\n\t\t\t\t<a data-elementor-open-lightbox=\"yes\" data-elementor-lightbox-slideshow=\"0eae9ba\" data-elementor-lightbox-title=\"DSC02114-2-min.webp\" data-e-action-hash=\"#elementor-action%3Aaction%3Dlightbox%26settings%3DeyJpZCI6MTQyNDAsInVybCI6Imh0dHBzOlwvXC9iYXJkb2xlYXQuY29tXC93cC1jb250ZW50XC91cGxvYWRzXC8yMDI0XC8wNlwvRFNDMDIxMTQtMi1taW4tMS53ZWJwIiwic2xpZGVzaG93IjoiMGVhZTliYSJ9\" href=\"https:\/\/bardoleat.com\/wp-content\/uploads\/2024\/06\/DSC02114-2-min-1.webp\"><img decoding=\"async\" width=\"200\" height=\"300\" src=\"https:\/\/bardoleat.com\/wp-content\/uploads\/2024\/06\/DSC02114-2-min-1-200x300.webp\" class=\"attachment-medium size-medium\" alt=\"\" srcset=\"https:\/\/bardoleat.com\/wp-content\/uploads\/2024\/06\/DSC02114-2-min-1-200x300.webp 200w, https:\/\/bardoleat.com\/wp-content\/uploads\/2024\/06\/DSC02114-2-min-1-683x1024.webp 683w, https:\/\/bardoleat.com\/wp-content\/uploads\/2024\/06\/DSC02114-2-min-1-768x1152.webp 768w, https:\/\/bardoleat.com\/wp-content\/uploads\/2024\/06\/DSC02114-2-min-1-600x900.webp 600w, https:\/\/bardoleat.com\/wp-content\/uploads\/2024\/06\/DSC02114-2-min-1.webp 985w\" sizes=\"(max-width: 200px) 100vw, 200px\" \/><\/a>\n\t\t\t<\/div><\/figure><figure class='gallery-item'>\n\t\t\t<div class='gallery-icon landscape'>\n\t\t\t\t<a data-elementor-open-lightbox=\"yes\" data-elementor-lightbox-slideshow=\"0eae9ba\" data-elementor-lightbox-title=\"DSC02149-min.webp\" data-e-action-hash=\"#elementor-action%3Aaction%3Dlightbox%26settings%3DeyJpZCI6MTQyNDMsInVybCI6Imh0dHBzOlwvXC9iYXJkb2xlYXQuY29tXC93cC1jb250ZW50XC91cGxvYWRzXC8yMDI0XC8wNlwvRFNDMDIxNDktbWluLTEud2VicCIsInNsaWRlc2hvdyI6IjBlYWU5YmEifQ%3D%3D\" href=\"https:\/\/bardoleat.com\/wp-content\/uploads\/2024\/06\/DSC02149-min-1.webp\"><img loading=\"lazy\" decoding=\"async\" width=\"300\" height=\"200\" src=\"https:\/\/bardoleat.com\/wp-content\/uploads\/2024\/06\/DSC02149-min-1-300x200.webp\" class=\"attachment-medium size-medium\" alt=\"\" srcset=\"https:\/\/bardoleat.com\/wp-content\/uploads\/2024\/06\/DSC02149-min-1-300x200.webp 300w, https:\/\/bardoleat.com\/wp-content\/uploads\/2024\/06\/DSC02149-min-1-1024x683.webp 1024w, https:\/\/bardoleat.com\/wp-content\/uploads\/2024\/06\/DSC02149-min-1-768x512.webp 768w, https:\/\/bardoleat.com\/wp-content\/uploads\/2024\/06\/DSC02149-min-1-600x400.webp 600w, https:\/\/bardoleat.com\/wp-content\/uploads\/2024\/06\/DSC02149-min-1.webp 1500w\" sizes=\"(max-width: 300px) 100vw, 300px\" \/><\/a>\n\t\t\t<\/div><\/figure><figure class='gallery-item'>\n\t\t\t<div class='gallery-icon landscape'>\n\t\t\t\t<a data-elementor-open-lightbox=\"yes\" data-elementor-lightbox-slideshow=\"0eae9ba\" data-elementor-lightbox-title=\"DSC02135-min.webp\" data-e-action-hash=\"#elementor-action%3Aaction%3Dlightbox%26settings%3DeyJpZCI6MTQyNDYsInVybCI6Imh0dHBzOlwvXC9iYXJkb2xlYXQuY29tXC93cC1jb250ZW50XC91cGxvYWRzXC8yMDI0XC8wNlwvRFNDMDIxMzUtbWluLTEud2VicCIsInNsaWRlc2hvdyI6IjBlYWU5YmEifQ%3D%3D\" href=\"https:\/\/bardoleat.com\/wp-content\/uploads\/2024\/06\/DSC02135-min-1.webp\"><img loading=\"lazy\" decoding=\"async\" width=\"300\" height=\"200\" src=\"https:\/\/bardoleat.com\/wp-content\/uploads\/2024\/06\/DSC02135-min-1-300x200.webp\" class=\"attachment-medium size-medium\" alt=\"\" srcset=\"https:\/\/bardoleat.com\/wp-content\/uploads\/2024\/06\/DSC02135-min-1-300x200.webp 300w, https:\/\/bardoleat.com\/wp-content\/uploads\/2024\/06\/DSC02135-min-1-768x512.webp 768w, https:\/\/bardoleat.com\/wp-content\/uploads\/2024\/06\/DSC02135-min-1-600x400.webp 600w, https:\/\/bardoleat.com\/wp-content\/uploads\/2024\/06\/DSC02135-min-1.webp 1000w\" sizes=\"(max-width: 300px) 100vw, 300px\" \/><\/a>\n\t\t\t<\/div><\/figure><figure class='gallery-item'>\n\t\t\t<div class='gallery-icon landscape'>\n\t\t\t\t<a data-elementor-open-lightbox=\"yes\" data-elementor-lightbox-slideshow=\"0eae9ba\" data-elementor-lightbox-title=\"DSC02162-min.webp\" data-e-action-hash=\"#elementor-action%3Aaction%3Dlightbox%26settings%3DeyJpZCI6MTQyNDksInVybCI6Imh0dHBzOlwvXC9iYXJkb2xlYXQuY29tXC93cC1jb250ZW50XC91cGxvYWRzXC8yMDI0XC8wNlwvRFNDMDIxNjItbWluLTEud2VicCIsInNsaWRlc2hvdyI6IjBlYWU5YmEifQ%3D%3D\" href=\"https:\/\/bardoleat.com\/wp-content\/uploads\/2024\/06\/DSC02162-min-1.webp\"><img loading=\"lazy\" decoding=\"async\" width=\"300\" height=\"200\" src=\"https:\/\/bardoleat.com\/wp-content\/uploads\/2024\/06\/DSC02162-min-1-300x200.webp\" class=\"attachment-medium size-medium\" alt=\"\" srcset=\"https:\/\/bardoleat.com\/wp-content\/uploads\/2024\/06\/DSC02162-min-1-300x200.webp 300w, https:\/\/bardoleat.com\/wp-content\/uploads\/2024\/06\/DSC02162-min-1-768x512.webp 768w, https:\/\/bardoleat.com\/wp-content\/uploads\/2024\/06\/DSC02162-min-1-600x400.webp 600w, https:\/\/bardoleat.com\/wp-content\/uploads\/2024\/06\/DSC02162-min-1.webp 1000w\" sizes=\"(max-width: 300px) 100vw, 300px\" \/><\/a>\n\t\t\t<\/div><\/figure>\n\t\t<\/div>\n\t\t<\/div>\n\t\t\t\t\t\t<\/div>\n\t\t\t\t<\/div>\n\t\t\t\t<div class=\"elementor-element elementor-element-d7b5d35 elementor-widget elementor-widget-heading\" data-id=\"d7b5d35\" data-element_type=\"widget\" data-e-type=\"widget\" data-widget_type=\"heading.default\">\n\t\t\t\t<div class=\"elementor-widget-container\">\n\t\t\t\t\t<h2 class=\"elementor-heading-title elementor-size-default\">\ud83d\udccdRIVOLI VERONESE -Via Sabbioni, 5<\/h2>\t\t\t\t<\/div>\n\t\t\t\t<\/div>\n\t\t\t\t<div class=\"elementor-element elementor-element-704b227 elementor-widget elementor-widget-text-editor\" data-id=\"704b227\" data-element_type=\"widget\" data-e-type=\"widget\" data-widget_type=\"text-editor.default\">\n\t\t\t\t<div class=\"elementor-widget-container\">\n\t\t\t\t\t\t\t\t\t<p>Wir haben unser Lager nach Rivoli Veronese, 9 km von Bardolino entfernt, verlegt. Von hier aus gehen alle Pakete f\u00fcr unseren Online-Shop ab und es ist m\u00f6glich, nach Absprache Produkte f\u00fcr Einzelh\u00e4ndler und Restaurants abzuholen.<\/p>\t\t\t\t\t\t\t\t<\/div>\n\t\t\t\t<\/div>\n\t\t\t\t\t<\/div>\n\t\t<\/div>\n\t\t\t\t\t<\/div>\n\t\t<\/section>\n\t\t\t\t<section class=\"elementor-section elementor-top-section elementor-element elementor-element-82c8bf7 elementor-section-boxed elementor-section-height-default elementor-section-height-default\" data-id=\"82c8bf7\" data-element_type=\"section\" data-e-type=\"section\">\n\t\t\t\t\t\t<div class=\"elementor-container elementor-column-gap-default\">\n\t\t\t\t\t<div class=\"elementor-column elementor-col-100 elementor-top-column elementor-element elementor-element-df1b9ac\" data-id=\"df1b9ac\" data-element_type=\"column\" data-e-type=\"column\">\n\t\t\t<div class=\"elementor-widget-wrap elementor-element-populated\">\n\t\t\t\t\t\t<div class=\"elementor-element elementor-element-9ad1644 elementor-widget elementor-widget-google_maps\" data-id=\"9ad1644\" data-element_type=\"widget\" data-e-type=\"widget\" data-widget_type=\"google_maps.default\">\n\t\t\t\t<div class=\"elementor-widget-container\">\n\t\t\t\t\t\t\t<div class=\"elementor-custom-embed\">\n\t\t\t<iframe loading=\"lazy\"\n\t\t\t\t\tsrc=\"https:\/\/maps.google.com\/maps?q=Bardoleat&#038;t=m&#038;z=16&#038;output=embed&#038;iwloc=near\"\n\t\t\t\t\ttitle=\"Bardoleat\"\n\t\t\t\t\taria-label=\"Bardoleat\"\n\t\t\t><\/iframe>\n\t\t<\/div>\n\t\t\t\t\t\t<\/div>\n\t\t\t\t<\/div>\n\t\t\t\t\t<\/div>\n\t\t<\/div>\n\t\t\t\t\t<\/div>\n\t\t<\/section>\n\t\t\t\t<\/div>\n\t\t","protected":false},"excerpt":{"rendered":"<p>Willkommen in unseren Boutiquen. Willkommen zu Hause. 2017 haben wir ein Ladengesch\u00e4ft er\u00f6ffnet, um Ihnen die M\u00f6glichkeit zu geben, unsere magische Welt zu betreten. In unserer Boutique k\u00f6nnen Sie unsere Produkte verkosten und die faszinierende Geschichte hinter jeder Flasche entdecken.&nbsp;Sie finden uns im historischen Zentrum von Bardolino am Gardasee. Sie finden hier das kaltgepresste native &#8230; <a title=\"STORES\" class=\"read-more\" href=\"https:\/\/bardoleat.com\/de\/stores-2\/\" aria-label=\"Read more about STORES\">Read more<\/a><\/p>\n","protected":false},"author":2,"featured_media":0,"parent":0,"menu_order":0,"comment_status":"closed","ping_status":"closed","template":"","meta":{"footnotes":""},"class_list":["post-8515","page","type-page","status-publish"],"_links":{"self":[{"href":"https:\/\/bardoleat.com\/de\/wp-json\/wp\/v2\/pages\/8515","targetHints":{"allow":["GET"]}}],"collection":[{"href":"https:\/\/bardoleat.com\/de\/wp-json\/wp\/v2\/pages"}],"about":[{"href":"https:\/\/bardoleat.com\/de\/wp-json\/wp\/v2\/types\/page"}],"author":[{"embeddable":true,"href":"https:\/\/bardoleat.com\/de\/wp-json\/wp\/v2\/users\/2"}],"replies":[{"embeddable":true,"href":"https:\/\/bardoleat.com\/de\/wp-json\/wp\/v2\/comments?post=8515"}],"version-history":[{"count":3,"href":"https:\/\/bardoleat.com\/de\/wp-json\/wp\/v2\/pages\/8515\/revisions"}],"predecessor-version":[{"id":15696,"href":"https:\/\/bardoleat.com\/de\/wp-json\/wp\/v2\/pages\/8515\/revisions\/15696"}],"wp:attachment":[{"href":"https:\/\/bardoleat.com\/de\/wp-json\/wp\/v2\/media?parent=8515"}],"curies":[{"name":"wp","href":"https:\/\/api.w.org\/{rel}","templated":true}]}}