{"id":10516,"date":"2023-01-30T20:24:41","date_gmt":"2023-01-30T18:24:41","guid":{"rendered":"https:\/\/bardoleat.com\/?post_type=product&#038;p=10516"},"modified":"2026-01-29T16:35:03","modified_gmt":"2026-01-29T14:35:03","slug":"6-x-extra-vergine-olivenol-la-baceda-1l","status":"publish","type":"product","link":"https:\/\/bardoleat.com\/de\/prodotto\/6-x-extra-vergine-olivenol-la-baceda-1l\/","title":{"rendered":"6 x Natives Oliven\u00f6l Extra &#8220;La Baceda&#8221; 1L"},"content":{"rendered":"<p>Perfekt zur rohen Verwendung bei Salaten und Vorspeisen, aber ebenso perfekt f\u00fcr Fleisch und besonders zum Braten.<\/p>\n<p>Prodotto dell&#8217;Ue.<\/p>\n","protected":false},"excerpt":{"rendered":"<p class=\"\" data-start=\"581\" data-end=\"626\"><strong data-start=\"581\" data-end=\"592\">Inhalt:<\/strong> 6 Flaschen \u00e0 1 L \u2013 Aktionspreis<\/p>\n<p class=\"\" data-start=\"628\" data-end=\"651\"><strong data-start=\"628\" data-end=\"649\">FRUCHTIGES EVO-\u00d6L<\/strong><\/p>\n<p class=\"\" data-start=\"653\" data-end=\"991\">Die alte Ma\u00dfeinheit f\u00fcr \u00d6l, <strong data-start=\"681\" data-end=\"695\">die Baceda<\/strong>, verleiht diesem <strong data-start=\"713\" data-end=\"739\">Nativem Oliven\u00f6l Extra<\/strong> seinen Namen. Es wird nach den traditionellen Methoden der Oliven\u00f6lkultur gewonnen. Die Oliven werden streng kaltgepresst, um diesem \u00d6l einen <strong data-start=\"882\" data-end=\"920\">harmonischen, fruchtigen Geschmack<\/strong> mit <strong data-start=\"925\" data-end=\"944\">krautigen Noten<\/strong> und einer <strong data-start=\"955\" data-end=\"975\">leichten Sch\u00e4rfe<\/strong> zu verleihen.<\/p>\n<p class=\"\" data-start=\"993\" data-end=\"1071\">\u2714 Kaltgepresst<br data-start=\"1007\" data-end=\"1010\" \/>\u2714 Typische mediterrane Olivenhaine<br data-start=\"1044\" data-end=\"1047\" \/>\u2714 Garantierte Qualit\u00e4t<\/p>\n","protected":false},"featured_media":10543,"comment_status":"open","ping_status":"closed","template":"","meta":[],"product_brand":[],"product_cat":[58],"product_tag":[77,78,76],"class_list":{"0":"post-10516","1":"product","2":"type-product","3":"status-publish","4":"has-post-thumbnail","6":"product_cat-olivenol","7":"product_tag-la-baceda-de","8":"product_tag-la-baceda-olivenol","9":"product_tag-olearia-del-garda-de","11":"first","12":"instock","13":"sale","14":"shipping-taxable","15":"purchasable","16":"product-type-simple"},"_links":{"self":[{"href":"https:\/\/bardoleat.com\/de\/wp-json\/wp\/v2\/product\/10516","targetHints":{"allow":["GET"]}}],"collection":[{"href":"https:\/\/bardoleat.com\/de\/wp-json\/wp\/v2\/product"}],"about":[{"href":"https:\/\/bardoleat.com\/de\/wp-json\/wp\/v2\/types\/product"}],"replies":[{"embeddable":true,"href":"https:\/\/bardoleat.com\/de\/wp-json\/wp\/v2\/comments?post=10516"}],"version-history":[{"count":4,"href":"https:\/\/bardoleat.com\/de\/wp-json\/wp\/v2\/product\/10516\/revisions"}],"predecessor-version":[{"id":18585,"href":"https:\/\/bardoleat.com\/de\/wp-json\/wp\/v2\/product\/10516\/revisions\/18585"}],"wp:featuredmedia":[{"embeddable":true,"href":"https:\/\/bardoleat.com\/de\/wp-json\/wp\/v2\/media\/10543"}],"wp:attachment":[{"href":"https:\/\/bardoleat.com\/de\/wp-json\/wp\/v2\/media?parent=10516"}],"wp:term":[{"taxonomy":"product_brand","embeddable":true,"href":"https:\/\/bardoleat.com\/de\/wp-json\/wp\/v2\/product_brand?post=10516"},{"taxonomy":"product_cat","embeddable":true,"href":"https:\/\/bardoleat.com\/de\/wp-json\/wp\/v2\/product_cat?post=10516"},{"taxonomy":"product_tag","embeddable":true,"href":"https:\/\/bardoleat.com\/de\/wp-json\/wp\/v2\/product_tag?post=10516"}],"curies":[{"name":"wp","href":"https:\/\/api.w.org\/{rel}","templated":true}]}}