{"id":10882,"date":"2023-03-30T11:49:12","date_gmt":"2023-03-30T09:49:12","guid":{"rendered":"https:\/\/bardoleat.com\/prodotto\/bardolino-doc-biologico-bardoleat\/"},"modified":"2026-01-02T01:40:50","modified_gmt":"2026-01-01T23:40:50","slug":"bardolino-doc-biologico-bardoleat","status":"publish","type":"product","link":"https:\/\/bardoleat.com\/de\/prodotto\/bardolino-doc-biologico-bardoleat\/","title":{"rendered":"Bardolino DOC Biologico Bardoleat"},"content":{"rendered":"<p>Alkoholgehalt 12,5%.<\/p>\n<p>Abgef\u00fcllt von ICQRF VR 7932 IT und vertrieben von Bardoleat sas &#8211; Via Toscanini 1, 37011 Bardolino VR<\/p>\n<p>Flasche von 750 ml<\/p>\n","protected":false},"excerpt":{"rendered":"<p>Ein fruchtiger, sanfter Wein, der aus dem Bardolino-Gebiet zwischen dem Gardasee und den windigen H\u00e4ngen des Monte Baldo stammt.<\/p>\n<p>Er zeichnet sich durch eine leuchtend rubinrote Farbe aus. In der Nase ist er offen und sauber mit w\u00fcrzigen Noten von wei\u00dfem Pfeffer, die vor allem hervorstechen, begleitet von Ankl\u00e4ngen an kleine rote Fr\u00fcchte und Granatapfel. Im Mund hat er eine mittlere Struktur mit trockenen Tanninen, die durch den Ausbau in der <strong>Amphore<\/strong> abgerundet werden. Die Mineralit\u00e4t und der Geschmack verleihen dem Gaumen eine gute Persistenz, der sofort zu einem zweiten Schluck bereit ist.<\/p>\n<p>Die <strong>ORGANIC-Zertifizierung<\/strong> zeugt von den hohen Qualit\u00e4tsstandards.<\/p>\n<h3>Begleitende Speisen<\/h3>\n<p>Ein leichter und frischer Wein f\u00fcr die ganze Mahlzeit, der besonders gut zu Fleisch, K\u00e4se und Suppen passt.<\/p>\n<h3>Weinbereitung<\/h3>\n<p>Traditioneller Rotwein mit kurzer Mazeration, bei der der Kontakt mit den Schalen 6\/7 Tage nicht \u00fcberschreitet.<\/p>\n<h3>Weinberge<\/h3>\n<p>Das Erziehungssystem ist die Trentiner Pergola und die einfache Trentiner Pergola.<\/p>\n","protected":false},"featured_media":10879,"comment_status":"open","ping_status":"closed","template":"","meta":[],"product_brand":[],"product_cat":[104],"product_tag":[],"class_list":{"0":"post-10882","1":"product","2":"type-product","3":"status-publish","4":"has-post-thumbnail","6":"product_cat-wein-de","8":"first","9":"instock","10":"shipping-taxable","11":"purchasable","12":"product-type-simple"},"_links":{"self":[{"href":"https:\/\/bardoleat.com\/de\/wp-json\/wp\/v2\/product\/10882","targetHints":{"allow":["GET"]}}],"collection":[{"href":"https:\/\/bardoleat.com\/de\/wp-json\/wp\/v2\/product"}],"about":[{"href":"https:\/\/bardoleat.com\/de\/wp-json\/wp\/v2\/types\/product"}],"replies":[{"embeddable":true,"href":"https:\/\/bardoleat.com\/de\/wp-json\/wp\/v2\/comments?post=10882"}],"version-history":[{"count":0,"href":"https:\/\/bardoleat.com\/de\/wp-json\/wp\/v2\/product\/10882\/revisions"}],"wp:featuredmedia":[{"embeddable":true,"href":"https:\/\/bardoleat.com\/de\/wp-json\/wp\/v2\/media\/10879"}],"wp:attachment":[{"href":"https:\/\/bardoleat.com\/de\/wp-json\/wp\/v2\/media?parent=10882"}],"wp:term":[{"taxonomy":"product_brand","embeddable":true,"href":"https:\/\/bardoleat.com\/de\/wp-json\/wp\/v2\/product_brand?post=10882"},{"taxonomy":"product_cat","embeddable":true,"href":"https:\/\/bardoleat.com\/de\/wp-json\/wp\/v2\/product_cat?post=10882"},{"taxonomy":"product_tag","embeddable":true,"href":"https:\/\/bardoleat.com\/de\/wp-json\/wp\/v2\/product_tag?post=10882"}],"curies":[{"name":"wp","href":"https:\/\/api.w.org\/{rel}","templated":true}]}}