{"id":11073,"date":"2023-05-23T17:07:25","date_gmt":"2023-05-23T15:07:25","guid":{"rendered":"https:\/\/bardoleat.com\/?post_type=product&#038;p=11073"},"modified":"2023-05-23T17:21:10","modified_gmt":"2023-05-23T15:21:10","slug":"suser-weiser-essig-5-l","status":"publish","type":"product","link":"https:\/\/bardoleat.com\/de\/prodotto\/suser-weiser-essig-5-l\/","title":{"rendered":"S\u00fc\u00dfer wei\u00dfer Essig 5 l"},"content":{"rendered":"<p>Enth\u00e4lt Sulfite.<\/p>\n<p>Vermarktet von Bardoleat sas, Bardolino<\/p>\n","protected":false},"excerpt":{"rendered":"<p>Inhalt: 5 l<\/p>\n<p>Bardoleat Wei\u00dfer Balsamico-Essig wird aus einer Mischung von konzentriertem Most aus wei\u00dfen Trauben und Wei\u00dfweinessig hergestellt.<\/p>\n<p>Der Condimento bianco ist ein wei\u00dfer \u201eBalsamico\u201c der Spitzenklassen. Das Dressing hat einen S\u00e4uregehalt von 5 \u2013 5,2 %.<br \/>\nDer schon fast gelbliche Condimento besitzt einen sehr angenehmen und lieblichen Geschmack.<br \/>\nEr ist ein toller und angenehmer Begleiter zu allen m\u00f6glichen Salatvariationen.<\/p>\n<p>Zutaten: Traubenmost, Wei\u00dfweinessig<\/p>\n","protected":false},"featured_media":11083,"comment_status":"open","ping_status":"closed","template":"","meta":[],"product_brand":[],"product_cat":[64],"product_tag":[],"class_list":{"0":"post-11073","1":"product","2":"type-product","3":"status-publish","4":"has-post-thumbnail","6":"product_cat-essig","8":"first","9":"instock","10":"shipping-taxable","11":"purchasable","12":"product-type-simple"},"_links":{"self":[{"href":"https:\/\/bardoleat.com\/de\/wp-json\/wp\/v2\/product\/11073","targetHints":{"allow":["GET"]}}],"collection":[{"href":"https:\/\/bardoleat.com\/de\/wp-json\/wp\/v2\/product"}],"about":[{"href":"https:\/\/bardoleat.com\/de\/wp-json\/wp\/v2\/types\/product"}],"replies":[{"embeddable":true,"href":"https:\/\/bardoleat.com\/de\/wp-json\/wp\/v2\/comments?post=11073"}],"version-history":[{"count":0,"href":"https:\/\/bardoleat.com\/de\/wp-json\/wp\/v2\/product\/11073\/revisions"}],"wp:featuredmedia":[{"embeddable":true,"href":"https:\/\/bardoleat.com\/de\/wp-json\/wp\/v2\/media\/11083"}],"wp:attachment":[{"href":"https:\/\/bardoleat.com\/de\/wp-json\/wp\/v2\/media?parent=11073"}],"wp:term":[{"taxonomy":"product_brand","embeddable":true,"href":"https:\/\/bardoleat.com\/de\/wp-json\/wp\/v2\/product_brand?post=11073"},{"taxonomy":"product_cat","embeddable":true,"href":"https:\/\/bardoleat.com\/de\/wp-json\/wp\/v2\/product_cat?post=11073"},{"taxonomy":"product_tag","embeddable":true,"href":"https:\/\/bardoleat.com\/de\/wp-json\/wp\/v2\/product_tag?post=11073"}],"curies":[{"name":"wp","href":"https:\/\/api.w.org\/{rel}","templated":true}]}}