{"id":11556,"date":"2023-09-15T18:43:29","date_gmt":"2023-09-15T16:43:29","guid":{"rendered":"https:\/\/bardoleat.com\/prodotto\/crema-spalmabile-al-pistacchio\/"},"modified":"2023-09-15T18:43:29","modified_gmt":"2023-09-15T16:43:29","slug":"crema-spalmabile-al-pistacchio","status":"publish","type":"product","link":"https:\/\/bardoleat.com\/de\/prodotto\/crema-spalmabile-al-pistacchio\/","title":{"rendered":"Crema spalmabile al Pistacchio"},"content":{"rendered":"<p><strong>Zutaten:<\/strong> Zucker, pflanzliche \u00d6le und Fette (Sonnenblumen, Kokosnuss, Kakaobutter, Saflor), Magermilchpulver, PISTACHO-Paste 15%, Emulgator Sonnenblumenlecithin.<\/p>\n","protected":false},"excerpt":{"rendered":"<p><strong>Streichf\u00e4hige Creme mit Pistaziengeschmack, 220-g-Glas.<\/strong><\/p>\n<p><strong>Verwendung:<\/strong> l\u00f6ffelweise, als Brotaufstrich, zum Verfeinern von Obst, zum Aromatisieren und S\u00fc\u00dfen eines guten Kaffees.<\/p>\n<p><strong>Hergestellt aus einer reinen Paste, die nur aus italienischen Pistazien besteht. Ohne Farbstoffe, Aromastoffe und Zusatzstoffe im Allgemeinen.<\/strong><\/p>\n","protected":false},"featured_media":11548,"comment_status":"open","ping_status":"closed","template":"","meta":[],"product_brand":[],"product_cat":[56],"product_tag":[],"class_list":{"0":"post-11556","1":"product","2":"type-product","3":"status-publish","4":"has-post-thumbnail","6":"product_cat-gastronomie","8":"first","9":"instock","10":"shipping-taxable","11":"purchasable","12":"product-type-simple"},"_links":{"self":[{"href":"https:\/\/bardoleat.com\/de\/wp-json\/wp\/v2\/product\/11556","targetHints":{"allow":["GET"]}}],"collection":[{"href":"https:\/\/bardoleat.com\/de\/wp-json\/wp\/v2\/product"}],"about":[{"href":"https:\/\/bardoleat.com\/de\/wp-json\/wp\/v2\/types\/product"}],"replies":[{"embeddable":true,"href":"https:\/\/bardoleat.com\/de\/wp-json\/wp\/v2\/comments?post=11556"}],"version-history":[{"count":0,"href":"https:\/\/bardoleat.com\/de\/wp-json\/wp\/v2\/product\/11556\/revisions"}],"wp:featuredmedia":[{"embeddable":true,"href":"https:\/\/bardoleat.com\/de\/wp-json\/wp\/v2\/media\/11548"}],"wp:attachment":[{"href":"https:\/\/bardoleat.com\/de\/wp-json\/wp\/v2\/media?parent=11556"}],"wp:term":[{"taxonomy":"product_brand","embeddable":true,"href":"https:\/\/bardoleat.com\/de\/wp-json\/wp\/v2\/product_brand?post=11556"},{"taxonomy":"product_cat","embeddable":true,"href":"https:\/\/bardoleat.com\/de\/wp-json\/wp\/v2\/product_cat?post=11556"},{"taxonomy":"product_tag","embeddable":true,"href":"https:\/\/bardoleat.com\/de\/wp-json\/wp\/v2\/product_tag?post=11556"}],"curies":[{"name":"wp","href":"https:\/\/api.w.org\/{rel}","templated":true}]}}