{"id":12068,"date":"2023-10-19T11:49:31","date_gmt":"2023-10-19T09:49:31","guid":{"rendered":"https:\/\/bardoleat.com\/prodotto\/extra-vergine-olivenol-limone-in-dose-150ml\/"},"modified":"2024-04-22T15:06:16","modified_gmt":"2024-04-22T13:06:16","slug":"extra-vergine-olivenol-limone-in-dose-150ml","status":"publish","type":"product","link":"https:\/\/bardoleat.com\/de\/prodotto\/extra-vergine-olivenol-limone-in-dose-150ml\/","title":{"rendered":"Limone \u2013 Gew\u00fcrz mit Oliven\u00f6l EVO in Dose 150ml"},"content":{"rendered":"","protected":false},"excerpt":{"rendered":"<p>Natives Oliven\u00f6l extra mit nat\u00fcrlichem Aroma und Zitronenschalen in einer praktischen, wiederverschlie\u00dfbaren Dose.<\/p>\n<p>Perfekt zum rohen W\u00fcrzen von Salaten, Fisch und Fleisch.<\/p>\n<p>Zutaten: Natives Oliven\u00f6l extra 96%, Zitrusschalen 2%, nat\u00fcrliches Aroma 2%.<\/p>\n<p>Inhalt: 150 ml<\/p>\n","protected":false},"featured_media":12065,"comment_status":"open","ping_status":"closed","template":"","meta":[],"product_brand":[],"product_cat":[58],"product_tag":[],"class_list":{"0":"post-12068","1":"product","2":"type-product","3":"status-publish","4":"has-post-thumbnail","6":"product_cat-olivenol","8":"first","9":"instock","10":"shipping-taxable","11":"purchasable","12":"product-type-simple"},"_links":{"self":[{"href":"https:\/\/bardoleat.com\/de\/wp-json\/wp\/v2\/product\/12068","targetHints":{"allow":["GET"]}}],"collection":[{"href":"https:\/\/bardoleat.com\/de\/wp-json\/wp\/v2\/product"}],"about":[{"href":"https:\/\/bardoleat.com\/de\/wp-json\/wp\/v2\/types\/product"}],"replies":[{"embeddable":true,"href":"https:\/\/bardoleat.com\/de\/wp-json\/wp\/v2\/comments?post=12068"}],"version-history":[{"count":0,"href":"https:\/\/bardoleat.com\/de\/wp-json\/wp\/v2\/product\/12068\/revisions"}],"wp:featuredmedia":[{"embeddable":true,"href":"https:\/\/bardoleat.com\/de\/wp-json\/wp\/v2\/media\/12065"}],"wp:attachment":[{"href":"https:\/\/bardoleat.com\/de\/wp-json\/wp\/v2\/media?parent=12068"}],"wp:term":[{"taxonomy":"product_brand","embeddable":true,"href":"https:\/\/bardoleat.com\/de\/wp-json\/wp\/v2\/product_brand?post=12068"},{"taxonomy":"product_cat","embeddable":true,"href":"https:\/\/bardoleat.com\/de\/wp-json\/wp\/v2\/product_cat?post=12068"},{"taxonomy":"product_tag","embeddable":true,"href":"https:\/\/bardoleat.com\/de\/wp-json\/wp\/v2\/product_tag?post=12068"}],"curies":[{"name":"wp","href":"https:\/\/api.w.org\/{rel}","templated":true}]}}