{"id":12104,"date":"2023-10-19T12:16:06","date_gmt":"2023-10-19T10:16:06","guid":{"rendered":"https:\/\/bardoleat.com\/?post_type=product&#038;p=12104"},"modified":"2024-04-22T15:05:13","modified_gmt":"2024-04-22T13:05:13","slug":"extra-vergine-olivenol-aglio-in-dose-150ml","status":"publish","type":"product","link":"https:\/\/bardoleat.com\/de\/prodotto\/extra-vergine-olivenol-aglio-in-dose-150ml\/","title":{"rendered":"Aglio \u2013 Gew\u00fcrz mit Oliven\u00f6l EVO in Dose 150ml"},"content":{"rendered":"<p>Erstklassiges \u00d6l.<\/p>\n","protected":false},"excerpt":{"rendered":"<p>W\u00fcrze auf Basis von nativem Oliven\u00f6l extra mit nat\u00fcrlichem Aroma und Knoblauch in einer praktischen, wiederverschlie\u00dfbaren Dose.<\/p>\n<p>Perfekt, um Ihren Gerichten einen rohen Geschmack zu verleihen.<\/p>\n<p>Zutaten: Natives Oliven\u00f6l extra 95%, Knoblauch 4%, nat\u00fcrliches Aroma.<\/p>\n<p>Inhalt: 150 ml<\/p>\n","protected":false},"featured_media":12075,"comment_status":"open","ping_status":"closed","template":"","meta":[],"product_brand":[],"product_cat":[58],"product_tag":[],"class_list":{"0":"post-12104","1":"product","2":"type-product","3":"status-publish","4":"has-post-thumbnail","6":"product_cat-olivenol","8":"first","9":"instock","10":"shipping-taxable","11":"purchasable","12":"product-type-simple"},"_links":{"self":[{"href":"https:\/\/bardoleat.com\/de\/wp-json\/wp\/v2\/product\/12104","targetHints":{"allow":["GET"]}}],"collection":[{"href":"https:\/\/bardoleat.com\/de\/wp-json\/wp\/v2\/product"}],"about":[{"href":"https:\/\/bardoleat.com\/de\/wp-json\/wp\/v2\/types\/product"}],"replies":[{"embeddable":true,"href":"https:\/\/bardoleat.com\/de\/wp-json\/wp\/v2\/comments?post=12104"}],"version-history":[{"count":0,"href":"https:\/\/bardoleat.com\/de\/wp-json\/wp\/v2\/product\/12104\/revisions"}],"wp:featuredmedia":[{"embeddable":true,"href":"https:\/\/bardoleat.com\/de\/wp-json\/wp\/v2\/media\/12075"}],"wp:attachment":[{"href":"https:\/\/bardoleat.com\/de\/wp-json\/wp\/v2\/media?parent=12104"}],"wp:term":[{"taxonomy":"product_brand","embeddable":true,"href":"https:\/\/bardoleat.com\/de\/wp-json\/wp\/v2\/product_brand?post=12104"},{"taxonomy":"product_cat","embeddable":true,"href":"https:\/\/bardoleat.com\/de\/wp-json\/wp\/v2\/product_cat?post=12104"},{"taxonomy":"product_tag","embeddable":true,"href":"https:\/\/bardoleat.com\/de\/wp-json\/wp\/v2\/product_tag?post=12104"}],"curies":[{"name":"wp","href":"https:\/\/api.w.org\/{rel}","templated":true}]}}