{"id":12129,"date":"2023-10-19T12:26:44","date_gmt":"2023-10-19T10:26:44","guid":{"rendered":"https:\/\/bardoleat.com\/?post_type=product&#038;p=12129"},"modified":"2024-04-22T15:03:49","modified_gmt":"2024-04-22T13:03:49","slug":"extra-vergine-olivenol-rosmarino-in-dose-150ml","status":"publish","type":"product","link":"https:\/\/bardoleat.com\/de\/prodotto\/extra-vergine-olivenol-rosmarino-in-dose-150ml\/","title":{"rendered":"Rosmarino \u2013 Gew\u00fcrz mit Oliven\u00f6l EVO in Dose 150ml"},"content":{"rendered":"","protected":false},"excerpt":{"rendered":"<p>Zutaten: Natives Oliven\u00f6l extra 95%, Rosmarin 4%, nat\u00fcrliches Aroma 1%.<\/p>\n<p>Gew\u00fcrz aus nativem Oliven\u00f6l extra mit nat\u00fcrlichem Aroma und Rosmarin in einer praktischen wiederverschlie\u00dfbaren Dose.<\/p>\n<p>Ideal zum W\u00fcrzen von Salaten, Fisch und Fleisch.<\/p>\n<p>Fassungsverm\u00f6gen: 150 ml<\/p>\n","protected":false},"featured_media":12090,"comment_status":"open","ping_status":"closed","template":"","meta":[],"product_brand":[],"product_cat":[58],"product_tag":[],"class_list":{"0":"post-12129","1":"product","2":"type-product","3":"status-publish","4":"has-post-thumbnail","6":"product_cat-olivenol","8":"first","9":"instock","10":"shipping-taxable","11":"purchasable","12":"product-type-simple"},"_links":{"self":[{"href":"https:\/\/bardoleat.com\/de\/wp-json\/wp\/v2\/product\/12129","targetHints":{"allow":["GET"]}}],"collection":[{"href":"https:\/\/bardoleat.com\/de\/wp-json\/wp\/v2\/product"}],"about":[{"href":"https:\/\/bardoleat.com\/de\/wp-json\/wp\/v2\/types\/product"}],"replies":[{"embeddable":true,"href":"https:\/\/bardoleat.com\/de\/wp-json\/wp\/v2\/comments?post=12129"}],"version-history":[{"count":0,"href":"https:\/\/bardoleat.com\/de\/wp-json\/wp\/v2\/product\/12129\/revisions"}],"wp:featuredmedia":[{"embeddable":true,"href":"https:\/\/bardoleat.com\/de\/wp-json\/wp\/v2\/media\/12090"}],"wp:attachment":[{"href":"https:\/\/bardoleat.com\/de\/wp-json\/wp\/v2\/media?parent=12129"}],"wp:term":[{"taxonomy":"product_brand","embeddable":true,"href":"https:\/\/bardoleat.com\/de\/wp-json\/wp\/v2\/product_brand?post=12129"},{"taxonomy":"product_cat","embeddable":true,"href":"https:\/\/bardoleat.com\/de\/wp-json\/wp\/v2\/product_cat?post=12129"},{"taxonomy":"product_tag","embeddable":true,"href":"https:\/\/bardoleat.com\/de\/wp-json\/wp\/v2\/product_tag?post=12129"}],"curies":[{"name":"wp","href":"https:\/\/api.w.org\/{rel}","templated":true}]}}