{"id":12260,"date":"2023-10-21T12:23:44","date_gmt":"2023-10-21T10:23:44","guid":{"rendered":"https:\/\/bardoleat.com\/prodotto\/set-4-bicchierini-espresso-happy\/"},"modified":"2023-10-21T12:23:44","modified_gmt":"2023-10-21T10:23:44","slug":"set-4-bicchierini-espresso-happy","status":"publish","type":"product","link":"https:\/\/bardoleat.com\/de\/prodotto\/set-4-bicchierini-espresso-happy\/","title":{"rendered":"Set 4 bicchierini espresso Happy"},"content":{"rendered":"<p>SIMPLE DAY<\/p>\n","protected":false},"excerpt":{"rendered":"<p>Set mit 4 Espressogl\u00e4sern aus Borosilikatglas Happy Dekor in Schwarz<\/p>\n<p>-F\u00fcr uns Italiener ist der Espresso ein Ritual, auf das man nicht verzichten kann, und unsere Espressogl\u00e4ser sind perfekt f\u00fcr eine Pause in Gesellschaft oder allein, um Ihren Kaffee zu trinken.<br \/>\n-Hergestellt aus Borosilikatglas, einem Material mit einzigartigen Eigenschaften: trotz seines geringen Gewichts ist es sehr widerstandsf\u00e4hig, super transparent, gl\u00e4nzend und leicht zu reinigen.<br \/>\n-Die moderne Form und die fr\u00f6hliche Dekoration mit einem Herz machen den Becher perfekt sowohl f\u00fcr die klassischsten und elegantesten Wohnungen als auch f\u00fcr die j\u00fcngsten und modernsten Wohnungen<br \/>\n-Das Set aus 4 Schnapsgl\u00e4sern ist auch eine tolle Geschenkidee<br \/>\n-Sie k\u00f6nnen die Becher in der Sp\u00fclmaschine waschen: wir empfehlen eine maximale Waschtemperatur von 50\u00b0 und keine scheuernden oder aggressiven Reinigungsmittel zu verwenden<br \/>\n-Ma\u00dfe: Durchmesser 5,8 cm x H\u00f6he 6 cm &#8211; inklusive Sch\u00f6pfl\u00f6ffel<br \/>\n-Hergestellt und entworfen in Italien<\/p>\n","protected":false},"featured_media":12257,"comment_status":"open","ping_status":"closed","template":"","meta":[],"product_brand":[],"product_cat":[469],"product_tag":[],"class_list":{"0":"post-12260","1":"product","2":"type-product","3":"status-publish","4":"has-post-thumbnail","6":"product_cat-zubehoer","8":"first","9":"instock","10":"sale","11":"shipping-taxable","12":"purchasable","13":"product-type-simple"},"_links":{"self":[{"href":"https:\/\/bardoleat.com\/de\/wp-json\/wp\/v2\/product\/12260","targetHints":{"allow":["GET"]}}],"collection":[{"href":"https:\/\/bardoleat.com\/de\/wp-json\/wp\/v2\/product"}],"about":[{"href":"https:\/\/bardoleat.com\/de\/wp-json\/wp\/v2\/types\/product"}],"replies":[{"embeddable":true,"href":"https:\/\/bardoleat.com\/de\/wp-json\/wp\/v2\/comments?post=12260"}],"version-history":[{"count":0,"href":"https:\/\/bardoleat.com\/de\/wp-json\/wp\/v2\/product\/12260\/revisions"}],"wp:featuredmedia":[{"embeddable":true,"href":"https:\/\/bardoleat.com\/de\/wp-json\/wp\/v2\/media\/12257"}],"wp:attachment":[{"href":"https:\/\/bardoleat.com\/de\/wp-json\/wp\/v2\/media?parent=12260"}],"wp:term":[{"taxonomy":"product_brand","embeddable":true,"href":"https:\/\/bardoleat.com\/de\/wp-json\/wp\/v2\/product_brand?post=12260"},{"taxonomy":"product_cat","embeddable":true,"href":"https:\/\/bardoleat.com\/de\/wp-json\/wp\/v2\/product_cat?post=12260"},{"taxonomy":"product_tag","embeddable":true,"href":"https:\/\/bardoleat.com\/de\/wp-json\/wp\/v2\/product_tag?post=12260"}],"curies":[{"name":"wp","href":"https:\/\/api.w.org\/{rel}","templated":true}]}}