{"id":12272,"date":"2023-10-21T12:32:06","date_gmt":"2023-10-21T10:32:06","guid":{"rendered":"https:\/\/bardoleat.com\/prodotto\/oliera-extravergine-570ml\/"},"modified":"2025-03-24T12:39:34","modified_gmt":"2025-03-24T10:39:34","slug":"oliera-extravergine-570ml","status":"publish","type":"product","link":"https:\/\/bardoleat.com\/de\/prodotto\/oliera-extravergine-570ml\/","title":{"rendered":"Oliera Extravergine 570ml"},"content":{"rendered":"<p>SIMPLE DAY<\/p>\n","protected":false},"excerpt":{"rendered":"<p>Borosilikatglas-K\u00fcvette Extravergine Dekor 570ml<\/p>\n<p>-Verwenden Sie unsere Flasche, um den Essig beim W\u00fcrzen Ihrer Gerichte perfekt zu dosieren. Dank des tropffreien Ausgusses k\u00f6nnen Sie den Essig pr\u00e4zise einf\u00fcllen, ohne etwas auf dem Teller zu versch\u00fctten.<br \/>\n-Hergestellt aus Borosilikatglas, einem Material mit einzigartigen Eigenschaften: Trotz seines geringen Gewichts ist es sehr widerstandsf\u00e4hig, super-transparent, sehr gl\u00e4nzend und leicht zu reinigen<br \/>\n-Die moderne Form und die wei\u00dfe Dekoration mit Nativem Oliven\u00f6l Extra passen sowohl auf elegante als auch auf allt\u00e4gliche Tische. Sie kann auch als Geschenkidee dienen, da sie ein n\u00fctzliches Accessoire in jeder K\u00fcche ist<br \/>\n-Sie k\u00f6nnen die Flasche in der Geschirrsp\u00fclmaschine reinigen: wir empfehlen eine maximale Waschtemperatur von 50\u00b0 und keine scheuernden oder aggressiven Reinigungsmittel zu verwenden<br \/>\n-Ma\u00dfe: Durchmesser 7,5 cm x H\u00f6he 24,5 cm (einschlie\u00dflich Ausgie\u00dfer) &#8211; ungef\u00e4hres Fassungsverm\u00f6gen 570 ml<br \/>\nIn Italien entworfenes Produkt<\/p>\n","protected":false},"featured_media":12266,"comment_status":"open","ping_status":"closed","template":"","meta":[],"product_brand":[],"product_cat":[469],"product_tag":[],"class_list":{"0":"post-12272","1":"product","2":"type-product","3":"status-publish","4":"has-post-thumbnail","6":"product_cat-zubehoer","8":"first","9":"instock","10":"sale","11":"shipping-taxable","12":"purchasable","13":"product-type-simple"},"_links":{"self":[{"href":"https:\/\/bardoleat.com\/de\/wp-json\/wp\/v2\/product\/12272","targetHints":{"allow":["GET"]}}],"collection":[{"href":"https:\/\/bardoleat.com\/de\/wp-json\/wp\/v2\/product"}],"about":[{"href":"https:\/\/bardoleat.com\/de\/wp-json\/wp\/v2\/types\/product"}],"replies":[{"embeddable":true,"href":"https:\/\/bardoleat.com\/de\/wp-json\/wp\/v2\/comments?post=12272"}],"version-history":[{"count":0,"href":"https:\/\/bardoleat.com\/de\/wp-json\/wp\/v2\/product\/12272\/revisions"}],"wp:featuredmedia":[{"embeddable":true,"href":"https:\/\/bardoleat.com\/de\/wp-json\/wp\/v2\/media\/12266"}],"wp:attachment":[{"href":"https:\/\/bardoleat.com\/de\/wp-json\/wp\/v2\/media?parent=12272"}],"wp:term":[{"taxonomy":"product_brand","embeddable":true,"href":"https:\/\/bardoleat.com\/de\/wp-json\/wp\/v2\/product_brand?post=12272"},{"taxonomy":"product_cat","embeddable":true,"href":"https:\/\/bardoleat.com\/de\/wp-json\/wp\/v2\/product_cat?post=12272"},{"taxonomy":"product_tag","embeddable":true,"href":"https:\/\/bardoleat.com\/de\/wp-json\/wp\/v2\/product_tag?post=12272"}],"curies":[{"name":"wp","href":"https:\/\/api.w.org\/{rel}","templated":true}]}}