{"id":12292,"date":"2023-10-21T12:42:32","date_gmt":"2023-10-21T10:42:32","guid":{"rendered":"https:\/\/bardoleat.com\/prodotto\/bottiglia-aceto-decoro-balsamico-350ml\/"},"modified":"2025-03-24T12:39:34","modified_gmt":"2025-03-24T10:39:34","slug":"bottiglia-aceto-decoro-balsamico-350ml","status":"publish","type":"product","link":"https:\/\/bardoleat.com\/de\/prodotto\/bottiglia-aceto-decoro-balsamico-350ml\/","title":{"rendered":"Bottiglia aceto decoro Balsamico 350ml"},"content":{"rendered":"<p>SIMPLE DAY<\/p>\n","protected":false},"excerpt":{"rendered":"<p>Essigflasche aus Borosilikatglas mit Balsamico-Dekor 350ml<\/p>\n<p>-Verwenden Sie unsere Flasche, um den Essig beim W\u00fcrzen Ihrer Gerichte perfekt zu dosieren. Dank des tropffreien Ausgie\u00dfers k\u00f6nnen Sie ihn pr\u00e4zise einf\u00fcllen, ohne etwas auf dem Teller zu versch\u00fctten.<br \/>\n-Hergestellt aus Borosilikatglas, einem Material mit einzigartigen Eigenschaften: Trotz seines geringen Gewichts ist es sehr widerstandsf\u00e4hig, super-transparent, sehr gl\u00e4nzend und leicht zu reinigen<br \/>\n-Die moderne Form und das wei\u00dfe Balsamico-Dekor sind ideal f\u00fcr elegante und allt\u00e4gliche Tische. Sie kann auch als Geschenkidee dienen, da sie ein n\u00fctzliches Accessoire in jeder K\u00fcche ist<br \/>\n-Sie k\u00f6nnen die Flasche in der Sp\u00fclmaschine reinigen: wir empfehlen eine maximale Waschtemperatur von 50\u00b0 und keine scheuernden oder aggressiven Reinigungsmittel zu verwenden<br \/>\n-Abmessungen: Durchmesser 7,5 cm x H\u00f6he 19 cm (einschlie\u00dflich Ausgie\u00dfer) &#8211; ungef\u00e4hres Fassungsverm\u00f6gen 350 ml<br \/>\n-In Italien entworfenes Produkt<\/p>\n","protected":false},"featured_media":12286,"comment_status":"open","ping_status":"closed","template":"","meta":[],"product_brand":[],"product_cat":[469],"product_tag":[],"class_list":{"0":"post-12292","1":"product","2":"type-product","3":"status-publish","4":"has-post-thumbnail","6":"product_cat-zubehoer","8":"first","9":"instock","10":"sale","11":"shipping-taxable","12":"purchasable","13":"product-type-simple"},"_links":{"self":[{"href":"https:\/\/bardoleat.com\/de\/wp-json\/wp\/v2\/product\/12292","targetHints":{"allow":["GET"]}}],"collection":[{"href":"https:\/\/bardoleat.com\/de\/wp-json\/wp\/v2\/product"}],"about":[{"href":"https:\/\/bardoleat.com\/de\/wp-json\/wp\/v2\/types\/product"}],"replies":[{"embeddable":true,"href":"https:\/\/bardoleat.com\/de\/wp-json\/wp\/v2\/comments?post=12292"}],"version-history":[{"count":0,"href":"https:\/\/bardoleat.com\/de\/wp-json\/wp\/v2\/product\/12292\/revisions"}],"wp:featuredmedia":[{"embeddable":true,"href":"https:\/\/bardoleat.com\/de\/wp-json\/wp\/v2\/media\/12286"}],"wp:attachment":[{"href":"https:\/\/bardoleat.com\/de\/wp-json\/wp\/v2\/media?parent=12292"}],"wp:term":[{"taxonomy":"product_brand","embeddable":true,"href":"https:\/\/bardoleat.com\/de\/wp-json\/wp\/v2\/product_brand?post=12292"},{"taxonomy":"product_cat","embeddable":true,"href":"https:\/\/bardoleat.com\/de\/wp-json\/wp\/v2\/product_cat?post=12292"},{"taxonomy":"product_tag","embeddable":true,"href":"https:\/\/bardoleat.com\/de\/wp-json\/wp\/v2\/product_tag?post=12292"}],"curies":[{"name":"wp","href":"https:\/\/api.w.org\/{rel}","templated":true}]}}