{"id":12331,"date":"2023-10-21T13:02:49","date_gmt":"2023-10-21T11:02:49","guid":{"rendered":"https:\/\/bardoleat.com\/prodotto\/vaso-portafiori-decoro-cuore-graffiti-piccolo\/"},"modified":"2023-10-21T13:02:49","modified_gmt":"2023-10-21T11:02:49","slug":"vaso-portafiori-decoro-cuore-graffiti-piccolo","status":"publish","type":"product","link":"https:\/\/bardoleat.com\/de\/prodotto\/vaso-portafiori-decoro-cuore-graffiti-piccolo\/","title":{"rendered":"Vaso Portafiori decoro Cuore Graffiti Piccolo"},"content":{"rendered":"<p>SIMPLE DAY<\/p>\n","protected":false},"excerpt":{"rendered":"<p>Stellen Sie sich vor, Sie kommen nach einem Tag im Verkehr und Alltagsstress in Ihr elegantes, koordiniertes und warmes Zuhause zur\u00fcck.<\/p>\n<p>Ein Detail erregt Ihre Aufmerksamkeit: frische Blumen, die in der Vase stehen und deren Duft Sie sofort wahrnehmen. Wie beruhigend ist dieser kurze Moment, in dem Sie die Sch\u00f6nheit Ihres Lieblingsblumenarrangements bewundern?<\/p>\n<p>Zeigen Sie Ihre Blumenstr\u00e4u\u00dfe und Pflanzenarrangements mit einer Vase aus einem einfachen &#8211; und kostbaren &#8211; Material wie Glas, das einen hohen \u00e4sthetischen und ausdrucksstarken Wert hat, in einer erneuerten Form und einem modernen Ausdruck.<\/p>\n<p>Das Glas ist stark, gl\u00e4nzend und super transparent<br \/>\nDas Dekor Cuore Graffiti ist in wei\u00dfer Farbe gehalten<br \/>\nAbmessungen: Durchmesser 19 cm x H\u00f6he 34 cm (gro\u00df) oder Durchmesser 15 cm x H\u00f6he 27 cm<br \/>\nEntworfen in Italien<\/p>\n","protected":false},"featured_media":12324,"comment_status":"open","ping_status":"closed","template":"","meta":[],"product_brand":[],"product_cat":[469],"product_tag":[],"class_list":{"0":"post-12331","1":"product","2":"type-product","3":"status-publish","4":"has-post-thumbnail","6":"product_cat-zubehoer","8":"first","9":"instock","10":"sale","11":"shipping-taxable","12":"purchasable","13":"product-type-simple"},"_links":{"self":[{"href":"https:\/\/bardoleat.com\/de\/wp-json\/wp\/v2\/product\/12331","targetHints":{"allow":["GET"]}}],"collection":[{"href":"https:\/\/bardoleat.com\/de\/wp-json\/wp\/v2\/product"}],"about":[{"href":"https:\/\/bardoleat.com\/de\/wp-json\/wp\/v2\/types\/product"}],"replies":[{"embeddable":true,"href":"https:\/\/bardoleat.com\/de\/wp-json\/wp\/v2\/comments?post=12331"}],"version-history":[{"count":0,"href":"https:\/\/bardoleat.com\/de\/wp-json\/wp\/v2\/product\/12331\/revisions"}],"wp:featuredmedia":[{"embeddable":true,"href":"https:\/\/bardoleat.com\/de\/wp-json\/wp\/v2\/media\/12324"}],"wp:attachment":[{"href":"https:\/\/bardoleat.com\/de\/wp-json\/wp\/v2\/media?parent=12331"}],"wp:term":[{"taxonomy":"product_brand","embeddable":true,"href":"https:\/\/bardoleat.com\/de\/wp-json\/wp\/v2\/product_brand?post=12331"},{"taxonomy":"product_cat","embeddable":true,"href":"https:\/\/bardoleat.com\/de\/wp-json\/wp\/v2\/product_cat?post=12331"},{"taxonomy":"product_tag","embeddable":true,"href":"https:\/\/bardoleat.com\/de\/wp-json\/wp\/v2\/product_tag?post=12331"}],"curies":[{"name":"wp","href":"https:\/\/api.w.org\/{rel}","templated":true}]}}