{"id":12742,"date":"2023-12-09T19:20:00","date_gmt":"2023-12-09T17:20:00","guid":{"rendered":"https:\/\/bardoleat.com\/prodotto\/essenzolio-arancia\/"},"modified":"2026-01-29T16:14:07","modified_gmt":"2026-01-29T14:14:07","slug":"essenzolio-arancia","status":"publish","type":"product","link":"https:\/\/bardoleat.com\/de\/prodotto\/essenzolio-arancia\/","title":{"rendered":"EssenzOlio arancia 0,25L"},"content":{"rendered":"<p>Echtes kaltgepresstes natives Oliven\u00f6l extra mit Orangen!<\/p>\n","protected":false},"excerpt":{"rendered":"<p class=\"\" data-start=\"732\" data-end=\"773\"><strong data-start=\"732\" data-end=\"771\">Die Exzellenz des Orangen-Oliven\u00f6ls<\/strong><\/p>\n<p class=\"\" data-start=\"775\" data-end=\"1174\">Essenzolio Bardoleat ist ein hochwertiges natives Oliven\u00f6l extra, einzigartig in seiner Art. Seine Besonderheit liegt im Herstellungsprozess: <strong>Frische Oliven und Orangen werden gemeinsam gepresst<\/strong>, wodurch die nat\u00fcrliche Aroma-Infusion maximal verst\u00e4rkt wird. Diese Methode garantiert einen intensiven Duft und einen authentischen Geschmack, viel reicher als herk\u00f6mmliche \u00d6le mit k\u00fcnstlichen Aromen.<\/p>\n<p class=\"\" data-start=\"1176\" data-end=\"1408\">Perfekt zur Verfeinerung von Fischgerichten, Salaten, gegrilltem Gem\u00fcse und Carpaccio \u2013 <strong data-start=\"1264\" data-end=\"1288\">Essenzolio Bardoleat<\/strong> verleiht jeder kulinarischen Kreation eine unwiderstehliche Frische. Eine echte Sinnesreise ins Herz des Mittelmeers!<\/p>\n<p class=\"\" data-start=\"1410\" data-end=\"1429\"><strong data-start=\"1410\" data-end=\"1420\">Menge:<\/strong> 250 ml<\/p>\n<p class=\"\" data-start=\"1431\" data-end=\"1453\">Probieren und staunen!<\/p>\n","protected":false},"featured_media":17996,"comment_status":"open","ping_status":"closed","template":"","meta":[],"product_brand":[],"product_cat":[58],"product_tag":[],"class_list":{"0":"post-12742","1":"product","2":"type-product","3":"status-publish","4":"has-post-thumbnail","6":"product_cat-olivenol","8":"first","9":"instock","10":"shipping-taxable","11":"purchasable","12":"product-type-simple"},"_links":{"self":[{"href":"https:\/\/bardoleat.com\/de\/wp-json\/wp\/v2\/product\/12742","targetHints":{"allow":["GET"]}}],"collection":[{"href":"https:\/\/bardoleat.com\/de\/wp-json\/wp\/v2\/product"}],"about":[{"href":"https:\/\/bardoleat.com\/de\/wp-json\/wp\/v2\/types\/product"}],"replies":[{"embeddable":true,"href":"https:\/\/bardoleat.com\/de\/wp-json\/wp\/v2\/comments?post=12742"}],"version-history":[{"count":2,"href":"https:\/\/bardoleat.com\/de\/wp-json\/wp\/v2\/product\/12742\/revisions"}],"predecessor-version":[{"id":18534,"href":"https:\/\/bardoleat.com\/de\/wp-json\/wp\/v2\/product\/12742\/revisions\/18534"}],"wp:featuredmedia":[{"embeddable":true,"href":"https:\/\/bardoleat.com\/de\/wp-json\/wp\/v2\/media\/17996"}],"wp:attachment":[{"href":"https:\/\/bardoleat.com\/de\/wp-json\/wp\/v2\/media?parent=12742"}],"wp:term":[{"taxonomy":"product_brand","embeddable":true,"href":"https:\/\/bardoleat.com\/de\/wp-json\/wp\/v2\/product_brand?post=12742"},{"taxonomy":"product_cat","embeddable":true,"href":"https:\/\/bardoleat.com\/de\/wp-json\/wp\/v2\/product_cat?post=12742"},{"taxonomy":"product_tag","embeddable":true,"href":"https:\/\/bardoleat.com\/de\/wp-json\/wp\/v2\/product_tag?post=12742"}],"curies":[{"name":"wp","href":"https:\/\/api.w.org\/{rel}","templated":true}]}}