{"id":12744,"date":"2023-12-09T19:17:12","date_gmt":"2023-12-09T17:17:12","guid":{"rendered":"https:\/\/bardoleat.com\/prodotto\/essenzolio-limone\/"},"modified":"2026-01-29T16:12:28","modified_gmt":"2026-01-29T14:12:28","slug":"essenzolio-limone","status":"publish","type":"product","link":"https:\/\/bardoleat.com\/de\/prodotto\/essenzolio-limone\/","title":{"rendered":"EssenzOlio limone 0,25L \/ 0,50L"},"content":{"rendered":"<p>Das echte kaltgepresste native Zitronen\u00f6l extra!<\/p>\n","protected":false},"excerpt":{"rendered":"<p class=\"\" data-start=\"730\" data-end=\"772\"><strong data-start=\"730\" data-end=\"770\">Die Exzellenz des Zitronen-Oliven\u00f6ls<\/strong><\/p>\n<p class=\"\" data-start=\"774\" data-end=\"1174\">Essenzolio Bardoleat ist ein hochwertiges natives Oliven\u00f6l extra, einzigartig in seiner Art. Seine Besonderheit liegt im Herstellungsprozess: <strong>Frische Oliven und Zitronen<\/strong> werden gemeinsam gepresst, wodurch die nat\u00fcrliche Aroma-Infusion maximal verst\u00e4rkt wird. Diese Methode garantiert einen intensiven Duft und einen authentischen Geschmack, viel reicher als herk\u00f6mmliche \u00d6le mit k\u00fcnstlichen Aromen.<\/p>\n<p class=\"\" data-start=\"1176\" data-end=\"1408\">Perfekt zur Verfeinerung von Fischgerichten, Salaten, gegrilltem Gem\u00fcse und Carpaccio \u2013 <strong data-start=\"1264\" data-end=\"1288\">Essenzolio Bardoleat<\/strong> verleiht jeder kulinarischen Kreation eine unwiderstehliche Frische. Eine echte Sinnesreise ins Herz des Mittelmeers!<\/p>\n<p class=\"\" data-start=\"1431\" data-end=\"1453\">Probieren und staunen!<\/p>\n","protected":false},"featured_media":17999,"comment_status":"open","ping_status":"closed","template":"","meta":[],"product_brand":[],"product_cat":[58],"product_tag":[],"class_list":{"0":"post-12744","1":"product","2":"type-product","3":"status-publish","4":"has-post-thumbnail","6":"product_cat-olivenol","8":"first","9":"instock","10":"shipping-taxable","11":"purchasable","12":"product-type-variable"},"_links":{"self":[{"href":"https:\/\/bardoleat.com\/de\/wp-json\/wp\/v2\/product\/12744","targetHints":{"allow":["GET"]}}],"collection":[{"href":"https:\/\/bardoleat.com\/de\/wp-json\/wp\/v2\/product"}],"about":[{"href":"https:\/\/bardoleat.com\/de\/wp-json\/wp\/v2\/types\/product"}],"replies":[{"embeddable":true,"href":"https:\/\/bardoleat.com\/de\/wp-json\/wp\/v2\/comments?post=12744"}],"version-history":[{"count":3,"href":"https:\/\/bardoleat.com\/de\/wp-json\/wp\/v2\/product\/12744\/revisions"}],"predecessor-version":[{"id":18531,"href":"https:\/\/bardoleat.com\/de\/wp-json\/wp\/v2\/product\/12744\/revisions\/18531"}],"wp:featuredmedia":[{"embeddable":true,"href":"https:\/\/bardoleat.com\/de\/wp-json\/wp\/v2\/media\/17999"}],"wp:attachment":[{"href":"https:\/\/bardoleat.com\/de\/wp-json\/wp\/v2\/media?parent=12744"}],"wp:term":[{"taxonomy":"product_brand","embeddable":true,"href":"https:\/\/bardoleat.com\/de\/wp-json\/wp\/v2\/product_brand?post=12744"},{"taxonomy":"product_cat","embeddable":true,"href":"https:\/\/bardoleat.com\/de\/wp-json\/wp\/v2\/product_cat?post=12744"},{"taxonomy":"product_tag","embeddable":true,"href":"https:\/\/bardoleat.com\/de\/wp-json\/wp\/v2\/product_tag?post=12744"}],"curies":[{"name":"wp","href":"https:\/\/api.w.org\/{rel}","templated":true}]}}