{"id":12833,"date":"2023-12-26T16:06:22","date_gmt":"2023-12-26T14:06:22","guid":{"rendered":"https:\/\/bardoleat.com\/?post_type=product&#038;p=12833"},"modified":"2025-11-01T16:47:31","modified_gmt":"2025-11-01T14:47:31","slug":"6x-pinot-grigio-doc-biologico-bardoleat","status":"publish","type":"product","link":"https:\/\/bardoleat.com\/de\/prodotto\/6x-pinot-grigio-doc-biologico-bardoleat\/","title":{"rendered":"6x Pinot Grigio DOC Biologico Bardoleat"},"content":{"rendered":"<p>Packung mit 6 Flaschen<\/p>\n<p>Alkoholgehalt 12,5%.<\/p>\n<p>Abgef\u00fcllt von ICQRF VR 7932 IT und vertrieben von Bardoleat sas \u2013 Via Toscanini 1, 37011 Bardolino VR<\/p>\n<p>Flasche von 750 ml<\/p>\n","protected":false},"excerpt":{"rendered":"<p data-start=\"1340\" data-end=\"1474\">Ein fruchtiger und sanfter Wein, der im Gebiet von Bardolino zwischen dem Gardasee und den windigen H\u00e4ngen des Monte Baldo entsteht.<\/p>\n<p data-start=\"1476\" data-end=\"1802\">Er zeigt eine goldgelbe Farbe mit kupferfarbenen Reflexen. In der Nase sehr fein, mit Noten von Golden Delicious und Birne. Am Gaumen pr\u00e4sentiert er sich harmonisch, rund und gut strukturiert, mit ausgepr\u00e4gter S\u00e4ure und einer mineralischen Note, die dem Wein trotz des hohen Alkoholgehalts Frische und Leichtigkeit verleiht.<\/p>\n<p data-start=\"1804\" data-end=\"1874\">Die <strong data-start=\"1808\" data-end=\"1830\">Bio-Zertifizierung<\/strong> best\u00e4tigt seine hohen Qualit\u00e4tsstandards.<\/p>\n<p data-start=\"1876\" data-end=\"2007\"><strong data-start=\"1876\" data-end=\"1896\">Speiseempfehlung<\/strong><br data-start=\"1896\" data-end=\"1899\" \/>Ein komplexer Wei\u00dfwein mit bemerkenswerter Struktur \u2013 hervorragend zu wei\u00dfem Fleisch, Fisch und Weichk\u00e4se.<\/p>\n<p data-start=\"2009\" data-end=\"2140\"><strong data-start=\"2009\" data-end=\"2026\">Weinbereitung<\/strong><br data-start=\"2026\" data-end=\"2029\" \/>Traditionelle Wei\u00dfweinbereitung, G\u00e4rung bei kontrollierter Temperatur von etwa 14\u00b0C, Ausbau im Edelstahltank.<\/p>\n<p data-start=\"2142\" data-end=\"2505\"><strong data-start=\"2142\" data-end=\"2155\">Weinberge<\/strong><br data-start=\"2155\" data-end=\"2158\" \/>Die Trauben stammen teils aus Weinbergen in der Ebene mit steinigen, lehm- und schluffhaltigen B\u00f6den, die dem Wein Mineralit\u00e4t und Aromatik verleihen, teils aus Weinbergen an den H\u00e4ngen des Monte Baldo auf etwa 400 m \u00fc. M. Diese H\u00f6henlagen sorgen f\u00fcr Frische, lebendige S\u00e4ure und fruchtigere Aromen. Erziehungssystem: Guyot und doppelte Pergola.<\/p>\n","protected":false},"featured_media":12843,"comment_status":"open","ping_status":"closed","template":"","meta":[],"product_brand":[],"product_cat":[104],"product_tag":[],"class_list":{"0":"post-12833","1":"product","2":"type-product","3":"status-publish","4":"has-post-thumbnail","6":"product_cat-wein-de","8":"first","9":"instock","10":"sale","11":"shipping-taxable","12":"purchasable","13":"product-type-simple"},"_links":{"self":[{"href":"https:\/\/bardoleat.com\/de\/wp-json\/wp\/v2\/product\/12833","targetHints":{"allow":["GET"]}}],"collection":[{"href":"https:\/\/bardoleat.com\/de\/wp-json\/wp\/v2\/product"}],"about":[{"href":"https:\/\/bardoleat.com\/de\/wp-json\/wp\/v2\/types\/product"}],"replies":[{"embeddable":true,"href":"https:\/\/bardoleat.com\/de\/wp-json\/wp\/v2\/comments?post=12833"}],"version-history":[{"count":1,"href":"https:\/\/bardoleat.com\/de\/wp-json\/wp\/v2\/product\/12833\/revisions"}],"predecessor-version":[{"id":17794,"href":"https:\/\/bardoleat.com\/de\/wp-json\/wp\/v2\/product\/12833\/revisions\/17794"}],"wp:featuredmedia":[{"embeddable":true,"href":"https:\/\/bardoleat.com\/de\/wp-json\/wp\/v2\/media\/12843"}],"wp:attachment":[{"href":"https:\/\/bardoleat.com\/de\/wp-json\/wp\/v2\/media?parent=12833"}],"wp:term":[{"taxonomy":"product_brand","embeddable":true,"href":"https:\/\/bardoleat.com\/de\/wp-json\/wp\/v2\/product_brand?post=12833"},{"taxonomy":"product_cat","embeddable":true,"href":"https:\/\/bardoleat.com\/de\/wp-json\/wp\/v2\/product_cat?post=12833"},{"taxonomy":"product_tag","embeddable":true,"href":"https:\/\/bardoleat.com\/de\/wp-json\/wp\/v2\/product_tag?post=12833"}],"curies":[{"name":"wp","href":"https:\/\/api.w.org\/{rel}","templated":true}]}}