{"id":12849,"date":"2023-12-26T16:10:29","date_gmt":"2023-12-26T14:10:29","guid":{"rendered":"https:\/\/bardoleat.com\/?post_type=product&#038;p=12849"},"modified":"2023-12-26T16:12:07","modified_gmt":"2023-12-26T14:12:07","slug":"6x-chiaretto-doc-biologico-bardoleat","status":"publish","type":"product","link":"https:\/\/bardoleat.com\/de\/prodotto\/6x-chiaretto-doc-biologico-bardoleat\/","title":{"rendered":"6x Chiaretto DOC Biologico Bardoleat"},"content":{"rendered":"<p>Alkoholgehalt 12,5%.<\/p>\n<p>Abgef\u00fcllt von ICQRF VR 7932 IT und vertrieben von Bardoleat sas \u2013 Via Toscanini 1, 37011 Bardolino VR<\/p>\n<p>Flasche von 750 ml<\/p>\n","protected":false},"excerpt":{"rendered":"<p>Ein fruchtiger, sanfter Wein, der aus dem Bardolino-Gebiet zwischen dem Gardasee und den windigen H\u00e4ngen des Monte Baldo stammt.<\/p>\n<p>Er zeichnet sich durch eine leuchtende, kirschrosa Farbe aus. In der Nase ist er sauber mit intensiven fruchtigen Noten von Kirschen und kleinen roten Fr\u00fcchten sowie Zitrusnoten, die seine Frische unterstreichen. Am Gaumen ist er frisch, flie\u00dfend mit einer ausgepr\u00e4gten S\u00e4ure und einer mineralischen Note, die dem Wein eine Anmut und einen salzigen Charakter verleihen, der typisch f\u00fcr Weine aus diesem Gebiet ist.<\/p>\n<p>Die <strong>ORGANIC-Zertifizierung<\/strong> zeugt von den hohen Qualit\u00e4tsstandards.<\/p>\n<h3>Begleitende Weine<\/h3>\n<p>Ein leicht zu trinkender, frischer und leichter Wein, der zu leichten Gerichten wie Suppen, Gem\u00fcse und Weichk\u00e4se, aber auch zu Aufschnitt, Fisch und Pizza passt.<\/p>\n<h3>Weinbereitung<\/h3>\n<p>Wei\u00dfwein mit einer leichten Mazeration auf den Schalen von h\u00f6chstens 4 Stunden, w\u00e4hrend die G\u00e4rung bei einer kontrollierten Temperatur von etwa 17\u00b0C stattfindet.<\/p>\n<h3>Weinberge<\/h3>\n<p>F\u00fcr die Herstellung dieses Produkts werden Trauben aus Weinbergen in der Ebene verwendet, was zu einem weicheren und geschmeidigeren Wein f\u00fchrt. Das Erziehungssystem ist die Veroneser Doppelpergola.<\/p>\n<p>Packung mit 6 Flaschen<\/p>\n","protected":false},"featured_media":12840,"comment_status":"open","ping_status":"closed","template":"","meta":[],"product_brand":[],"product_cat":[104],"product_tag":[],"class_list":{"0":"post-12849","1":"product","2":"type-product","3":"status-publish","4":"has-post-thumbnail","6":"product_cat-wein-de","8":"first","9":"instock","10":"sale","11":"shipping-taxable","12":"purchasable","13":"product-type-simple"},"_links":{"self":[{"href":"https:\/\/bardoleat.com\/de\/wp-json\/wp\/v2\/product\/12849","targetHints":{"allow":["GET"]}}],"collection":[{"href":"https:\/\/bardoleat.com\/de\/wp-json\/wp\/v2\/product"}],"about":[{"href":"https:\/\/bardoleat.com\/de\/wp-json\/wp\/v2\/types\/product"}],"replies":[{"embeddable":true,"href":"https:\/\/bardoleat.com\/de\/wp-json\/wp\/v2\/comments?post=12849"}],"version-history":[{"count":0,"href":"https:\/\/bardoleat.com\/de\/wp-json\/wp\/v2\/product\/12849\/revisions"}],"wp:featuredmedia":[{"embeddable":true,"href":"https:\/\/bardoleat.com\/de\/wp-json\/wp\/v2\/media\/12840"}],"wp:attachment":[{"href":"https:\/\/bardoleat.com\/de\/wp-json\/wp\/v2\/media?parent=12849"}],"wp:term":[{"taxonomy":"product_brand","embeddable":true,"href":"https:\/\/bardoleat.com\/de\/wp-json\/wp\/v2\/product_brand?post=12849"},{"taxonomy":"product_cat","embeddable":true,"href":"https:\/\/bardoleat.com\/de\/wp-json\/wp\/v2\/product_cat?post=12849"},{"taxonomy":"product_tag","embeddable":true,"href":"https:\/\/bardoleat.com\/de\/wp-json\/wp\/v2\/product_tag?post=12849"}],"curies":[{"name":"wp","href":"https:\/\/api.w.org\/{rel}","templated":true}]}}