{"id":12872,"date":"2023-12-27T14:40:12","date_gmt":"2023-12-27T12:40:12","guid":{"rendered":"https:\/\/bardoleat.com\/prodotto\/flussige-zitronenseife\/"},"modified":"2023-12-27T14:40:12","modified_gmt":"2023-12-27T12:40:12","slug":"flussige-zitronenseife","status":"publish","type":"product","link":"https:\/\/bardoleat.com\/de\/prodotto\/flussige-zitronenseife\/","title":{"rendered":"Fl\u00fcssige Zitronenseife"},"content":{"rendered":"","protected":false},"excerpt":{"rendered":"<p>Inhalt: 500 ml<\/p>\n<p>Diese Fl\u00fcssigkeit aus Oliven\u00f6l und Zitrone reinigt sanft, ohne den Hydrolipidmantel der Haut anzugreifen. Die weichmachenden Eigenschaften des \u00d6ls machen die Haut weich und spenden ihr langanhaltend Feuchtigkeit.<\/p>\n<p>Dermatologisch getestet.<\/p>\n","protected":false},"featured_media":12869,"comment_status":"open","ping_status":"closed","template":"","meta":[],"product_brand":[],"product_cat":[54],"product_tag":[],"class_list":{"0":"post-12872","1":"product","2":"type-product","3":"status-publish","4":"has-post-thumbnail","6":"product_cat-korperpflege-de","8":"first","9":"instock","10":"shipping-taxable","11":"purchasable","12":"product-type-simple"},"_links":{"self":[{"href":"https:\/\/bardoleat.com\/de\/wp-json\/wp\/v2\/product\/12872","targetHints":{"allow":["GET"]}}],"collection":[{"href":"https:\/\/bardoleat.com\/de\/wp-json\/wp\/v2\/product"}],"about":[{"href":"https:\/\/bardoleat.com\/de\/wp-json\/wp\/v2\/types\/product"}],"replies":[{"embeddable":true,"href":"https:\/\/bardoleat.com\/de\/wp-json\/wp\/v2\/comments?post=12872"}],"version-history":[{"count":0,"href":"https:\/\/bardoleat.com\/de\/wp-json\/wp\/v2\/product\/12872\/revisions"}],"wp:featuredmedia":[{"embeddable":true,"href":"https:\/\/bardoleat.com\/de\/wp-json\/wp\/v2\/media\/12869"}],"wp:attachment":[{"href":"https:\/\/bardoleat.com\/de\/wp-json\/wp\/v2\/media?parent=12872"}],"wp:term":[{"taxonomy":"product_brand","embeddable":true,"href":"https:\/\/bardoleat.com\/de\/wp-json\/wp\/v2\/product_brand?post=12872"},{"taxonomy":"product_cat","embeddable":true,"href":"https:\/\/bardoleat.com\/de\/wp-json\/wp\/v2\/product_cat?post=12872"},{"taxonomy":"product_tag","embeddable":true,"href":"https:\/\/bardoleat.com\/de\/wp-json\/wp\/v2\/product_tag?post=12872"}],"curies":[{"name":"wp","href":"https:\/\/api.w.org\/{rel}","templated":true}]}}