{"id":13039,"date":"2024-01-05T18:22:10","date_gmt":"2024-01-05T16:22:10","guid":{"rendered":"https:\/\/bardoleat.com\/prodotto\/gift-card\/"},"modified":"2024-01-05T18:46:41","modified_gmt":"2024-01-05T16:46:41","slug":"gift-card","status":"publish","type":"product","link":"https:\/\/bardoleat.com\/de\/prodotto\/gift-card\/","title":{"rendered":"Gift Card"},"content":{"rendered":"","protected":false},"excerpt":{"rendered":"<p>Sie sind unschl\u00fcssig \u00fcber ein Geschenk? Hier ist unsere neue Geschenkkarte f\u00fcr Sie!<\/p>\n<p>W\u00e4hlen Sie den entsprechenden Wert und wir senden Ihnen den Gutschein per E-Mail zu, den Sie f\u00fcr alle Produkte in unserem Online-Shop verwenden k\u00f6nnen.<\/p>\n<p>Die virtuelle Karte kann ab dem Zeitpunkt des Kaufs 1 Jahr lang verwendet werden.<\/p>\n<p>Die Bedienung ist einfach: Legen Sie die Geschenkkarte in den Warenkorb und w\u00e4hlen Sie den gew\u00fcnschten Betrag. Schlie\u00dfen Sie nun den Kaufvorgang ab. Geben Sie nun die E-Mail-Adresse Ihres Freundes in den Abschnitt &#8220;Zus\u00e4tzliche Informationen \/ Bestellhinweise&#8221; ein. Wenn diese Informationen nicht angegeben werden, wird der Geschenkgutschein an Ihre E-Mail-Adresse gesendet.<\/p>\n<p>Der Gutschein wird innerhalb von 2 Werktagen verschickt und ist 1 Jahr lang g\u00fcltig.<\/p>\n","protected":false},"featured_media":13029,"comment_status":"open","ping_status":"closed","template":"","meta":[],"product_brand":[],"product_cat":[64,56,54,58,104,469],"product_tag":[],"class_list":{"0":"post-13039","1":"product","2":"type-product","3":"status-publish","4":"has-post-thumbnail","6":"product_cat-essig","7":"product_cat-gastronomie","8":"product_cat-korperpflege-de","9":"product_cat-olivenol","10":"product_cat-wein-de","11":"product_cat-zubehoer","13":"first","14":"instock","15":"shipping-taxable","16":"purchasable","17":"product-type-variable"},"_links":{"self":[{"href":"https:\/\/bardoleat.com\/de\/wp-json\/wp\/v2\/product\/13039","targetHints":{"allow":["GET"]}}],"collection":[{"href":"https:\/\/bardoleat.com\/de\/wp-json\/wp\/v2\/product"}],"about":[{"href":"https:\/\/bardoleat.com\/de\/wp-json\/wp\/v2\/types\/product"}],"replies":[{"embeddable":true,"href":"https:\/\/bardoleat.com\/de\/wp-json\/wp\/v2\/comments?post=13039"}],"version-history":[{"count":0,"href":"https:\/\/bardoleat.com\/de\/wp-json\/wp\/v2\/product\/13039\/revisions"}],"wp:featuredmedia":[{"embeddable":true,"href":"https:\/\/bardoleat.com\/de\/wp-json\/wp\/v2\/media\/13029"}],"wp:attachment":[{"href":"https:\/\/bardoleat.com\/de\/wp-json\/wp\/v2\/media?parent=13039"}],"wp:term":[{"taxonomy":"product_brand","embeddable":true,"href":"https:\/\/bardoleat.com\/de\/wp-json\/wp\/v2\/product_brand?post=13039"},{"taxonomy":"product_cat","embeddable":true,"href":"https:\/\/bardoleat.com\/de\/wp-json\/wp\/v2\/product_cat?post=13039"},{"taxonomy":"product_tag","embeddable":true,"href":"https:\/\/bardoleat.com\/de\/wp-json\/wp\/v2\/product_tag?post=13039"}],"curies":[{"name":"wp","href":"https:\/\/api.w.org\/{rel}","templated":true}]}}