{"id":14448,"date":"2024-07-30T10:48:16","date_gmt":"2024-07-30T08:50:18","guid":{"rendered":"https:\/\/bardoleat.com\/?post_type=product&#038;p=14448"},"modified":"2024-07-30T10:50:19","modified_gmt":"2024-07-30T08:50:19","slug":"montebaldo-bardolino-doc-le-grotte-vinicio-bronzo","status":"publish","type":"product","link":"https:\/\/bardoleat.com\/de\/prodotto\/montebaldo-bardolino-doc-le-grotte-vinicio-bronzo\/","title":{"rendered":"Montebaldo Bardolino Doc Le Grotte Vinicio Bronzo"},"content":{"rendered":"<p>Azienda Agricola Vinicio Bronzo &#8211; Caprino Veronese<\/p>\n","protected":false},"excerpt":{"rendered":"<p><em><em><strong><img fetchpriority=\"high\" decoding=\"async\" class=\"size-medium wp-image-14434 alignleft\" src=\"https:\/\/bardoleat.com\/wp-content\/uploads\/2024\/07\/IMG_4562-300x236.avif\" alt=\"\" width=\"300\" height=\"236\" srcset=\"https:\/\/bardoleat.com\/wp-content\/uploads\/2024\/07\/IMG_4562-300x236.avif 300w, https:\/\/bardoleat.com\/wp-content\/uploads\/2024\/07\/IMG_4562-768x604.avif 768w, https:\/\/bardoleat.com\/wp-content\/uploads\/2024\/07\/IMG_4562-600x472.avif 600w, https:\/\/bardoleat.com\/wp-content\/uploads\/2024\/07\/IMG_4562.avif 1000w\" sizes=\"(max-width: 300px) 100vw, 300px\" \/><\/strong><\/em><\/em><\/p>\n<p><em><strong>In Terrakotta-Amphoren gereifter Wein!<\/strong><\/em><\/p>\n<p>&#8211; 12,5% vol.<br \/>\n&#8211; Leuchtendes Rubinrot<br \/>\n&#8211; Corvina, Rondinella, Molinara<br \/>\n&#8211; strukturiert<br \/>\n&#8211; 16-18\u00b0C pfeffrige Gerichte, Salami mit Polenta<\/p>\n<h3>Organoleptische Eigenschaften<\/h3>\n<p>Leuchtendes Rubinrot, in der Nase offen und sauber, mit w\u00fcrzigen Noten von wei\u00dfem Pfeffer, die besonders hervorstechen, begleitet von Noten von kleinen roten Fr\u00fcchten und Granatapfel. Im Mund ist er mittelstark strukturiert mit trockenen Tanninen, die durch den Ausbau in Amphoren abgerundet werden. Die Mineralit\u00e4t und die W\u00fcrzigkeit verleihen dem Gaumen eine gute Persistenz, die sofort zu einem zweiten Schluck einl\u00e4dt.<\/p>\n<h3>Begleitende Weine<\/h3>\n<p>Die w\u00fcrzige Note macht ihn zu einem Wein, der gut zu pfeffrigen\u201c Gerichten passt. Er eignet sich hervorragend zu Carbonara, Gricia oder Cacio e Pepe, aber auch zu gegrilltem Fleisch oder einer einfachen, aber schmackhaften Salamella mit Polenta.<\/p>\n<h3>Weinbereitung<\/h3>\n<p>Die Weinbereitung erfolgt ohne Zusatz von Sulfiten, dazu werden die Trauben auf dem Feld ausgew\u00e4hlt, so dass nur die ges\u00fcndesten ausgew\u00e4hlt werden. Im Keller beginnt sofort die alkoholische G\u00e4rung mit Kontakt zum Trester, der 15 Tage oder l\u00e4nger dauern kann. Nach der alkoholischen G\u00e4rung wird nur der Bl\u00fctenwein abgezogen, ohne dass der Trester gepresst wird. Nach einer drei-\/viermonatigen Verfeinerung in Stahltanks reift der Wein etwa 12-14 Monate in Amphoren und wird dann abgef\u00fcllt.<\/p>\n<h3>Weinberge<\/h3>\n<p>Die Trauben f\u00fcr diesen Wein stammen aus einem einzigen Weinberg namens Le Grotte, einem terrassenf\u00f6rmig angelegten, von Trockenmauern gest\u00fctzten Weinberg auf einer H\u00f6he zwischen 350 und 400 Metern \u00fcber dem Meeresspiegel mit S\u00fcd-S\u00fcdost-Ausrichtung. Das Erziehungssystem ist die doppelte Veroneser Pergola.<\/p>\n","protected":false},"featured_media":14446,"comment_status":"open","ping_status":"closed","template":"","meta":[],"product_brand":[],"product_cat":[104],"product_tag":[506,505],"class_list":{"0":"post-14448","1":"product","2":"type-product","3":"status-publish","4":"has-post-thumbnail","6":"product_cat-wein-de","7":"product_tag-bardolino-in-anfora-de","8":"product_tag-montebaldo-bardolino-doc-de","10":"first","11":"instock","12":"shipping-taxable","13":"purchasable","14":"product-type-simple"},"_links":{"self":[{"href":"https:\/\/bardoleat.com\/de\/wp-json\/wp\/v2\/product\/14448","targetHints":{"allow":["GET"]}}],"collection":[{"href":"https:\/\/bardoleat.com\/de\/wp-json\/wp\/v2\/product"}],"about":[{"href":"https:\/\/bardoleat.com\/de\/wp-json\/wp\/v2\/types\/product"}],"replies":[{"embeddable":true,"href":"https:\/\/bardoleat.com\/de\/wp-json\/wp\/v2\/comments?post=14448"}],"version-history":[{"count":0,"href":"https:\/\/bardoleat.com\/de\/wp-json\/wp\/v2\/product\/14448\/revisions"}],"wp:featuredmedia":[{"embeddable":true,"href":"https:\/\/bardoleat.com\/de\/wp-json\/wp\/v2\/media\/14446"}],"wp:attachment":[{"href":"https:\/\/bardoleat.com\/de\/wp-json\/wp\/v2\/media?parent=14448"}],"wp:term":[{"taxonomy":"product_brand","embeddable":true,"href":"https:\/\/bardoleat.com\/de\/wp-json\/wp\/v2\/product_brand?post=14448"},{"taxonomy":"product_cat","embeddable":true,"href":"https:\/\/bardoleat.com\/de\/wp-json\/wp\/v2\/product_cat?post=14448"},{"taxonomy":"product_tag","embeddable":true,"href":"https:\/\/bardoleat.com\/de\/wp-json\/wp\/v2\/product_tag?post=14448"}],"curies":[{"name":"wp","href":"https:\/\/api.w.org\/{rel}","templated":true}]}}