{"id":14513,"date":"2024-08-09T10:53:42","date_gmt":"2024-08-09T08:53:42","guid":{"rendered":"https:\/\/bardoleat.com\/prodotto\/liquore-a-base-di-erba-luigia-dicisano\/"},"modified":"2024-10-05T16:53:35","modified_gmt":"2024-10-05T14:53:35","slug":"liquore-a-base-di-erba-luigia-dicisano","status":"publish","type":"product","link":"https:\/\/bardoleat.com\/de\/prodotto\/liquore-a-base-di-erba-luigia-dicisano\/","title":{"rendered":"Liquore a base di erba luigia &#8220;Dicisano&#8221;"},"content":{"rendered":"<p>Ein leichtes Produkt, das wenig Alkohol und Zucker enth\u00e4lt, ohne an Qualit\u00e4t und unverwechselbarem Geschmack zu verlieren. Das Ergebnis ist ein vielseitiger und au\u00dfergew\u00f6hnlicher Lik\u00f6r: Dicisano l\u00e4sst sich hervorragend bei Zimmertemperatur genie\u00dfen oder als Basis f\u00fcr Cocktails und Aperitifs verwenden.<\/p>\n","protected":false},"excerpt":{"rendered":"<ul>\n<li><strong>Format lt.:<\/strong> 0,50 lt.<\/li>\n<li><strong>Alkoholgehalt:<\/strong> 28 VOL.%.<\/li>\n<li><strong>Herkunftsregion:<\/strong> Venetien<\/li>\n<li><strong>Verwendete pflanzliche Stoffe:<\/strong> Erba Luigia<\/li>\n<\/ul>\n<p>Dicisano ist ein nat\u00fcrlich frischer, fruchtiger Lik\u00f6r, der aus einem Aufguss von frischer Erba Luigia hergestellt wird. Das Produkt und sein Rezept stammen vom Gardasee und werden in der Ortschaft Cisano am Veroneser Ufer des Sees hergestellt, dem Ort, der den Namen und das Symbol des Produkts inspiriert hat.<\/p>\n<p>Ein Lik\u00f6r mit frischem, zitrusartigem Geschmack. Die Kopfnoten, die durch den Aufguss von Erba Luigia entstehen, verleihen ihm einen eindeutigen, erkennbaren und einzigartigen Geschmack.<\/p>\n<p>Der Nachgeschmack ist bitter.<\/p>\n","protected":false},"featured_media":14509,"comment_status":"open","ping_status":"closed","template":"","meta":[],"product_brand":[],"product_cat":[508],"product_tag":[],"class_list":{"0":"post-14513","1":"product","2":"type-product","3":"status-publish","4":"has-post-thumbnail","6":"product_cat-liquori-de","8":"first","9":"instock","10":"shipping-taxable","11":"purchasable","12":"product-type-simple"},"_links":{"self":[{"href":"https:\/\/bardoleat.com\/de\/wp-json\/wp\/v2\/product\/14513","targetHints":{"allow":["GET"]}}],"collection":[{"href":"https:\/\/bardoleat.com\/de\/wp-json\/wp\/v2\/product"}],"about":[{"href":"https:\/\/bardoleat.com\/de\/wp-json\/wp\/v2\/types\/product"}],"replies":[{"embeddable":true,"href":"https:\/\/bardoleat.com\/de\/wp-json\/wp\/v2\/comments?post=14513"}],"version-history":[{"count":0,"href":"https:\/\/bardoleat.com\/de\/wp-json\/wp\/v2\/product\/14513\/revisions"}],"wp:featuredmedia":[{"embeddable":true,"href":"https:\/\/bardoleat.com\/de\/wp-json\/wp\/v2\/media\/14509"}],"wp:attachment":[{"href":"https:\/\/bardoleat.com\/de\/wp-json\/wp\/v2\/media?parent=14513"}],"wp:term":[{"taxonomy":"product_brand","embeddable":true,"href":"https:\/\/bardoleat.com\/de\/wp-json\/wp\/v2\/product_brand?post=14513"},{"taxonomy":"product_cat","embeddable":true,"href":"https:\/\/bardoleat.com\/de\/wp-json\/wp\/v2\/product_cat?post=14513"},{"taxonomy":"product_tag","embeddable":true,"href":"https:\/\/bardoleat.com\/de\/wp-json\/wp\/v2\/product_tag?post=14513"}],"curies":[{"name":"wp","href":"https:\/\/api.w.org\/{rel}","templated":true}]}}