{"id":15456,"date":"2024-10-08T13:13:41","date_gmt":"2024-10-08T11:13:41","guid":{"rendered":"https:\/\/bardoleat.com\/prodotto\/luz-gin-lemon-limited-edition-marzadro\/"},"modified":"2024-10-08T13:13:41","modified_gmt":"2024-10-08T11:13:41","slug":"luz-gin-lemon-limited-edition-marzadro","status":"publish","type":"product","link":"https:\/\/bardoleat.com\/de\/prodotto\/luz-gin-lemon-limited-edition-marzadro\/","title":{"rendered":"Luz Gin Lemon Limited Edition \u201cMarzadro\u201d"},"content":{"rendered":"<ul>\n<li>Alkoholgehalt: 45. VOL %<\/li>\n<li>Format lt.: 0,70 lt.<\/li>\n<li>Botanicals: Zitronen, Wacholder, Minze, Olivenbl\u00e4tter, Asperula, Rosmarin, Salbei, Muskatellersalbei, Lorbeer<\/li>\n<li>Herkunftsregion: Venetien<\/li>\n<li>Struktur: krautig<\/li>\n<\/ul>\n","protected":false},"excerpt":{"rendered":"<p>Luz Gin Lemon \/ Limitierte Auflage &#8211; 700 ml<\/p>\n<p><strong>Luz London Dry Gin<\/strong> ist eine limitierte Auflage von nur 3500 Flaschen.<\/p>\n<p>Luz Gin Lemon ist ein Rezept des Barkeepers Leonardo Veronesi. Luz Gin Lemon wird mit Luz Gin Distilled als Alkoholbasis hergestellt und mit 9 Botanicals aus dem Trentino: Zitrone, Wacholder, Waldmeister, Olive, Minze, Lorbeer, Rosmarin, Muskatellersalbei und Salbei. Anschlie\u00dfend wird er 40 Stunden lang in den Schalen der Gardasee-Zitronen mazeriert, wodurch der Gin eine angenehme F\u00e4rbung und einen frischen Geschmack mit erkennbaren Noten von Zitrusfr\u00fcchten und \u00e4therischen \u00d6len erh\u00e4lt; am Gaumen ist er weich, samtig, ausgewogen, mit einem Abgang von Zitrusfr\u00fcchten und ausgezeichnetem Nachklang.<\/p>\n","protected":false},"featured_media":15452,"comment_status":"open","ping_status":"closed","template":"","meta":[],"product_brand":[],"product_cat":[508],"product_tag":[],"class_list":{"0":"post-15456","1":"product","2":"type-product","3":"status-publish","4":"has-post-thumbnail","6":"product_cat-liquori-de","8":"first","9":"instock","10":"shipping-taxable","11":"purchasable","12":"product-type-simple"},"_links":{"self":[{"href":"https:\/\/bardoleat.com\/de\/wp-json\/wp\/v2\/product\/15456","targetHints":{"allow":["GET"]}}],"collection":[{"href":"https:\/\/bardoleat.com\/de\/wp-json\/wp\/v2\/product"}],"about":[{"href":"https:\/\/bardoleat.com\/de\/wp-json\/wp\/v2\/types\/product"}],"replies":[{"embeddable":true,"href":"https:\/\/bardoleat.com\/de\/wp-json\/wp\/v2\/comments?post=15456"}],"version-history":[{"count":0,"href":"https:\/\/bardoleat.com\/de\/wp-json\/wp\/v2\/product\/15456\/revisions"}],"wp:featuredmedia":[{"embeddable":true,"href":"https:\/\/bardoleat.com\/de\/wp-json\/wp\/v2\/media\/15452"}],"wp:attachment":[{"href":"https:\/\/bardoleat.com\/de\/wp-json\/wp\/v2\/media?parent=15456"}],"wp:term":[{"taxonomy":"product_brand","embeddable":true,"href":"https:\/\/bardoleat.com\/de\/wp-json\/wp\/v2\/product_brand?post=15456"},{"taxonomy":"product_cat","embeddable":true,"href":"https:\/\/bardoleat.com\/de\/wp-json\/wp\/v2\/product_cat?post=15456"},{"taxonomy":"product_tag","embeddable":true,"href":"https:\/\/bardoleat.com\/de\/wp-json\/wp\/v2\/product_tag?post=15456"}],"curies":[{"name":"wp","href":"https:\/\/api.w.org\/{rel}","templated":true}]}}