{"id":15465,"date":"2024-10-08T13:53:30","date_gmt":"2024-10-08T11:53:30","guid":{"rendered":"https:\/\/bardoleat.com\/prodotto\/grappa-diciotto-lune-marzadro\/"},"modified":"2024-10-08T13:53:30","modified_gmt":"2024-10-08T11:53:30","slug":"grappa-diciotto-lune-marzadro","status":"publish","type":"product","link":"https:\/\/bardoleat.com\/de\/prodotto\/grappa-diciotto-lune-marzadro\/","title":{"rendered":"Grappa Diciotto Lune &#8220;Marzadro&#8221;"},"content":{"rendered":"<p>Herstellung: Destillerie Marzadro<\/p>\n","protected":false},"excerpt":{"rendered":"<p><strong>Grappa 18 Lune Marzadro \u2013 50 cl<\/strong><\/p>\n<p>Entdecken Sie die zeitlose Eleganz des <em>Grappa Stravecchia 18 Lune<\/em> von Marzadro, ein Meisterwerk der Trentiner Tradition. Dieser hochwertige Grappa wird aus einer sorgf\u00e4ltigen Auswahl edler roter und wei\u00dfer Trauben-Trester hergestellt und mit dem traditionellen Dampfbrennverfahren in diskontinuierlichen Brennblasen destilliert.<\/p>\n<p>Seine <strong>18-monatige<\/strong> Reifung in kleinen F\u00e4ssern aus Eiche, Kirsche, Esche und Akazie verleiht ihm ein komplexes und harmonisches Bouquet mit zarten Noten von Vanille, Gew\u00fcrzen und Trockenfr\u00fcchten. Am Gaumen zeigt er eine weiche, umh\u00fcllende Textur, die durch eine vollmundige und lang anhaltende Struktur ausgeglichen wird.<\/p>\n<p>Perfekt, um ihn pur nach einer Mahlzeit zu genie\u00dfen, ist dieser Grappa eine wahre Reise in die authentischsten Aromen des Trentino. Er eignet sich auch hervorragend als Geschenk f\u00fcr Kenner und Liebhaber von Spirituosen.<\/p>\n<p><strong>Hauptmerkmale:<\/strong><\/p>\n<ul>\n<li><strong>Typ:<\/strong> Stravecchia Grappa<\/li>\n<li><strong>Reifung:<\/strong> 18 Monate<\/li>\n<li><strong>Aroma:<\/strong> Gew\u00fcrze, Vanille, Trockenfr\u00fcchte<\/li>\n<li><strong>Geschmack:<\/strong> Weich und strukturiert<\/li>\n<li><strong>Flaschengr\u00f6\u00dfe:<\/strong> 50 cl<\/li>\n<li><strong>Alkoholgehalt:<\/strong> 41 %<\/li>\n<\/ul>\n<p>W\u00e4hlen Sie die Raffinesse des Grappa 18 Lune Marzadro f\u00fcr einen Moment puren Genusses oder um jemanden mit einem stilvollen Geschenk zu \u00fcberraschen.<\/p>\n","protected":false},"featured_media":15461,"comment_status":"open","ping_status":"closed","template":"","meta":[],"product_brand":[],"product_cat":[508],"product_tag":[],"class_list":{"0":"post-15465","1":"product","2":"type-product","3":"status-publish","4":"has-post-thumbnail","6":"product_cat-liquori-de","8":"first","9":"instock","10":"shipping-taxable","11":"purchasable","12":"product-type-simple"},"_links":{"self":[{"href":"https:\/\/bardoleat.com\/de\/wp-json\/wp\/v2\/product\/15465","targetHints":{"allow":["GET"]}}],"collection":[{"href":"https:\/\/bardoleat.com\/de\/wp-json\/wp\/v2\/product"}],"about":[{"href":"https:\/\/bardoleat.com\/de\/wp-json\/wp\/v2\/types\/product"}],"replies":[{"embeddable":true,"href":"https:\/\/bardoleat.com\/de\/wp-json\/wp\/v2\/comments?post=15465"}],"version-history":[{"count":0,"href":"https:\/\/bardoleat.com\/de\/wp-json\/wp\/v2\/product\/15465\/revisions"}],"wp:featuredmedia":[{"embeddable":true,"href":"https:\/\/bardoleat.com\/de\/wp-json\/wp\/v2\/media\/15461"}],"wp:attachment":[{"href":"https:\/\/bardoleat.com\/de\/wp-json\/wp\/v2\/media?parent=15465"}],"wp:term":[{"taxonomy":"product_brand","embeddable":true,"href":"https:\/\/bardoleat.com\/de\/wp-json\/wp\/v2\/product_brand?post=15465"},{"taxonomy":"product_cat","embeddable":true,"href":"https:\/\/bardoleat.com\/de\/wp-json\/wp\/v2\/product_cat?post=15465"},{"taxonomy":"product_tag","embeddable":true,"href":"https:\/\/bardoleat.com\/de\/wp-json\/wp\/v2\/product_tag?post=15465"}],"curies":[{"name":"wp","href":"https:\/\/api.w.org\/{rel}","templated":true}]}}