{"id":15534,"date":"2024-10-13T17:29:11","date_gmt":"2024-10-13T15:29:11","guid":{"rendered":"https:\/\/bardoleat.com\/prodotto\/funghi-porcini-secchi\/"},"modified":"2024-10-13T17:29:11","modified_gmt":"2024-10-13T15:29:11","slug":"funghi-porcini-secchi","status":"publish","type":"product","link":"https:\/\/bardoleat.com\/de\/prodotto\/funghi-porcini-secchi\/","title":{"rendered":"Funghi Porcini secchi"},"content":{"rendered":"<p>Hergestellt von: Stan. Zona Industriale Sud 06026 Pietralunga (PG)<br \/>\nErzeugnis mit Ursprung in der EU<\/p>\n<p><strong>DURCHSCHNITTLICHER ERN\u00c4HRUNGSWERT \/ PRO 100g :<\/strong><br \/>\nEnergie 1247 kJ\/299 kcal<br \/>\nFette 8g (davon ges\u00e4ttigt 1,1g)<br \/>\nKohlenhydrate 8,6 g (davon Zucker 7 g)<br \/>\nEiwei\u00df 36 g<br \/>\nSalz 0,11g<\/p>\n","protected":false},"excerpt":{"rendered":"<p>Getrocknete Steinpilze in der 100-g-Packung<\/p>\n<p><strong>Getrocknete Steinpilze &#8211; authentischer Geschmack das ganze Jahr \u00fcber<\/strong><br \/>\nUnsere getrockneten Steinpilze sind das Ergebnis eines sorgf\u00e4ltigen nat\u00fcrlichen Trocknungsprozesses, der ihren Geschmack und ihre Eigenschaften am besten bewahrt. Jede Charge wird sowohl bei der Ankunft in der Fabrik als auch vor dem Verpacken strengen Qualit\u00e4tskontrollen unterzogen. Dank dieser Konservierungsmethode k\u00f6nnen Sie zu jeder Jahreszeit den einzigartigen und unverwechselbaren Geschmack der Steinpilze genie\u00dfen, der jedes Gericht zu etwas Besonderem macht.<\/p>\n<p>Qualit\u00e4t: Briciole<\/p>\n<p>Die Steinpilze etwa 30 Minuten in lauwarmes Wasser legen, abtropfen lassen und ausdr\u00fccken.<\/p>\n","protected":false},"featured_media":15532,"comment_status":"open","ping_status":"closed","template":"","meta":[],"product_brand":[],"product_cat":[56],"product_tag":[],"class_list":{"0":"post-15534","1":"product","2":"type-product","3":"status-publish","4":"has-post-thumbnail","6":"product_cat-gastronomie","8":"first","9":"instock","10":"shipping-taxable","11":"purchasable","12":"product-type-simple"},"_links":{"self":[{"href":"https:\/\/bardoleat.com\/de\/wp-json\/wp\/v2\/product\/15534","targetHints":{"allow":["GET"]}}],"collection":[{"href":"https:\/\/bardoleat.com\/de\/wp-json\/wp\/v2\/product"}],"about":[{"href":"https:\/\/bardoleat.com\/de\/wp-json\/wp\/v2\/types\/product"}],"replies":[{"embeddable":true,"href":"https:\/\/bardoleat.com\/de\/wp-json\/wp\/v2\/comments?post=15534"}],"version-history":[{"count":0,"href":"https:\/\/bardoleat.com\/de\/wp-json\/wp\/v2\/product\/15534\/revisions"}],"wp:featuredmedia":[{"embeddable":true,"href":"https:\/\/bardoleat.com\/de\/wp-json\/wp\/v2\/media\/15532"}],"wp:attachment":[{"href":"https:\/\/bardoleat.com\/de\/wp-json\/wp\/v2\/media?parent=15534"}],"wp:term":[{"taxonomy":"product_brand","embeddable":true,"href":"https:\/\/bardoleat.com\/de\/wp-json\/wp\/v2\/product_brand?post=15534"},{"taxonomy":"product_cat","embeddable":true,"href":"https:\/\/bardoleat.com\/de\/wp-json\/wp\/v2\/product_cat?post=15534"},{"taxonomy":"product_tag","embeddable":true,"href":"https:\/\/bardoleat.com\/de\/wp-json\/wp\/v2\/product_tag?post=15534"}],"curies":[{"name":"wp","href":"https:\/\/api.w.org\/{rel}","templated":true}]}}