{"id":15543,"date":"2024-10-13T17:44:15","date_gmt":"2024-10-13T15:44:15","guid":{"rendered":"https:\/\/bardoleat.com\/prodotto\/dreierpack-kaesecremes\/"},"modified":"2024-10-13T17:44:15","modified_gmt":"2024-10-13T15:44:15","slug":"dreierpack-kaesecremes","status":"publish","type":"product","link":"https:\/\/bardoleat.com\/de\/prodotto\/dreierpack-kaesecremes\/","title":{"rendered":"Dreierpack K\u00e4secremes"},"content":{"rendered":"<p>Hersteller: Orto d\u2019Autore S.r.l. &#8211; Molise<\/p>\n","protected":false},"excerpt":{"rendered":"<p>W\u00fcrzige Cremes f\u00fcr K\u00e4se im Dreierpack (3 x 100 g). Perfekt f\u00fcr die Kombination mit allen K\u00e4sesorten. In der Box findest du Vorschl\u00e4ge zur Kombination.<\/p>\n<p><strong>Extra Traubenkonfit\u00fcre<\/strong><br \/>\nZutaten: Trauben (150 %), Zucker, Zitronensaft. Verdickungsmittel: Pektin. Nettogewicht: 100 g<\/p>\n<p><strong>Feigenaufstrich<\/strong><br \/>\nZutaten: Feigen (70 %), Zucker, Senf, scharfe Chilischote (1 %), nat\u00fcrliche Aromen, Zitronensaft. Verdickungsmittel: Pektin. ENTH\u00c4LT SENF. Nettogewicht: 100 g<\/p>\n<p><strong>Rote Zwiebelkompott<\/strong><br \/>\nZutaten: Rote Zwiebeln (70 %), Zucker, Zitronensaft. Verdickungsmittel: Pektin. Nettogewicht: 100 g<\/p>\n","protected":false},"featured_media":15540,"comment_status":"open","ping_status":"closed","template":"","meta":[],"product_brand":[],"product_cat":[56],"product_tag":[],"class_list":{"0":"post-15543","1":"product","2":"type-product","3":"status-publish","4":"has-post-thumbnail","6":"product_cat-gastronomie","8":"first","9":"instock","10":"shipping-taxable","11":"purchasable","12":"product-type-simple"},"_links":{"self":[{"href":"https:\/\/bardoleat.com\/de\/wp-json\/wp\/v2\/product\/15543","targetHints":{"allow":["GET"]}}],"collection":[{"href":"https:\/\/bardoleat.com\/de\/wp-json\/wp\/v2\/product"}],"about":[{"href":"https:\/\/bardoleat.com\/de\/wp-json\/wp\/v2\/types\/product"}],"replies":[{"embeddable":true,"href":"https:\/\/bardoleat.com\/de\/wp-json\/wp\/v2\/comments?post=15543"}],"version-history":[{"count":0,"href":"https:\/\/bardoleat.com\/de\/wp-json\/wp\/v2\/product\/15543\/revisions"}],"wp:featuredmedia":[{"embeddable":true,"href":"https:\/\/bardoleat.com\/de\/wp-json\/wp\/v2\/media\/15540"}],"wp:attachment":[{"href":"https:\/\/bardoleat.com\/de\/wp-json\/wp\/v2\/media?parent=15543"}],"wp:term":[{"taxonomy":"product_brand","embeddable":true,"href":"https:\/\/bardoleat.com\/de\/wp-json\/wp\/v2\/product_brand?post=15543"},{"taxonomy":"product_cat","embeddable":true,"href":"https:\/\/bardoleat.com\/de\/wp-json\/wp\/v2\/product_cat?post=15543"},{"taxonomy":"product_tag","embeddable":true,"href":"https:\/\/bardoleat.com\/de\/wp-json\/wp\/v2\/product_tag?post=15543"}],"curies":[{"name":"wp","href":"https:\/\/api.w.org\/{rel}","templated":true}]}}