{"id":15706,"date":"2024-10-31T13:37:58","date_gmt":"2024-10-31T11:37:58","guid":{"rendered":"https:\/\/bardoleat.com\/prodotto\/crema-spalmabile-al-caramello-salato\/"},"modified":"2024-10-31T13:37:58","modified_gmt":"2024-10-31T11:37:58","slug":"crema-spalmabile-al-caramello-salato","status":"publish","type":"product","link":"https:\/\/bardoleat.com\/de\/prodotto\/crema-spalmabile-al-caramello-salato\/","title":{"rendered":"Crema spalmabile al Caramello Salato"},"content":{"rendered":"<p><b><strong>Zutaten<\/strong><\/b>: Zucker, pflanzliche \u00d6le und Fette (Sonnenblume, Kokosnuss, Kakaobutter, Saflor), MILCHmolkenpulver, BUTTER, Emulgator Sonnenblumenlecithin, Aroma, Rosmarinextrakt.<\/p>\n","protected":false},"excerpt":{"rendered":"<p><b><strong>Aufstrich mit gesalzener Butter und Karamellgeschmack, 220g-Glas.<\/strong><\/b><\/p>\n<p><b><strong>Verwendung<\/strong><\/b>: l\u00f6ffelweise, als Brotaufstrich, zum Verfeinern von Obst, Kuchen, Eis oder zum Aromatisieren und S\u00fc\u00dfen eines guten Kaffees.<\/p>\n","protected":false},"featured_media":15702,"comment_status":"open","ping_status":"closed","template":"","meta":[],"product_brand":[],"product_cat":[56],"product_tag":[],"class_list":{"0":"post-15706","1":"product","2":"type-product","3":"status-publish","4":"has-post-thumbnail","6":"product_cat-gastronomie","8":"first","9":"instock","10":"shipping-taxable","11":"purchasable","12":"product-type-simple"},"_links":{"self":[{"href":"https:\/\/bardoleat.com\/de\/wp-json\/wp\/v2\/product\/15706","targetHints":{"allow":["GET"]}}],"collection":[{"href":"https:\/\/bardoleat.com\/de\/wp-json\/wp\/v2\/product"}],"about":[{"href":"https:\/\/bardoleat.com\/de\/wp-json\/wp\/v2\/types\/product"}],"replies":[{"embeddable":true,"href":"https:\/\/bardoleat.com\/de\/wp-json\/wp\/v2\/comments?post=15706"}],"version-history":[{"count":0,"href":"https:\/\/bardoleat.com\/de\/wp-json\/wp\/v2\/product\/15706\/revisions"}],"wp:featuredmedia":[{"embeddable":true,"href":"https:\/\/bardoleat.com\/de\/wp-json\/wp\/v2\/media\/15702"}],"wp:attachment":[{"href":"https:\/\/bardoleat.com\/de\/wp-json\/wp\/v2\/media?parent=15706"}],"wp:term":[{"taxonomy":"product_brand","embeddable":true,"href":"https:\/\/bardoleat.com\/de\/wp-json\/wp\/v2\/product_brand?post=15706"},{"taxonomy":"product_cat","embeddable":true,"href":"https:\/\/bardoleat.com\/de\/wp-json\/wp\/v2\/product_cat?post=15706"},{"taxonomy":"product_tag","embeddable":true,"href":"https:\/\/bardoleat.com\/de\/wp-json\/wp\/v2\/product_tag?post=15706"}],"curies":[{"name":"wp","href":"https:\/\/api.w.org\/{rel}","templated":true}]}}