{"id":16177,"date":"2024-12-16T16:42:15","date_gmt":"2024-12-16T14:42:15","guid":{"rendered":"https:\/\/bardoleat.com\/prodotto\/sugo-aglio-olio-e-peperoncino\/"},"modified":"2024-12-16T16:42:15","modified_gmt":"2024-12-16T14:42:15","slug":"sugo-aglio-olio-e-peperoncino","status":"publish","type":"product","link":"https:\/\/bardoleat.com\/de\/prodotto\/sugo-aglio-olio-e-peperoncino\/","title":{"rendered":"Sugo Aglio Olio e Peperoncino"},"content":{"rendered":"<p><strong>Zutaten:<\/strong> Chilischote, Knoblauch, natives Oliven\u00f6l extra, Salz, S\u00e4uerungsmittel: Zitronens\u00e4ure.<\/p>\n<p>100 % italienisches Produkt, verpackt in Via Marittima, Loc. Fossanova Priverno (LT).<\/p>\n","protected":false},"excerpt":{"rendered":"<p><strong>Inhalt:<\/strong> 180 g<\/p>\n<p>Verleihen Sie Ihren Gerichten die Einfachheit und den Geschmack der italienischen Tradition: eine gebrauchsfertige Sauce mit intensivem und w\u00fcrzigem Geschmack, perfekt f\u00fcr ein schnelles und unvergessliches Pastagericht. Hergestellt aus hochwertigen Zutaten, 100 % italienisch.<\/p>\n<p>Nach dem \u00d6ffnen im K\u00fchlschrank aufbewahren.<\/p>\n","protected":false},"featured_media":16174,"comment_status":"open","ping_status":"closed","template":"","meta":[],"product_brand":[],"product_cat":[56],"product_tag":[],"class_list":{"0":"post-16177","1":"product","2":"type-product","3":"status-publish","4":"has-post-thumbnail","6":"product_cat-gastronomie","8":"first","9":"instock","10":"shipping-taxable","11":"purchasable","12":"product-type-simple"},"_links":{"self":[{"href":"https:\/\/bardoleat.com\/de\/wp-json\/wp\/v2\/product\/16177","targetHints":{"allow":["GET"]}}],"collection":[{"href":"https:\/\/bardoleat.com\/de\/wp-json\/wp\/v2\/product"}],"about":[{"href":"https:\/\/bardoleat.com\/de\/wp-json\/wp\/v2\/types\/product"}],"replies":[{"embeddable":true,"href":"https:\/\/bardoleat.com\/de\/wp-json\/wp\/v2\/comments?post=16177"}],"version-history":[{"count":0,"href":"https:\/\/bardoleat.com\/de\/wp-json\/wp\/v2\/product\/16177\/revisions"}],"wp:featuredmedia":[{"embeddable":true,"href":"https:\/\/bardoleat.com\/de\/wp-json\/wp\/v2\/media\/16174"}],"wp:attachment":[{"href":"https:\/\/bardoleat.com\/de\/wp-json\/wp\/v2\/media?parent=16177"}],"wp:term":[{"taxonomy":"product_brand","embeddable":true,"href":"https:\/\/bardoleat.com\/de\/wp-json\/wp\/v2\/product_brand?post=16177"},{"taxonomy":"product_cat","embeddable":true,"href":"https:\/\/bardoleat.com\/de\/wp-json\/wp\/v2\/product_cat?post=16177"},{"taxonomy":"product_tag","embeddable":true,"href":"https:\/\/bardoleat.com\/de\/wp-json\/wp\/v2\/product_tag?post=16177"}],"curies":[{"name":"wp","href":"https:\/\/api.w.org\/{rel}","templated":true}]}}