{"id":16211,"date":"2024-12-29T15:12:21","date_gmt":"2024-12-29T13:12:21","guid":{"rendered":"https:\/\/bardoleat.com\/prodotto\/box-tartufosa\/"},"modified":"2024-12-29T15:12:21","modified_gmt":"2024-12-29T13:12:21","slug":"box-tartufosa","status":"publish","type":"product","link":"https:\/\/bardoleat.com\/de\/prodotto\/box-tartufosa\/","title":{"rendered":"Box Tartufosa"},"content":{"rendered":"","protected":false},"excerpt":{"rendered":"<p>Vier sehr erfolgreiche Tr\u00fcffelprodukte f\u00fcr Ihr hochwertiges Abendessen.<\/p>\n<p>In der Schachtel finden Sie:<\/p>\n<ul>\n<li>1 W\u00fcrzmittel mit wei\u00dfem Tr\u00fcffelgeschmack 55 ml<\/li>\n<li>1 Tr\u00fcffelso\u00dfe 50 g<\/li>\n<li>1 Steinpilz-Creme mit wei\u00dfem Tr\u00fcffel 45 g<\/li>\n<li>1 Spezialit\u00e4t aus Sahne und wei\u00dfem Tr\u00fcffel 45 g<\/li>\n<\/ul>\n<p>Die Produkte haben unterschiedliche Haltbarkeitsdaten, sind aber alle sehr lange haltbar.<\/p>\n","protected":false},"featured_media":16208,"comment_status":"open","ping_status":"closed","template":"","meta":[],"product_brand":[],"product_cat":[56],"product_tag":[],"class_list":{"0":"post-16211","1":"product","2":"type-product","3":"status-publish","4":"has-post-thumbnail","6":"product_cat-gastronomie","8":"first","9":"instock","10":"shipping-taxable","11":"purchasable","12":"product-type-simple"},"_links":{"self":[{"href":"https:\/\/bardoleat.com\/de\/wp-json\/wp\/v2\/product\/16211","targetHints":{"allow":["GET"]}}],"collection":[{"href":"https:\/\/bardoleat.com\/de\/wp-json\/wp\/v2\/product"}],"about":[{"href":"https:\/\/bardoleat.com\/de\/wp-json\/wp\/v2\/types\/product"}],"replies":[{"embeddable":true,"href":"https:\/\/bardoleat.com\/de\/wp-json\/wp\/v2\/comments?post=16211"}],"version-history":[{"count":0,"href":"https:\/\/bardoleat.com\/de\/wp-json\/wp\/v2\/product\/16211\/revisions"}],"wp:featuredmedia":[{"embeddable":true,"href":"https:\/\/bardoleat.com\/de\/wp-json\/wp\/v2\/media\/16208"}],"wp:attachment":[{"href":"https:\/\/bardoleat.com\/de\/wp-json\/wp\/v2\/media?parent=16211"}],"wp:term":[{"taxonomy":"product_brand","embeddable":true,"href":"https:\/\/bardoleat.com\/de\/wp-json\/wp\/v2\/product_brand?post=16211"},{"taxonomy":"product_cat","embeddable":true,"href":"https:\/\/bardoleat.com\/de\/wp-json\/wp\/v2\/product_cat?post=16211"},{"taxonomy":"product_tag","embeddable":true,"href":"https:\/\/bardoleat.com\/de\/wp-json\/wp\/v2\/product_tag?post=16211"}],"curies":[{"name":"wp","href":"https:\/\/api.w.org\/{rel}","templated":true}]}}