{"id":16566,"date":"2025-03-10T19:57:01","date_gmt":"2025-03-10T17:57:01","guid":{"rendered":"https:\/\/bardoleat.com\/prodotto\/handcreme-zitrone-und-gardaseeoel\/"},"modified":"2025-03-10T19:57:01","modified_gmt":"2025-03-10T17:57:01","slug":"handcreme-zitrone-und-gardaseeoel","status":"publish","type":"product","link":"https:\/\/bardoleat.com\/de\/prodotto\/handcreme-zitrone-und-gardaseeoel\/","title":{"rendered":"Handcreme Zitrone und Gardasee\u00f6l"},"content":{"rendered":"<p>Produziert von der Azienda Foletto, Ledro.<\/p>\n","protected":false},"excerpt":{"rendered":"<p data-start=\"591\" data-end=\"872\">Feuchtigkeit und Schutz f\u00fcr Ihre H\u00e4nde mit der <strong>Zitronen- und Gardasee-\u00d6l-Handcreme von Foletto<\/strong>. Ihre Formel, angereichert mit <strong>nativem Oliven\u00f6l extra vom Gardasee<\/strong>, pflegt die Haut tiefgehend, w\u00e4hrend <strong>Zitronenextrakt<\/strong> Frische und einen angenehmen Zitrusduft verleiht.<\/p>\n<p data-start=\"874\" data-end=\"1089\">Leicht und schnell einziehend, ist diese Creme ideal, um die H\u00e4nde vor Trockenheit und \u00e4u\u00dferen Einfl\u00fcssen zu sch\u00fctzen, und hinterl\u00e4sst sie weich und geschmeidig. Perfekt f\u00fcr die t\u00e4gliche Anwendung, ohne zu fetten.<\/p>\n<p data-start=\"1091\" data-end=\"1109\"><strong data-start=\"1091\" data-end=\"1102\">Inhalt:<\/strong> 50ml<\/p>\n<p data-start=\"1111\" data-end=\"1190\">Das Produktdesign kann von dem in unserem Lager verf\u00fcgbaren Modell abweichen.<\/p>\n","protected":false},"featured_media":16563,"comment_status":"open","ping_status":"closed","template":"","meta":[],"product_brand":[],"product_cat":[54],"product_tag":[],"class_list":{"0":"post-16566","1":"product","2":"type-product","3":"status-publish","4":"has-post-thumbnail","6":"product_cat-korperpflege-de","8":"first","9":"instock","10":"shipping-taxable","11":"purchasable","12":"product-type-simple"},"_links":{"self":[{"href":"https:\/\/bardoleat.com\/de\/wp-json\/wp\/v2\/product\/16566","targetHints":{"allow":["GET"]}}],"collection":[{"href":"https:\/\/bardoleat.com\/de\/wp-json\/wp\/v2\/product"}],"about":[{"href":"https:\/\/bardoleat.com\/de\/wp-json\/wp\/v2\/types\/product"}],"replies":[{"embeddable":true,"href":"https:\/\/bardoleat.com\/de\/wp-json\/wp\/v2\/comments?post=16566"}],"version-history":[{"count":0,"href":"https:\/\/bardoleat.com\/de\/wp-json\/wp\/v2\/product\/16566\/revisions"}],"wp:featuredmedia":[{"embeddable":true,"href":"https:\/\/bardoleat.com\/de\/wp-json\/wp\/v2\/media\/16563"}],"wp:attachment":[{"href":"https:\/\/bardoleat.com\/de\/wp-json\/wp\/v2\/media?parent=16566"}],"wp:term":[{"taxonomy":"product_brand","embeddable":true,"href":"https:\/\/bardoleat.com\/de\/wp-json\/wp\/v2\/product_brand?post=16566"},{"taxonomy":"product_cat","embeddable":true,"href":"https:\/\/bardoleat.com\/de\/wp-json\/wp\/v2\/product_cat?post=16566"},{"taxonomy":"product_tag","embeddable":true,"href":"https:\/\/bardoleat.com\/de\/wp-json\/wp\/v2\/product_tag?post=16566"}],"curies":[{"name":"wp","href":"https:\/\/api.w.org\/{rel}","templated":true}]}}