{"id":16571,"date":"2025-03-10T20:05:07","date_gmt":"2025-03-10T18:05:07","guid":{"rendered":"https:\/\/bardoleat.com\/prodotto\/koerpercreme-zitronen-und-gardaseeoel\/"},"modified":"2025-03-10T20:05:07","modified_gmt":"2025-03-10T18:05:07","slug":"koerpercreme-zitronen-und-gardaseeoel","status":"publish","type":"product","link":"https:\/\/bardoleat.com\/de\/prodotto\/koerpercreme-zitronen-und-gardaseeoel\/","title":{"rendered":"K\u00f6rpercreme Zitronen und Gardasee\u00f6l"},"content":{"rendered":"<p>Produziert in Ledro von Foletto.<\/p>\n","protected":false},"excerpt":{"rendered":"<p data-start=\"683\" data-end=\"1049\">Pflegen und sch\u00fctzen Sie Ihre Haut mit der <strong data-start=\"726\" data-end=\"791\">n\u00e4hrenden K\u00f6rpercreme mit Zitrone und Gardasee-\u00d6l von Foletto<\/strong>. Ihre reichhaltige Formel, angereichert mit <strong data-start=\"836\" data-end=\"875\">nativem Oliven\u00f6l extra vom Gardasee<\/strong>, spendet intensive Feuchtigkeit und hinterl\u00e4sst die Haut weich und geschmeidig. Der <strong data-start=\"960\" data-end=\"979\">Zitronenextrakt<\/strong> sorgt f\u00fcr ein angenehmes Frischegef\u00fchl und einen zarten Zitrusduft.<\/p>\n<p data-start=\"1051\" data-end=\"1258\">Mit einer <strong data-start=\"1061\" data-end=\"1104\">samtigen Textur und schnellem Einziehen<\/strong> ist diese Creme ideal f\u00fcr die t\u00e4gliche Anwendung, ohne zu fetten. Perfekt, um Ihrer Haut <strong data-start=\"1194\" data-end=\"1242\">Geschmeidigkeit und nat\u00fcrliches Wohlbefinden<\/strong> zu verleihen.<\/p>\n<p data-start=\"1260\" data-end=\"1280\"><strong data-start=\"1260\" data-end=\"1271\">Inhalt:<\/strong> 200 ml<\/p>\n<p data-start=\"1260\" data-end=\"1280\">Die Grafiken des Produkts k\u00f6nnen von denen in unserem Lager abweichen.<\/p>\n","protected":false},"featured_media":16560,"comment_status":"open","ping_status":"closed","template":"","meta":[],"product_brand":[],"product_cat":[54],"product_tag":[],"class_list":{"0":"post-16571","1":"product","2":"type-product","3":"status-publish","4":"has-post-thumbnail","6":"product_cat-korperpflege-de","8":"first","9":"instock","10":"shipping-taxable","11":"purchasable","12":"product-type-simple"},"_links":{"self":[{"href":"https:\/\/bardoleat.com\/de\/wp-json\/wp\/v2\/product\/16571","targetHints":{"allow":["GET"]}}],"collection":[{"href":"https:\/\/bardoleat.com\/de\/wp-json\/wp\/v2\/product"}],"about":[{"href":"https:\/\/bardoleat.com\/de\/wp-json\/wp\/v2\/types\/product"}],"replies":[{"embeddable":true,"href":"https:\/\/bardoleat.com\/de\/wp-json\/wp\/v2\/comments?post=16571"}],"version-history":[{"count":0,"href":"https:\/\/bardoleat.com\/de\/wp-json\/wp\/v2\/product\/16571\/revisions"}],"wp:featuredmedia":[{"embeddable":true,"href":"https:\/\/bardoleat.com\/de\/wp-json\/wp\/v2\/media\/16560"}],"wp:attachment":[{"href":"https:\/\/bardoleat.com\/de\/wp-json\/wp\/v2\/media?parent=16571"}],"wp:term":[{"taxonomy":"product_brand","embeddable":true,"href":"https:\/\/bardoleat.com\/de\/wp-json\/wp\/v2\/product_brand?post=16571"},{"taxonomy":"product_cat","embeddable":true,"href":"https:\/\/bardoleat.com\/de\/wp-json\/wp\/v2\/product_cat?post=16571"},{"taxonomy":"product_tag","embeddable":true,"href":"https:\/\/bardoleat.com\/de\/wp-json\/wp\/v2\/product_tag?post=16571"}],"curies":[{"name":"wp","href":"https:\/\/api.w.org\/{rel}","templated":true}]}}