{"id":16598,"date":"2025-03-16T15:46:40","date_gmt":"2025-03-16T13:46:40","guid":{"rendered":"https:\/\/bardoleat.com\/prodotto\/limoncello-foletto-500-ml\/"},"modified":"2025-03-16T15:46:40","modified_gmt":"2025-03-16T13:46:40","slug":"limoncello-foletto-500-ml","status":"publish","type":"product","link":"https:\/\/bardoleat.com\/de\/prodotto\/limoncello-foletto-500-ml\/","title":{"rendered":"Limoncello Foletto 500 ml"},"content":{"rendered":"<p>Handgefertigt von Azienda Foletto &#8211; Ledro<\/p>\n","protected":false},"excerpt":{"rendered":"<p data-start=\"32\" data-end=\"395\">Entdecken Sie den <strong data-start=\"50\" data-end=\"72\">Limoncello Foletto<\/strong>, einen handwerklich hergestellten Lik\u00f6r mit authentischem Geschmack, der nach traditionellem Rezept aus sorgf\u00e4ltig ausgew\u00e4hlten Zitronen hergestellt wird. Produziert von der historischen Apotheke Foletto, zeichnet sich dieser Limoncello durch sein intensives Aroma und die perfekte Balance zwischen S\u00fc\u00dfe und Frische aus.<\/p>\n<p data-start=\"397\" data-end=\"645\">\u2705 <strong data-start=\"399\" data-end=\"409\">Inhalt<\/strong>: 50 cl<br data-start=\"416\" data-end=\"419\" \/>\u2705 <strong data-start=\"421\" data-end=\"438\" data-is-only-node=\"\">Alkoholgehalt<\/strong>: ca. 30 % vol.<br data-start=\"453\" data-end=\"456\" \/>\u2705 <strong data-start=\"458\" data-end=\"469\">Zutaten<\/strong>: Nat\u00fcrlicher Zitronenschalenaufguss, Alkohol, Zucker, Wasser.<br data-start=\"531\" data-end=\"534\" \/>\u2705 <strong data-start=\"536\" data-end=\"557\">Serviervorschl\u00e4ge<\/strong>: Gut gek\u00fchlt servieren; ideal pur, auf Eis oder als Zutat f\u00fcr Cocktails und Desserts.<\/p>\n<p data-start=\"647\" data-end=\"739\" data-is-last-node=\"\" data-is-only-node=\"\">Ein echter Klassiker der italienischen Tradition \u2013 perfekt zum Teilen oder als Geschenk! \ud83c\udf4b<\/p>\n","protected":false},"featured_media":16595,"comment_status":"open","ping_status":"closed","template":"","meta":[],"product_brand":[],"product_cat":[508],"product_tag":[],"class_list":{"0":"post-16598","1":"product","2":"type-product","3":"status-publish","4":"has-post-thumbnail","6":"product_cat-liquori-de","8":"first","9":"instock","10":"shipping-taxable","11":"purchasable","12":"product-type-simple"},"_links":{"self":[{"href":"https:\/\/bardoleat.com\/de\/wp-json\/wp\/v2\/product\/16598","targetHints":{"allow":["GET"]}}],"collection":[{"href":"https:\/\/bardoleat.com\/de\/wp-json\/wp\/v2\/product"}],"about":[{"href":"https:\/\/bardoleat.com\/de\/wp-json\/wp\/v2\/types\/product"}],"replies":[{"embeddable":true,"href":"https:\/\/bardoleat.com\/de\/wp-json\/wp\/v2\/comments?post=16598"}],"version-history":[{"count":0,"href":"https:\/\/bardoleat.com\/de\/wp-json\/wp\/v2\/product\/16598\/revisions"}],"wp:featuredmedia":[{"embeddable":true,"href":"https:\/\/bardoleat.com\/de\/wp-json\/wp\/v2\/media\/16595"}],"wp:attachment":[{"href":"https:\/\/bardoleat.com\/de\/wp-json\/wp\/v2\/media?parent=16598"}],"wp:term":[{"taxonomy":"product_brand","embeddable":true,"href":"https:\/\/bardoleat.com\/de\/wp-json\/wp\/v2\/product_brand?post=16598"},{"taxonomy":"product_cat","embeddable":true,"href":"https:\/\/bardoleat.com\/de\/wp-json\/wp\/v2\/product_cat?post=16598"},{"taxonomy":"product_tag","embeddable":true,"href":"https:\/\/bardoleat.com\/de\/wp-json\/wp\/v2\/product_tag?post=16598"}],"curies":[{"name":"wp","href":"https:\/\/api.w.org\/{rel}","templated":true}]}}