{"id":16605,"date":"2025-03-16T15:57:53","date_gmt":"2025-03-16T13:57:53","guid":{"rendered":"https:\/\/bardoleat.com\/prodotto\/arancello-del-garda-foletto-200-ml\/"},"modified":"2025-03-16T15:57:53","modified_gmt":"2025-03-16T13:57:53","slug":"arancello-del-garda-foletto-200-ml","status":"publish","type":"product","link":"https:\/\/bardoleat.com\/de\/prodotto\/arancello-del-garda-foletto-200-ml\/","title":{"rendered":"Arancello del Garda Foletto 200 ml"},"content":{"rendered":"<p>Handgefertigt von Azienda Foletto &#8211; Ledro<\/p>\n","protected":false},"excerpt":{"rendered":"<p data-start=\"31\" data-end=\"390\">Der <strong data-start=\"35\" data-end=\"56\">Arancello Foletto<\/strong> ist ein handwerklich hergestellter Lik\u00f6r mit einem intensiven und harmonischen Geschmack, gewonnen aus der nat\u00fcrlichen Infusion sorgf\u00e4ltig ausgew\u00e4hlter Orangenschalen. Produziert von der historischen Apotheke Foletto, entfaltet dieser Lik\u00f6r ein intensives Aroma und eine perfekte Balance zwischen S\u00fc\u00dfe und lebendiger Zitrusfrische.<\/p>\n<p data-start=\"392\" data-end=\"639\">\u2705 <strong data-start=\"394\" data-end=\"404\">Inhalt<\/strong>: 20 cl<br data-start=\"411\" data-end=\"414\" \/>\u2705 <strong data-start=\"416\" data-end=\"433\" data-is-only-node=\"\">Alkoholgehalt<\/strong>: 30 % vol.<br data-start=\"448\" data-end=\"451\" \/>\u2705 <strong data-start=\"453\" data-end=\"464\">Zutaten<\/strong>: Nat\u00fcrlicher Orangenschalenaufguss, Alkohol, Zucker, Wasser.<br data-start=\"525\" data-end=\"528\" \/>\u2705 <strong data-start=\"530\" data-end=\"551\">Serviervorschl\u00e4ge<\/strong>: Gut gek\u00fchlt servieren; ideal pur, auf Eis oder als Zutat f\u00fcr Cocktails und Desserts.<\/p>\n<p data-start=\"641\" data-end=\"741\" data-is-last-node=\"\" data-is-only-node=\"\">Eine edle und aromatische Alternative zum klassischen Limoncello \u2013 perfekt f\u00fcr jede Gelegenheit! \ud83c\udf4a<\/p>\n","protected":false},"featured_media":16602,"comment_status":"open","ping_status":"closed","template":"","meta":[],"product_brand":[],"product_cat":[508],"product_tag":[],"class_list":{"0":"post-16605","1":"product","2":"type-product","3":"status-publish","4":"has-post-thumbnail","6":"product_cat-liquori-de","8":"first","9":"instock","10":"sale","11":"shipping-taxable","12":"purchasable","13":"product-type-simple"},"_links":{"self":[{"href":"https:\/\/bardoleat.com\/de\/wp-json\/wp\/v2\/product\/16605","targetHints":{"allow":["GET"]}}],"collection":[{"href":"https:\/\/bardoleat.com\/de\/wp-json\/wp\/v2\/product"}],"about":[{"href":"https:\/\/bardoleat.com\/de\/wp-json\/wp\/v2\/types\/product"}],"replies":[{"embeddable":true,"href":"https:\/\/bardoleat.com\/de\/wp-json\/wp\/v2\/comments?post=16605"}],"version-history":[{"count":0,"href":"https:\/\/bardoleat.com\/de\/wp-json\/wp\/v2\/product\/16605\/revisions"}],"wp:featuredmedia":[{"embeddable":true,"href":"https:\/\/bardoleat.com\/de\/wp-json\/wp\/v2\/media\/16602"}],"wp:attachment":[{"href":"https:\/\/bardoleat.com\/de\/wp-json\/wp\/v2\/media?parent=16605"}],"wp:term":[{"taxonomy":"product_brand","embeddable":true,"href":"https:\/\/bardoleat.com\/de\/wp-json\/wp\/v2\/product_brand?post=16605"},{"taxonomy":"product_cat","embeddable":true,"href":"https:\/\/bardoleat.com\/de\/wp-json\/wp\/v2\/product_cat?post=16605"},{"taxonomy":"product_tag","embeddable":true,"href":"https:\/\/bardoleat.com\/de\/wp-json\/wp\/v2\/product_tag?post=16605"}],"curies":[{"name":"wp","href":"https:\/\/api.w.org\/{rel}","templated":true}]}}