{"id":16676,"date":"2025-03-20T15:30:02","date_gmt":"2025-03-20T13:30:02","guid":{"rendered":"https:\/\/bardoleat.com\/prodotto\/spaghettata-carbonara-gewuerzmischung-80g\/"},"modified":"2025-03-20T15:30:02","modified_gmt":"2025-03-20T13:30:02","slug":"spaghettata-carbonara-gewuerzmischung-80g","status":"publish","type":"product","link":"https:\/\/bardoleat.com\/de\/prodotto\/spaghettata-carbonara-gewuerzmischung-80g\/","title":{"rendered":"Spaghettata Carbonara Gew\u00fcrzmischung 80g"},"content":{"rendered":"","protected":false},"excerpt":{"rendered":"<p data-start=\"810\" data-end=\"1147\">Erleben Sie den authentischen Geschmack der <strong data-start=\"854\" data-end=\"867\">Carbonara<\/strong> mit unserer speziellen Gew\u00fcrzmischung von <strong data-start=\"910\" data-end=\"923\">Bardoleat<\/strong>. Eine perfekt abgestimmte Mischung, die Ihren Gerichten den unverwechselbaren Geschmack der r\u00f6mischen Tradition verleiht. Ideal f\u00fcr eine schnelle Carbonara oder um Saucen und Gew\u00fcrzmischungen eine besondere Note zu geben.<\/p>\n<p data-start=\"1149\" data-end=\"1432\">\ud83c\udf3f <strong data-start=\"1152\" data-end=\"1164\">Zutaten:<\/strong> Schwarzer Pfeffer, Knoblauch, Kartoffelflocken, Zwiebel, Speck, Petersilie und Salz.<br data-start=\"1249\" data-end=\"1252\" \/>\ud83c\udf5d <strong data-start=\"1255\" data-end=\"1271\">Perfekt f\u00fcr:<\/strong> Carbonara-Pasta, cremige Saucen, Fleischgew\u00fcrze und intensiv aromatische Rezepte.<br data-start=\"1353\" data-end=\"1356\" \/>\ud83d\udce6 <strong data-start=\"1359\" data-end=\"1370\">Format:<\/strong> 80g, sorgf\u00e4ltig verpackt, um Frische und Aroma zu bewahren.<\/p>\n<p data-start=\"1434\" data-end=\"1506\" data-is-last-node=\"\" data-is-only-node=\"\">Entdecken Sie den echten italienischen Geschmack mit Bardoleat! \ud83c\uddee\ud83c\uddf9\ud83e\udd53\ud83e\uddc4<\/p>\n","protected":false},"featured_media":16663,"comment_status":"open","ping_status":"closed","template":"","meta":[],"product_brand":[],"product_cat":[56],"product_tag":[],"class_list":{"0":"post-16676","1":"product","2":"type-product","3":"status-publish","4":"has-post-thumbnail","6":"product_cat-gastronomie","8":"first","9":"instock","10":"shipping-taxable","11":"purchasable","12":"product-type-simple"},"_links":{"self":[{"href":"https:\/\/bardoleat.com\/de\/wp-json\/wp\/v2\/product\/16676","targetHints":{"allow":["GET"]}}],"collection":[{"href":"https:\/\/bardoleat.com\/de\/wp-json\/wp\/v2\/product"}],"about":[{"href":"https:\/\/bardoleat.com\/de\/wp-json\/wp\/v2\/types\/product"}],"replies":[{"embeddable":true,"href":"https:\/\/bardoleat.com\/de\/wp-json\/wp\/v2\/comments?post=16676"}],"version-history":[{"count":0,"href":"https:\/\/bardoleat.com\/de\/wp-json\/wp\/v2\/product\/16676\/revisions"}],"wp:featuredmedia":[{"embeddable":true,"href":"https:\/\/bardoleat.com\/de\/wp-json\/wp\/v2\/media\/16663"}],"wp:attachment":[{"href":"https:\/\/bardoleat.com\/de\/wp-json\/wp\/v2\/media?parent=16676"}],"wp:term":[{"taxonomy":"product_brand","embeddable":true,"href":"https:\/\/bardoleat.com\/de\/wp-json\/wp\/v2\/product_brand?post=16676"},{"taxonomy":"product_cat","embeddable":true,"href":"https:\/\/bardoleat.com\/de\/wp-json\/wp\/v2\/product_cat?post=16676"},{"taxonomy":"product_tag","embeddable":true,"href":"https:\/\/bardoleat.com\/de\/wp-json\/wp\/v2\/product_tag?post=16676"}],"curies":[{"name":"wp","href":"https:\/\/api.w.org\/{rel}","templated":true}]}}