{"id":16852,"date":"2025-04-18T10:51:59","date_gmt":"2025-04-18T08:51:59","guid":{"rendered":"https:\/\/bardoleat.com\/prodotto\/risotto-al-limone-300g\/"},"modified":"2026-03-17T19:47:47","modified_gmt":"2026-03-17T17:47:47","slug":"risotto-al-limone-300g","status":"publish","type":"product","link":"https:\/\/bardoleat.com\/de\/prodotto\/risotto-al-limone-300g\/","title":{"rendered":"Zitronenrisotto 300g"},"content":{"rendered":"<h3 class=\"\" data-start=\"2263\" data-end=\"2278\">Zubereitung<\/h3>\n<ol data-start=\"2280\" data-end=\"2766\">\n<li class=\"\" data-start=\"2280\" data-end=\"2338\">\n<p class=\"\" data-start=\"2283\" data-end=\"2338\"><strong data-start=\"2283\" data-end=\"2300\">2 Liter Br\u00fche<\/strong> zum Kochen bringen und hei\u00df halten.<\/p>\n<\/li>\n<li class=\"\" data-start=\"2339\" data-end=\"2445\">\n<p class=\"\" data-start=\"2342\" data-end=\"2445\">In einer Pfanne eine <strong data-start=\"2363\" data-end=\"2389\">Butterflocke schmelzen<\/strong> oder <strong data-start=\"2395\" data-end=\"2433\">2 Essl\u00f6ffel Oliven\u00f6l extra vergine<\/strong> erhitzen.<\/p>\n<\/li>\n<li class=\"\" data-start=\"2446\" data-end=\"2539\">\n<p class=\"\" data-start=\"2449\" data-end=\"2539\">Den Inhalt der Packung hinzuf\u00fcgen und <strong data-start=\"2487\" data-end=\"2514\">3 Minuten lang anr\u00f6sten<\/strong>, dabei st\u00e4ndig r\u00fchren.<\/p>\n<\/li>\n<li class=\"\" data-start=\"2540\" data-end=\"2613\">\n<p class=\"\" data-start=\"2543\" data-end=\"2613\">Nach Belieben ein <strong data-start=\"2561\" data-end=\"2578\">Glas Wei\u00dfwein<\/strong> dazugeben und verdampfen lassen.<\/p>\n<\/li>\n<li class=\"\" data-start=\"2614\" data-end=\"2700\">\n<p class=\"\" data-start=\"2617\" data-end=\"2700\">Nach und nach die hei\u00dfe Br\u00fche mit einer Kelle hinzuf\u00fcgen und regelm\u00e4\u00dfig umr\u00fchren.<\/p>\n<\/li>\n<li class=\"\" data-start=\"2701\" data-end=\"2766\">\n<p class=\"\" data-start=\"2704\" data-end=\"2766\">Zum Schluss das Risotto mit einer <strong data-start=\"2738\" data-end=\"2765\">Butterflocke verfeinern<\/strong>.<\/p>\n<\/li>\n<\/ol>\n<hr class=\"\" data-start=\"2768\" data-end=\"2771\" \/>\n<p class=\"\" data-start=\"2773\" data-end=\"2875\">Ein edles Gericht \u2013 einfach zuzubereiten und immer ein Genuss.<br data-start=\"2835\" data-end=\"2838\" \/>\ud83c\udf4b <strong data-start=\"2841\" data-end=\"2875\">Frisch, leicht und aromatisch.<\/strong><\/p>\n","protected":false},"excerpt":{"rendered":"<h3 class=\"\" data-start=\"1397\" data-end=\"1458\"><strong data-start=\"1406\" data-end=\"1458\">Zitronenrisotto mit italienischem Carnaroli-Reis<\/strong><\/h3>\n<p class=\"\" data-start=\"1460\" data-end=\"1612\"><strong data-start=\"1460\" data-end=\"1472\">Zutaten:<\/strong> Italienischer Carnaroli-Reis, Zitrone, Zwiebel, Kurkuma.<br data-start=\"1529\" data-end=\"1532\" \/><em data-start=\"1532\" data-end=\"1612\">Kann Spuren von Gluten, Schalenfr\u00fcchten, Schalentieren und Sellerie enthalten.<\/em><\/p>\n<p class=\"\" data-start=\"1614\" data-end=\"1909\">Entdecke den authentischen Geschmack unseres <strong data-start=\"1659\" data-end=\"1679\">Zitronenrisottos<\/strong>, zubereitet mit <strong data-start=\"1696\" data-end=\"1750\">100 % nat\u00fcrlichen, sorgf\u00e4ltig ausgew\u00e4hlten Zutaten<\/strong>. Wir verwenden ausschlie\u00dflich <strong data-start=\"1781\" data-end=\"1813\">italienischen Carnaroli-Reis<\/strong>, verfeinert mit <strong data-start=\"1830\" data-end=\"1851\">duftender Zitrone<\/strong>, <strong data-start=\"1853\" data-end=\"1871\">milder Zwiebel<\/strong> und einem Hauch <strong data-start=\"1888\" data-end=\"1908\">goldener Kurkuma<\/strong>.<\/p>\n<p class=\"\" data-start=\"1911\" data-end=\"2038\">\u2705 Ohne Konservierungsstoffe<br data-start=\"1938\" data-end=\"1941\" \/>\u2705 Ohne k\u00fcnstliche Farbstoffe<br data-start=\"1969\" data-end=\"1972\" \/>\u2705 Ohne Geschmacksverst\u00e4rker<br data-start=\"1999\" data-end=\"2002\" \/>\u2705 Ohne zus\u00e4tzliches Fett oder Salz<\/p>\n<p class=\"\" data-start=\"2040\" data-end=\"2256\">Der volle Geschmack hochwertiger italienischer Zutaten \u2013 <strong data-start=\"2097\" data-end=\"2140\">gesund, lecker und einfach zuzubereiten<\/strong>, in nur <strong data-start=\"2149\" data-end=\"2170\">18 Minuten fertig<\/strong>. Jede Portion ist eine perfekte Kombination aus Geschmack, Leichtigkeit und Qualit\u00e4t.<\/p>\n","protected":false},"featured_media":16849,"comment_status":"open","ping_status":"closed","template":"","meta":[],"product_brand":[],"product_cat":[56],"product_tag":[],"class_list":{"0":"post-16852","1":"product","2":"type-product","3":"status-publish","4":"has-post-thumbnail","6":"product_cat-gastronomie","8":"first","9":"instock","10":"shipping-taxable","11":"purchasable","12":"product-type-simple"},"_links":{"self":[{"href":"https:\/\/bardoleat.com\/de\/wp-json\/wp\/v2\/product\/16852","targetHints":{"allow":["GET"]}}],"collection":[{"href":"https:\/\/bardoleat.com\/de\/wp-json\/wp\/v2\/product"}],"about":[{"href":"https:\/\/bardoleat.com\/de\/wp-json\/wp\/v2\/types\/product"}],"replies":[{"embeddable":true,"href":"https:\/\/bardoleat.com\/de\/wp-json\/wp\/v2\/comments?post=16852"}],"version-history":[{"count":1,"href":"https:\/\/bardoleat.com\/de\/wp-json\/wp\/v2\/product\/16852\/revisions"}],"predecessor-version":[{"id":18792,"href":"https:\/\/bardoleat.com\/de\/wp-json\/wp\/v2\/product\/16852\/revisions\/18792"}],"wp:featuredmedia":[{"embeddable":true,"href":"https:\/\/bardoleat.com\/de\/wp-json\/wp\/v2\/media\/16849"}],"wp:attachment":[{"href":"https:\/\/bardoleat.com\/de\/wp-json\/wp\/v2\/media?parent=16852"}],"wp:term":[{"taxonomy":"product_brand","embeddable":true,"href":"https:\/\/bardoleat.com\/de\/wp-json\/wp\/v2\/product_brand?post=16852"},{"taxonomy":"product_cat","embeddable":true,"href":"https:\/\/bardoleat.com\/de\/wp-json\/wp\/v2\/product_cat?post=16852"},{"taxonomy":"product_tag","embeddable":true,"href":"https:\/\/bardoleat.com\/de\/wp-json\/wp\/v2\/product_tag?post=16852"}],"curies":[{"name":"wp","href":"https:\/\/api.w.org\/{rel}","templated":true}]}}