{"id":16862,"date":"2025-04-18T11:13:52","date_gmt":"2025-04-18T09:13:52","guid":{"rendered":"https:\/\/bardoleat.com\/prodotto\/risotto-al-vino-300g\/"},"modified":"2026-03-17T19:46:54","modified_gmt":"2026-03-17T17:46:54","slug":"risotto-al-vino-300g","status":"publish","type":"product","link":"https:\/\/bardoleat.com\/de\/prodotto\/risotto-al-vino-300g\/","title":{"rendered":"Risotto mit Wein 300g"},"content":{"rendered":"<h3 class=\"\" data-start=\"2263\" data-end=\"2278\">Zubereitung<\/h3>\n<ol data-start=\"2280\" data-end=\"2766\">\n<li class=\"\" data-start=\"2280\" data-end=\"2338\">\n<p class=\"\" data-start=\"2283\" data-end=\"2338\"><strong data-start=\"2283\" data-end=\"2300\">2 Liter Br\u00fche<\/strong> zum Kochen bringen und hei\u00df halten.<\/p>\n<\/li>\n<li class=\"\" data-start=\"2339\" data-end=\"2445\">\n<p class=\"\" data-start=\"2342\" data-end=\"2445\">In einer Pfanne eine <strong data-start=\"2363\" data-end=\"2389\">Butterflocke schmelzen<\/strong> oder <strong data-start=\"2395\" data-end=\"2433\">2 Essl\u00f6ffel Oliven\u00f6l extra vergine<\/strong> erhitzen.<\/p>\n<\/li>\n<li class=\"\" data-start=\"2446\" data-end=\"2539\">\n<p class=\"\" data-start=\"2449\" data-end=\"2539\">Den Inhalt der Packung hinzuf\u00fcgen und <strong data-start=\"2487\" data-end=\"2514\">3 Minuten lang anr\u00f6sten<\/strong>, dabei st\u00e4ndig r\u00fchren.<\/p>\n<\/li>\n<li class=\"\" data-start=\"2540\" data-end=\"2613\">\n<p class=\"\" data-start=\"2543\" data-end=\"2613\">Nach Belieben ein <strong data-start=\"2561\" data-end=\"2578\">Glas Wei\u00dfwein<\/strong> dazugeben und verdampfen lassen.<\/p>\n<\/li>\n<li class=\"\" data-start=\"2614\" data-end=\"2700\">\n<p class=\"\" data-start=\"2617\" data-end=\"2700\">Nach und nach die hei\u00dfe Br\u00fche mit einer Kelle hinzuf\u00fcgen und regelm\u00e4\u00dfig umr\u00fchren.<\/p>\n<\/li>\n<li class=\"\" data-start=\"2701\" data-end=\"2766\">\n<p class=\"\" data-start=\"2704\" data-end=\"2766\">Zum Schluss das Risotto mit einer <strong data-start=\"2738\" data-end=\"2765\">Butterflocke verfeinern<\/strong>.<\/p>\n<\/li>\n<\/ol>\n","protected":false},"excerpt":{"rendered":"<h3 class=\"\" data-start=\"58\" data-end=\"113\"><strong data-start=\"62\" data-end=\"113\">Rotweinrisotto mit italienischem Carnaroli-Reis<\/strong><\/h3>\n<p class=\"\" data-start=\"115\" data-end=\"349\">Entdecke den authentischen Geschmack unseres <strong data-start=\"160\" data-end=\"179\">Rotweinrisottos<\/strong>, zubereitet mit <strong data-start=\"196\" data-end=\"250\">100 % nat\u00fcrlichen, sorgf\u00e4ltig ausgew\u00e4hlten Zutaten<\/strong>. Wir verwenden ausschlie\u00dflich <strong data-start=\"281\" data-end=\"313\">italienischen Carnaroli-Reis<\/strong> und verfeinern ihn mit <strong data-start=\"337\" data-end=\"348\">Rotwein<\/strong>.<\/p>\n<p class=\"\" data-start=\"351\" data-end=\"478\">\u2705 Ohne Konservierungsstoffe<br data-start=\"378\" data-end=\"381\" \/>\u2705 Ohne k\u00fcnstliche Farbstoffe<br data-start=\"409\" data-end=\"412\" \/>\u2705 Ohne Geschmacksverst\u00e4rker<br data-start=\"439\" data-end=\"442\" \/>\u2705 Ohne zus\u00e4tzliches Fett oder Salz<\/p>\n<p class=\"\" data-start=\"480\" data-end=\"703\">Der volle Geschmack hochwertiger italienischer Zutaten in einem <strong data-start=\"544\" data-end=\"602\">gesunden, leckeren und einfach zuzubereitenden Gericht<\/strong>, in nur <strong data-start=\"611\" data-end=\"639\">18 Minuten servierfertig<\/strong>. Jede Portion bietet <strong data-start=\"661\" data-end=\"702\">Ausgewogenheit, Feinheit und Qualit\u00e4t<\/strong>.<\/p>\n","protected":false},"featured_media":16858,"comment_status":"open","ping_status":"closed","template":"","meta":[],"product_brand":[],"product_cat":[56],"product_tag":[],"class_list":{"0":"post-16862","1":"product","2":"type-product","3":"status-publish","4":"has-post-thumbnail","6":"product_cat-gastronomie","8":"first","9":"instock","10":"shipping-taxable","11":"purchasable","12":"product-type-simple"},"_links":{"self":[{"href":"https:\/\/bardoleat.com\/de\/wp-json\/wp\/v2\/product\/16862","targetHints":{"allow":["GET"]}}],"collection":[{"href":"https:\/\/bardoleat.com\/de\/wp-json\/wp\/v2\/product"}],"about":[{"href":"https:\/\/bardoleat.com\/de\/wp-json\/wp\/v2\/types\/product"}],"replies":[{"embeddable":true,"href":"https:\/\/bardoleat.com\/de\/wp-json\/wp\/v2\/comments?post=16862"}],"version-history":[{"count":1,"href":"https:\/\/bardoleat.com\/de\/wp-json\/wp\/v2\/product\/16862\/revisions"}],"predecessor-version":[{"id":18789,"href":"https:\/\/bardoleat.com\/de\/wp-json\/wp\/v2\/product\/16862\/revisions\/18789"}],"wp:featuredmedia":[{"embeddable":true,"href":"https:\/\/bardoleat.com\/de\/wp-json\/wp\/v2\/media\/16858"}],"wp:attachment":[{"href":"https:\/\/bardoleat.com\/de\/wp-json\/wp\/v2\/media?parent=16862"}],"wp:term":[{"taxonomy":"product_brand","embeddable":true,"href":"https:\/\/bardoleat.com\/de\/wp-json\/wp\/v2\/product_brand?post=16862"},{"taxonomy":"product_cat","embeddable":true,"href":"https:\/\/bardoleat.com\/de\/wp-json\/wp\/v2\/product_cat?post=16862"},{"taxonomy":"product_tag","embeddable":true,"href":"https:\/\/bardoleat.com\/de\/wp-json\/wp\/v2\/product_tag?post=16862"}],"curies":[{"name":"wp","href":"https:\/\/api.w.org\/{rel}","templated":true}]}}