{"id":16869,"date":"2025-04-18T11:20:25","date_gmt":"2025-04-18T09:20:25","guid":{"rendered":"https:\/\/bardoleat.com\/prodotto\/risotto-al-tartufo-300g\/"},"modified":"2026-03-17T19:46:09","modified_gmt":"2026-03-17T17:46:09","slug":"risotto-al-tartufo-300g","status":"publish","type":"product","link":"https:\/\/bardoleat.com\/de\/prodotto\/risotto-al-tartufo-300g\/","title":{"rendered":"Tr\u00fcffelrisotto 300g"},"content":{"rendered":"<h3 class=\"\" data-start=\"2263\" data-end=\"2278\">Zubereitung<\/h3>\n<ol data-start=\"2280\" data-end=\"2766\">\n<li class=\"\" data-start=\"2280\" data-end=\"2338\">\n<p class=\"\" data-start=\"2283\" data-end=\"2338\"><strong data-start=\"2283\" data-end=\"2300\">2 Liter Br\u00fche<\/strong> zum Kochen bringen und hei\u00df halten.<\/p>\n<\/li>\n<li class=\"\" data-start=\"2339\" data-end=\"2445\">\n<p class=\"\" data-start=\"2342\" data-end=\"2445\">In einer Pfanne eine <strong data-start=\"2363\" data-end=\"2389\">Butterflocke schmelzen<\/strong> oder <strong data-start=\"2395\" data-end=\"2433\">2 Essl\u00f6ffel Oliven\u00f6l extra vergine<\/strong> erhitzen.<\/p>\n<\/li>\n<li class=\"\" data-start=\"2446\" data-end=\"2539\">\n<p class=\"\" data-start=\"2449\" data-end=\"2539\">Den Inhalt der Packung hinzuf\u00fcgen und <strong data-start=\"2487\" data-end=\"2514\">3 Minuten lang anr\u00f6sten<\/strong>, dabei st\u00e4ndig r\u00fchren.<\/p>\n<\/li>\n<li class=\"\" data-start=\"2540\" data-end=\"2613\">\n<p class=\"\" data-start=\"2543\" data-end=\"2613\">Nach Belieben ein <strong data-start=\"2561\" data-end=\"2578\">Glas Wei\u00dfwein<\/strong> dazugeben und verdampfen lassen.<\/p>\n<\/li>\n<li class=\"\" data-start=\"2614\" data-end=\"2700\">\n<p class=\"\" data-start=\"2617\" data-end=\"2700\">Nach und nach die hei\u00dfe Br\u00fche mit einer Kelle hinzuf\u00fcgen und regelm\u00e4\u00dfig umr\u00fchren.<\/p>\n<\/li>\n<li class=\"\" data-start=\"2701\" data-end=\"2766\">\n<p class=\"\" data-start=\"2704\" data-end=\"2766\">Zum Schluss das Risotto mit einer <strong data-start=\"2738\" data-end=\"2765\">Butterflocke verfeinern<\/strong>.<\/p>\n<\/li>\n<\/ol>\n<p>\ud83d\udda4 <strong data-start=\"2595\" data-end=\"2679\">Ein kulinarisches Erlebnis mit Tr\u00fcffelaroma, direkt zu dir nach Hause geliefert.<\/strong><\/p>\n","protected":false},"excerpt":{"rendered":"<h3 class=\"\" data-start=\"1291\" data-end=\"1353\"><strong data-start=\"1300\" data-end=\"1351\">Tr\u00fcffelrisotto mit italienischem Carnaroli-Reis<\/strong><\/h3>\n<p class=\"\" data-start=\"1354\" data-end=\"1395\"><strong data-start=\"1354\" data-end=\"1395\">Exquisit. Aromatisch. 100% nat\u00fcrlich.<\/strong><\/p>\n<p class=\"\" data-start=\"1397\" data-end=\"1561\"><strong data-start=\"1397\" data-end=\"1409\">Zutaten:<\/strong> Italienischer Carnaroli-Reis, italienischer Tr\u00fcffel, Zwiebel, Aroma.<br data-start=\"1478\" data-end=\"1481\" \/><em data-start=\"1481\" data-end=\"1561\">Kann Spuren von Gluten, Schalenfr\u00fcchten, Schalentieren und Sellerie enthalten.<\/em><\/p>\n<p class=\"\" data-start=\"1563\" data-end=\"1741\">Genie\u00dfe den reichen und raffinierten Geschmack unseres <strong data-start=\"1618\" data-end=\"1637\">Tr\u00fcffelrisottos<\/strong>, zubereitet mit <strong data-start=\"1654\" data-end=\"1697\">100 % nat\u00fcrlichen, hochwertigen Zutaten<\/strong>, die sorgf\u00e4ltig einzeln verarbeitet werden.<\/p>\n<p class=\"\" data-start=\"1743\" data-end=\"1911\">Wir verwenden nur <strong data-start=\"1761\" data-end=\"1793\">italienischen Carnaroli-Reis<\/strong>, verfeinert mit <strong data-start=\"1810\" data-end=\"1842\">echtem italienischen Tr\u00fcffel<\/strong> und einem zarten Hauch von Zwiebel, um alle Aromen zu intensivieren.<\/p>\n<p class=\"\" data-start=\"1913\" data-end=\"2040\">\u2705 Ohne Konservierungsstoffe<br data-start=\"1940\" data-end=\"1943\" \/>\u2705 Ohne k\u00fcnstliche Farbstoffe<br data-start=\"1971\" data-end=\"1974\" \/>\u2705 Ohne Geschmacksverst\u00e4rker<br data-start=\"2001\" data-end=\"2004\" \/>\u2705 Ohne zus\u00e4tzliches Fett oder Salz<\/p>\n<p class=\"\" data-start=\"2042\" data-end=\"2249\">Ein <strong data-start=\"2046\" data-end=\"2105\">genuines, elegantes und einfach zuzubereitendes Gericht<\/strong>, in nur <strong data-start=\"2114\" data-end=\"2128\">18 Minuten<\/strong> fertig, das den authentischen Geschmack und die Eigenschaften der sorgf\u00e4ltig ausgew\u00e4hlten italienischen Zutaten bewahrt.<\/p>\n","protected":false},"featured_media":16866,"comment_status":"open","ping_status":"closed","template":"","meta":[],"product_brand":[],"product_cat":[56],"product_tag":[],"class_list":{"0":"post-16869","1":"product","2":"type-product","3":"status-publish","4":"has-post-thumbnail","6":"product_cat-gastronomie","8":"first","9":"instock","10":"shipping-taxable","11":"purchasable","12":"product-type-simple"},"_links":{"self":[{"href":"https:\/\/bardoleat.com\/de\/wp-json\/wp\/v2\/product\/16869","targetHints":{"allow":["GET"]}}],"collection":[{"href":"https:\/\/bardoleat.com\/de\/wp-json\/wp\/v2\/product"}],"about":[{"href":"https:\/\/bardoleat.com\/de\/wp-json\/wp\/v2\/types\/product"}],"replies":[{"embeddable":true,"href":"https:\/\/bardoleat.com\/de\/wp-json\/wp\/v2\/comments?post=16869"}],"version-history":[{"count":1,"href":"https:\/\/bardoleat.com\/de\/wp-json\/wp\/v2\/product\/16869\/revisions"}],"predecessor-version":[{"id":18787,"href":"https:\/\/bardoleat.com\/de\/wp-json\/wp\/v2\/product\/16869\/revisions\/18787"}],"wp:featuredmedia":[{"embeddable":true,"href":"https:\/\/bardoleat.com\/de\/wp-json\/wp\/v2\/media\/16866"}],"wp:attachment":[{"href":"https:\/\/bardoleat.com\/de\/wp-json\/wp\/v2\/media?parent=16869"}],"wp:term":[{"taxonomy":"product_brand","embeddable":true,"href":"https:\/\/bardoleat.com\/de\/wp-json\/wp\/v2\/product_brand?post=16869"},{"taxonomy":"product_cat","embeddable":true,"href":"https:\/\/bardoleat.com\/de\/wp-json\/wp\/v2\/product_cat?post=16869"},{"taxonomy":"product_tag","embeddable":true,"href":"https:\/\/bardoleat.com\/de\/wp-json\/wp\/v2\/product_tag?post=16869"}],"curies":[{"name":"wp","href":"https:\/\/api.w.org\/{rel}","templated":true}]}}