{"id":16930,"date":"2025-05-11T10:17:09","date_gmt":"2025-05-11T08:17:09","guid":{"rendered":"https:\/\/bardoleat.com\/prodotto\/olio-extra-vergine-italiano-mignon-100ml\/"},"modified":"2025-12-13T18:33:57","modified_gmt":"2025-12-13T16:33:57","slug":"olio-extra-vergine-italiano-mignon-100ml","status":"publish","type":"product","link":"https:\/\/bardoleat.com\/de\/prodotto\/olio-extra-vergine-italiano-mignon-100ml\/","title":{"rendered":"Natives Oliven\u00f6l Extra &#8220;Mignon&#8221; 100 ml"},"content":{"rendered":"","protected":false},"excerpt":{"rendered":"<p class=\"\" data-start=\"507\" data-end=\"732\">Suchst du nach dem idealen Produkt f\u00fcr eine erste Kostprobe oder findest keine perfekte L\u00f6sung f\u00fcr deine Gastgeschenke?<br data-start=\"626\" data-end=\"629\" \/>Dieses zu 100 % italienische native Oliven\u00f6l extra in einer h\u00fcbschen <strong>100-ml-Dose<\/strong> ist die perfekte Wahl!<\/p>\n<p class=\"\" data-start=\"734\" data-end=\"962\">Dank des wiederverschlie\u00dfbaren Verschlusses, der hohen Produktqualit\u00e4t und des eleganten Etiketts machst du garantiert einen guten Eindruck.<br data-start=\"874\" data-end=\"877\" \/>Bei gr\u00f6\u00dferen Mengen bieten wir eine <strong>Etikettenpersonalisierung mit Namen oder Logo<\/strong> an.<\/p>\n","protected":false},"featured_media":16927,"comment_status":"open","ping_status":"closed","template":"","meta":[],"product_brand":[],"product_cat":[58],"product_tag":[],"class_list":{"0":"post-16930","1":"product","2":"type-product","3":"status-publish","4":"has-post-thumbnail","6":"product_cat-olivenol","8":"first","9":"instock","10":"shipping-taxable","11":"purchasable","12":"product-type-simple"},"_links":{"self":[{"href":"https:\/\/bardoleat.com\/de\/wp-json\/wp\/v2\/product\/16930","targetHints":{"allow":["GET"]}}],"collection":[{"href":"https:\/\/bardoleat.com\/de\/wp-json\/wp\/v2\/product"}],"about":[{"href":"https:\/\/bardoleat.com\/de\/wp-json\/wp\/v2\/types\/product"}],"replies":[{"embeddable":true,"href":"https:\/\/bardoleat.com\/de\/wp-json\/wp\/v2\/comments?post=16930"}],"version-history":[{"count":3,"href":"https:\/\/bardoleat.com\/de\/wp-json\/wp\/v2\/product\/16930\/revisions"}],"predecessor-version":[{"id":18334,"href":"https:\/\/bardoleat.com\/de\/wp-json\/wp\/v2\/product\/16930\/revisions\/18334"}],"wp:featuredmedia":[{"embeddable":true,"href":"https:\/\/bardoleat.com\/de\/wp-json\/wp\/v2\/media\/16927"}],"wp:attachment":[{"href":"https:\/\/bardoleat.com\/de\/wp-json\/wp\/v2\/media?parent=16930"}],"wp:term":[{"taxonomy":"product_brand","embeddable":true,"href":"https:\/\/bardoleat.com\/de\/wp-json\/wp\/v2\/product_brand?post=16930"},{"taxonomy":"product_cat","embeddable":true,"href":"https:\/\/bardoleat.com\/de\/wp-json\/wp\/v2\/product_cat?post=16930"},{"taxonomy":"product_tag","embeddable":true,"href":"https:\/\/bardoleat.com\/de\/wp-json\/wp\/v2\/product_tag?post=16930"}],"curies":[{"name":"wp","href":"https:\/\/api.w.org\/{rel}","templated":true}]}}