{"id":16945,"date":"2025-05-15T13:08:09","date_gmt":"2025-05-15T11:08:09","guid":{"rendered":"https:\/\/bardoleat.com\/prodotto\/pesto-di-radicchio-e-noci\/"},"modified":"2025-05-15T13:08:09","modified_gmt":"2025-05-15T11:08:09","slug":"pesto-di-radicchio-e-noci","status":"publish","type":"product","link":"https:\/\/bardoleat.com\/de\/prodotto\/pesto-di-radicchio-e-noci\/","title":{"rendered":"Pesto di Radicchio e Noci"},"content":{"rendered":"<p>Hersteller: Orto d&#8217;Autore<\/p>\n","protected":false},"excerpt":{"rendered":"<p class=\"\" data-start=\"1085\" data-end=\"1268\">Pesto ohne Knoblauch und Laktose, hergestellt mit Radicchio und Waln\u00fcssen, und ausschlie\u00dflich mit 100 % italienischem nativem Oliven\u00f6l extra. Verzehrfertig, ideal f\u00fcr 4 Portionen.<\/p>\n<p class=\"\" data-start=\"1270\" data-end=\"1305\"><strong data-start=\"1270\" data-end=\"1305\">Radicchio-Walnuss-Pesto \u2013 180 g<\/strong><\/p>\n<p class=\"\" data-start=\"1307\" data-end=\"1622\">Eine originelle und feine W\u00fcrze, perfekt f\u00fcr alle, die kr\u00e4ftige und zugleich ausgewogene Aromen lieben. Unser Radicchio-Walnuss-Pesto wird aus ausgew\u00e4hlten Zutaten hergestellt: Radicchio (85 %), italienische Waln\u00fcsse (10,3 %) und 100 % italienisches natives Oliven\u00f6l extra (4,3 %) \u2013 ganz ohne Knoblauch und Laktose.<\/p>\n<p class=\"\" data-start=\"1624\" data-end=\"1788\">Die leicht bittere Note des Radicchio harmoniert wunderbar mit der S\u00fc\u00dfe und Cremigkeit der Waln\u00fcsse \u2013 eine besondere Kombination f\u00fcr Pasta, Crostini oder F\u00fcllungen.<\/p>\n<ul data-start=\"1790\" data-end=\"1913\">\n<li class=\"\" data-start=\"1790\" data-end=\"1808\">\n<p class=\"\" data-start=\"1792\" data-end=\"1808\">Ohne Knoblauch<\/p>\n<\/li>\n<li class=\"\" data-start=\"1809\" data-end=\"1824\">\n<p class=\"\" data-start=\"1811\" data-end=\"1824\">Laktosefrei<\/p>\n<\/li>\n<li class=\"\" data-start=\"1825\" data-end=\"1869\">\n<p class=\"\" data-start=\"1827\" data-end=\"1869\">Nur italienisches natives Oliven\u00f6l extra<\/p>\n<\/li>\n<li class=\"\" data-start=\"1870\" data-end=\"1887\">\n<p class=\"\" data-start=\"1872\" data-end=\"1887\">Verzehrfertig<\/p>\n<\/li>\n<li class=\"\" data-start=\"1888\" data-end=\"1913\">\n<p class=\"\" data-start=\"1890\" data-end=\"1913\">Ideal f\u00fcr 4 Portionen<\/p>\n<\/li>\n<\/ul>\n<p class=\"\" data-start=\"1915\" data-end=\"2064\"><strong data-start=\"1915\" data-end=\"1927\">Zutaten:<\/strong> Radicchio (85 %), Waln\u00fcsse (10,3 %), natives Oliven\u00f6l extra (4,3 %), Meersalz. S\u00e4uerungsmittel: Zitronens\u00e4ure.<br data-start=\"2038\" data-end=\"2041\" \/><strong data-start=\"2041\" data-end=\"2058\">Nettogewicht:<\/strong> 180 g<\/p>\n","protected":false},"featured_media":16940,"comment_status":"open","ping_status":"closed","template":"","meta":[],"product_brand":[],"product_cat":[56],"product_tag":[],"class_list":{"0":"post-16945","1":"product","2":"type-product","3":"status-publish","4":"has-post-thumbnail","6":"product_cat-gastronomie","8":"first","9":"instock","10":"shipping-taxable","11":"purchasable","12":"product-type-simple"},"_links":{"self":[{"href":"https:\/\/bardoleat.com\/de\/wp-json\/wp\/v2\/product\/16945","targetHints":{"allow":["GET"]}}],"collection":[{"href":"https:\/\/bardoleat.com\/de\/wp-json\/wp\/v2\/product"}],"about":[{"href":"https:\/\/bardoleat.com\/de\/wp-json\/wp\/v2\/types\/product"}],"replies":[{"embeddable":true,"href":"https:\/\/bardoleat.com\/de\/wp-json\/wp\/v2\/comments?post=16945"}],"version-history":[{"count":0,"href":"https:\/\/bardoleat.com\/de\/wp-json\/wp\/v2\/product\/16945\/revisions"}],"wp:featuredmedia":[{"embeddable":true,"href":"https:\/\/bardoleat.com\/de\/wp-json\/wp\/v2\/media\/16940"}],"wp:attachment":[{"href":"https:\/\/bardoleat.com\/de\/wp-json\/wp\/v2\/media?parent=16945"}],"wp:term":[{"taxonomy":"product_brand","embeddable":true,"href":"https:\/\/bardoleat.com\/de\/wp-json\/wp\/v2\/product_brand?post=16945"},{"taxonomy":"product_cat","embeddable":true,"href":"https:\/\/bardoleat.com\/de\/wp-json\/wp\/v2\/product_cat?post=16945"},{"taxonomy":"product_tag","embeddable":true,"href":"https:\/\/bardoleat.com\/de\/wp-json\/wp\/v2\/product_tag?post=16945"}],"curies":[{"name":"wp","href":"https:\/\/api.w.org\/{rel}","templated":true}]}}