{"id":17181,"date":"2025-07-12T20:39:05","date_gmt":"2025-07-12T18:39:05","guid":{"rendered":"https:\/\/bardoleat.com\/prodotto\/olivenlikoer-bardoleat\/"},"modified":"2025-07-12T20:39:05","modified_gmt":"2025-07-12T18:39:05","slug":"olivenlikoer-bardoleat","status":"publish","type":"product","link":"https:\/\/bardoleat.com\/de\/prodotto\/olivenlikoer-bardoleat\/","title":{"rendered":"Olivenlik\u00f6r Bardoleat"},"content":{"rendered":"<p>Handgemachter Lik\u00f6r aus einem Aufguss von Oliven-, Zitronen- und Artischockenbl\u00e4ttern. Einzigartiger Geschmack, ideal gek\u00fchlt serviert. Traditionelle 50-cl-Flasche.<\/p>\n","protected":false},"excerpt":{"rendered":"<h3 data-start=\"599\" data-end=\"652\"><strong data-start=\"608\" data-end=\"652\">Olivenlik\u00f6r Bardoleat \u2013 30\u202f% vol \u2013 50\u202fcl<\/strong><\/h3>\n<p data-start=\"654\" data-end=\"928\">Eine elegante und originelle handwerkliche Kreation, gewonnen aus der sorgf\u00e4ltigen Infusion von ausgew\u00e4hlten Olivenbl\u00e4ttern, Zitronenschalen und Artischockenwurzel. Das Ergebnis ist ein intensiver und harmonischer Lik\u00f6r mit feinen Kr\u00e4uter-, Zitrus- und angenehm s\u00fc\u00dfen Noten.<\/p>\n<p data-start=\"930\" data-end=\"1177\">\ud83c\udf78 <strong data-start=\"933\" data-end=\"953\">Verkostungstipps<\/strong><br data-start=\"953\" data-end=\"956\" \/>Gut gek\u00fchlt serviert, entfaltet er seine Frische und seinen Charakter: perfekt als Digestif nach dem Essen.<br data-start=\"1063\" data-end=\"1066\" \/>Auch ideal als Gourmet-Lik\u00f6r \u2013 ein besonderer Genuss f\u00fcr G\u00e4ste bei festlichen Anl\u00e4ssen oder stilvollen Abenden.<\/p>\n","protected":false},"featured_media":17175,"comment_status":"open","ping_status":"closed","template":"","meta":[],"product_brand":[],"product_cat":[508],"product_tag":[],"class_list":{"0":"post-17181","1":"product","2":"type-product","3":"status-publish","4":"has-post-thumbnail","6":"product_cat-liquori-de","8":"first","9":"instock","10":"shipping-taxable","11":"purchasable","12":"product-type-simple"},"_links":{"self":[{"href":"https:\/\/bardoleat.com\/de\/wp-json\/wp\/v2\/product\/17181","targetHints":{"allow":["GET"]}}],"collection":[{"href":"https:\/\/bardoleat.com\/de\/wp-json\/wp\/v2\/product"}],"about":[{"href":"https:\/\/bardoleat.com\/de\/wp-json\/wp\/v2\/types\/product"}],"replies":[{"embeddable":true,"href":"https:\/\/bardoleat.com\/de\/wp-json\/wp\/v2\/comments?post=17181"}],"version-history":[{"count":0,"href":"https:\/\/bardoleat.com\/de\/wp-json\/wp\/v2\/product\/17181\/revisions"}],"wp:featuredmedia":[{"embeddable":true,"href":"https:\/\/bardoleat.com\/de\/wp-json\/wp\/v2\/media\/17175"}],"wp:attachment":[{"href":"https:\/\/bardoleat.com\/de\/wp-json\/wp\/v2\/media?parent=17181"}],"wp:term":[{"taxonomy":"product_brand","embeddable":true,"href":"https:\/\/bardoleat.com\/de\/wp-json\/wp\/v2\/product_brand?post=17181"},{"taxonomy":"product_cat","embeddable":true,"href":"https:\/\/bardoleat.com\/de\/wp-json\/wp\/v2\/product_cat?post=17181"},{"taxonomy":"product_tag","embeddable":true,"href":"https:\/\/bardoleat.com\/de\/wp-json\/wp\/v2\/product_tag?post=17181"}],"curies":[{"name":"wp","href":"https:\/\/api.w.org\/{rel}","templated":true}]}}