{"id":17445,"date":"2025-08-31T16:24:37","date_gmt":"2025-08-31T14:24:37","guid":{"rendered":"https:\/\/bardoleat.com\/prodotto\/limoncello-major-0-50-l\/"},"modified":"2025-08-31T16:24:37","modified_gmt":"2025-08-31T14:24:37","slug":"limoncello-major-0-50-l","status":"publish","type":"product","link":"https:\/\/bardoleat.com\/de\/prodotto\/limoncello-major-0-50-l\/","title":{"rendered":"Limoncello Major 0.50 l"},"content":{"rendered":"<p>Distillerie Major<\/p>\n","protected":false},"excerpt":{"rendered":"<p data-start=\"373\" data-end=\"539\"><strong data-start=\"373\" data-end=\"390\">Zitronenlik\u00f6r<\/strong><br data-start=\"390\" data-end=\"393\" \/>Ein k\u00f6stlicher Lik\u00f6r, ideal nach dem Essen. S\u00fc\u00df und zart, hergestellt aus Zitronenschalenausz\u00fcgen. Am besten gut gek\u00fchlt oder eiskalt servieren.<\/p>\n<p data-start=\"541\" data-end=\"559\">Ohne Farbstoffe.<\/p>\n<p data-start=\"561\" data-end=\"571\">28% VOL.<\/p>\n<p data-start=\"573\" data-end=\"589\">50 cl Flasche.<\/p>\n","protected":false},"featured_media":17441,"comment_status":"open","ping_status":"closed","template":"","meta":[],"product_brand":[],"product_cat":[508],"product_tag":[],"class_list":{"0":"post-17445","1":"product","2":"type-product","3":"status-publish","4":"has-post-thumbnail","6":"product_cat-liquori-de","8":"first","9":"instock","10":"shipping-taxable","11":"purchasable","12":"product-type-simple"},"_links":{"self":[{"href":"https:\/\/bardoleat.com\/de\/wp-json\/wp\/v2\/product\/17445","targetHints":{"allow":["GET"]}}],"collection":[{"href":"https:\/\/bardoleat.com\/de\/wp-json\/wp\/v2\/product"}],"about":[{"href":"https:\/\/bardoleat.com\/de\/wp-json\/wp\/v2\/types\/product"}],"replies":[{"embeddable":true,"href":"https:\/\/bardoleat.com\/de\/wp-json\/wp\/v2\/comments?post=17445"}],"version-history":[{"count":0,"href":"https:\/\/bardoleat.com\/de\/wp-json\/wp\/v2\/product\/17445\/revisions"}],"wp:featuredmedia":[{"embeddable":true,"href":"https:\/\/bardoleat.com\/de\/wp-json\/wp\/v2\/media\/17441"}],"wp:attachment":[{"href":"https:\/\/bardoleat.com\/de\/wp-json\/wp\/v2\/media?parent=17445"}],"wp:term":[{"taxonomy":"product_brand","embeddable":true,"href":"https:\/\/bardoleat.com\/de\/wp-json\/wp\/v2\/product_brand?post=17445"},{"taxonomy":"product_cat","embeddable":true,"href":"https:\/\/bardoleat.com\/de\/wp-json\/wp\/v2\/product_cat?post=17445"},{"taxonomy":"product_tag","embeddable":true,"href":"https:\/\/bardoleat.com\/de\/wp-json\/wp\/v2\/product_tag?post=17445"}],"curies":[{"name":"wp","href":"https:\/\/api.w.org\/{rel}","templated":true}]}}