{"id":17588,"date":"2025-10-12T15:35:28","date_gmt":"2025-10-12T13:35:28","guid":{"rendered":"https:\/\/bardoleat.com\/prodotto\/condimento-balsamico-lucenti-100-ml\/"},"modified":"2025-10-12T16:25:52","modified_gmt":"2025-10-12T14:25:52","slug":"condimento-balsamico-lucenti-100-ml","status":"publish","type":"product","link":"https:\/\/bardoleat.com\/de\/prodotto\/condimento-balsamico-lucenti-100-ml\/","title":{"rendered":"Balsamico-W\u00fcrze \u201dLucenti&#8221; 100 ml"},"content":{"rendered":"<p>Hersteller: Acetaia Lucenti.<\/p>\n","protected":false},"excerpt":{"rendered":"<p data-start=\"925\" data-end=\"1124\">Mit einem <strong data-start=\"935\" data-end=\"975\">zarten und nat\u00fcrlich s\u00fc\u00dfen Geschmack<\/strong> \u00fcberzeugt dieser Balsamessig durch seine <strong data-start=\"1017\" data-end=\"1050\">dichte und samtige Konsistenz<\/strong>, perfekt zum Verfeinern von Gourmetgerichten und allt\u00e4glichen Rezepten.<\/p>\n<p data-start=\"1126\" data-end=\"1344\">Hergestellt aus <strong data-start=\"1142\" data-end=\"1206\">vergorenem Traubenmost, der in edlen Holzf\u00e4ssern gereift ist<\/strong>, ist dieses Produkt <strong data-start=\"1227\" data-end=\"1246\">100 % nat\u00fcrlich<\/strong> und <strong data-start=\"1251\" data-end=\"1298\">frei von Verdickungsmitteln und Farbstoffen<\/strong> \u2013 ein echtes St\u00fcck italienischer Tradition.<\/p>\n<p data-start=\"1346\" data-end=\"1514\">Die <strong data-start=\"1350\" data-end=\"1368\">100 ml-Flasche<\/strong> eignet sich ideal <strong data-start=\"1387\" data-end=\"1431\">f\u00fcr den t\u00e4glichen Gebrauch auf dem Tisch<\/strong> oder als <strong data-start=\"1441\" data-end=\"1511\">elegantes Gourmet-Geschenk bzw. Geschenkidee f\u00fcr besondere Anl\u00e4sse<\/strong>.<\/p>\n<p data-start=\"1516\" data-end=\"1605\"><strong data-start=\"1516\" data-end=\"1528\">Zutaten:<\/strong> vergorener Traubenmost, gereift in edlen Holzf\u00e4ssern.<br data-start=\"1582\" data-end=\"1585\" \/>Enth\u00e4lt Sulfite.<\/p>\n","protected":false},"featured_media":17584,"comment_status":"open","ping_status":"closed","template":"","meta":[],"product_brand":[],"product_cat":[64],"product_tag":[],"class_list":{"0":"post-17588","1":"product","2":"type-product","3":"status-publish","4":"has-post-thumbnail","6":"product_cat-essig","8":"first","9":"instock","10":"shipping-taxable","11":"purchasable","12":"product-type-simple"},"_links":{"self":[{"href":"https:\/\/bardoleat.com\/de\/wp-json\/wp\/v2\/product\/17588","targetHints":{"allow":["GET"]}}],"collection":[{"href":"https:\/\/bardoleat.com\/de\/wp-json\/wp\/v2\/product"}],"about":[{"href":"https:\/\/bardoleat.com\/de\/wp-json\/wp\/v2\/types\/product"}],"replies":[{"embeddable":true,"href":"https:\/\/bardoleat.com\/de\/wp-json\/wp\/v2\/comments?post=17588"}],"version-history":[{"count":1,"href":"https:\/\/bardoleat.com\/de\/wp-json\/wp\/v2\/product\/17588\/revisions"}],"predecessor-version":[{"id":17590,"href":"https:\/\/bardoleat.com\/de\/wp-json\/wp\/v2\/product\/17588\/revisions\/17590"}],"wp:featuredmedia":[{"embeddable":true,"href":"https:\/\/bardoleat.com\/de\/wp-json\/wp\/v2\/media\/17584"}],"wp:attachment":[{"href":"https:\/\/bardoleat.com\/de\/wp-json\/wp\/v2\/media?parent=17588"}],"wp:term":[{"taxonomy":"product_brand","embeddable":true,"href":"https:\/\/bardoleat.com\/de\/wp-json\/wp\/v2\/product_brand?post=17588"},{"taxonomy":"product_cat","embeddable":true,"href":"https:\/\/bardoleat.com\/de\/wp-json\/wp\/v2\/product_cat?post=17588"},{"taxonomy":"product_tag","embeddable":true,"href":"https:\/\/bardoleat.com\/de\/wp-json\/wp\/v2\/product_tag?post=17588"}],"curies":[{"name":"wp","href":"https:\/\/api.w.org\/{rel}","templated":true}]}}