{"id":17831,"date":"2025-11-02T16:43:15","date_gmt":"2025-11-02T14:43:15","guid":{"rendered":"https:\/\/bardoleat.com\/prodotto\/zitronen-konfetti\/"},"modified":"2025-11-02T17:12:02","modified_gmt":"2025-11-02T15:12:02","slug":"zitronen-konfetti","status":"publish","type":"product","link":"https:\/\/bardoleat.com\/de\/prodotto\/zitronen-konfetti\/","title":{"rendered":"Zitronen-Konfetti"},"content":{"rendered":"<p>Hersteller: Foletto<\/p>\n","protected":false},"excerpt":{"rendered":"<p data-start=\"836\" data-end=\"1175\">K\u00f6stliche, handgefertigte Zuckermandeln mit dem frischen und feinen Geschmack von <strong data-start=\"918\" data-end=\"937\">Foletto-Zitrone<\/strong>, einer einzigartigen Spezialit\u00e4t vom Gardasee.<br data-start=\"984\" data-end=\"987\" \/>Unter der d\u00fcnnen Zuckerschicht verbirgt sich ein weiches, duftendes Herz, das das nat\u00fcrliche Aroma der Zitronen aus der ber\u00fchmten <strong data-start=\"1117\" data-end=\"1162\">Lik\u00f6rmanufaktur Foletto in Pieve di Ledro<\/strong> entfaltet.<\/p>\n<p data-start=\"1177\" data-end=\"1381\">Perfekt f\u00fcr jede Gelegenheit \u2013 Hochzeiten, Feste, Geschenkboxen oder einfach f\u00fcr einen s\u00fc\u00dfen Genussmoment \u2013 vereinen diese Konfetti <strong data-start=\"1309\" data-end=\"1378\">Tradition, Qualit\u00e4t und den authentischen Geschmack des Gardasees<\/strong>.<\/p>\n<p data-start=\"1177\" data-end=\"1381\">180 g.<\/p>\n","protected":false},"featured_media":17822,"comment_status":"open","ping_status":"closed","template":"","meta":[],"product_brand":[],"product_cat":[56],"product_tag":[],"class_list":{"0":"post-17831","1":"product","2":"type-product","3":"status-publish","4":"has-post-thumbnail","6":"product_cat-gastronomie","8":"first","9":"instock","10":"shipping-taxable","11":"purchasable","12":"product-type-simple"},"_links":{"self":[{"href":"https:\/\/bardoleat.com\/de\/wp-json\/wp\/v2\/product\/17831","targetHints":{"allow":["GET"]}}],"collection":[{"href":"https:\/\/bardoleat.com\/de\/wp-json\/wp\/v2\/product"}],"about":[{"href":"https:\/\/bardoleat.com\/de\/wp-json\/wp\/v2\/types\/product"}],"replies":[{"embeddable":true,"href":"https:\/\/bardoleat.com\/de\/wp-json\/wp\/v2\/comments?post=17831"}],"version-history":[{"count":2,"href":"https:\/\/bardoleat.com\/de\/wp-json\/wp\/v2\/product\/17831\/revisions"}],"predecessor-version":[{"id":17843,"href":"https:\/\/bardoleat.com\/de\/wp-json\/wp\/v2\/product\/17831\/revisions\/17843"}],"wp:featuredmedia":[{"embeddable":true,"href":"https:\/\/bardoleat.com\/de\/wp-json\/wp\/v2\/media\/17822"}],"wp:attachment":[{"href":"https:\/\/bardoleat.com\/de\/wp-json\/wp\/v2\/media?parent=17831"}],"wp:term":[{"taxonomy":"product_brand","embeddable":true,"href":"https:\/\/bardoleat.com\/de\/wp-json\/wp\/v2\/product_brand?post=17831"},{"taxonomy":"product_cat","embeddable":true,"href":"https:\/\/bardoleat.com\/de\/wp-json\/wp\/v2\/product_cat?post=17831"},{"taxonomy":"product_tag","embeddable":true,"href":"https:\/\/bardoleat.com\/de\/wp-json\/wp\/v2\/product_tag?post=17831"}],"curies":[{"name":"wp","href":"https:\/\/api.w.org\/{rel}","templated":true}]}}