{"id":18635,"date":"2026-01-31T14:48:33","date_gmt":"2026-01-31T12:48:33","guid":{"rendered":"https:\/\/bardoleat.com\/prodotto\/gourmet-aromen-trio-aromatisierte-olivenoele\/"},"modified":"2026-01-31T14:48:33","modified_gmt":"2026-01-31T12:48:33","slug":"gourmet-aromen-trio-aromatisierte-olivenoele","status":"publish","type":"product","link":"https:\/\/bardoleat.com\/de\/prodotto\/gourmet-aromen-trio-aromatisierte-olivenoele\/","title":{"rendered":"Gourmet-Aromen-Trio \u2013 Aromatisierte Oliven\u00f6le"},"content":{"rendered":"<p>Hergestellt in Bardolino, Gardasee<\/p>\n","protected":false},"excerpt":{"rendered":"<p data-start=\"1101\" data-end=\"1295\">Das <strong data-start=\"1105\" data-end=\"1138\">Bardoleat Gourmet-Aromen-Trio<\/strong> ist eine Auswahl von drei W\u00fcrz\u00f6len auf Basis von nativem Oliven\u00f6l extra, ideal f\u00fcr alle, die ihre Gerichte mit Einfachheit und Charakter verfeinern m\u00f6chten.<\/p>\n<p data-start=\"1297\" data-end=\"1485\">Jede Flasche wird aus hochwertigem nativem Oliven\u00f6l extra hergestellt und mit Zitrone, Chili und Tr\u00fcffel verfeinert, um ein ausgewogenes und unverwechselbares Geschmackserlebnis zu bieten.<\/p>\n<p data-start=\"1487\" data-end=\"1527\"><strong data-start=\"1487\" data-end=\"1507\">Inhalt des Sets:<\/strong> 3 Flaschen \u00d7 0,25 L<\/p>\n<ul data-start=\"1529\" data-end=\"1898\">\n<li data-start=\"1529\" data-end=\"1637\">\n<p data-start=\"1531\" data-end=\"1637\"><strong data-start=\"1531\" data-end=\"1575\">Natives Oliven\u00f6l extra mit Zitronenaroma<\/strong> \u2013 frisch und aromatisch, ideal f\u00fcr Fisch, Gem\u00fcse und Salate<\/p>\n<\/li>\n<li data-start=\"1638\" data-end=\"1772\">\n<p data-start=\"1640\" data-end=\"1772\"><strong data-start=\"1640\" data-end=\"1681\">Natives Oliven\u00f6l extra mit Chiliaroma<\/strong> \u2013 intensiv und harmonisch, perfekt f\u00fcr Pasta, Pizza, H\u00fclsenfr\u00fcchte und kr\u00e4ftige Gerichte<\/p>\n<\/li>\n<li data-start=\"1773\" data-end=\"1898\">\n<p data-start=\"1775\" data-end=\"1898\"><strong data-start=\"1775\" data-end=\"1825\">Natives Oliven\u00f6l extra mit wei\u00dfem Tr\u00fcffelaroma<\/strong> \u2013 elegant und langanhaltend, ideal f\u00fcr Risotto, Eier und Gourmetgerichte<\/p>\n<\/li>\n<\/ul>\n","protected":false},"featured_media":18632,"comment_status":"open","ping_status":"closed","template":"","meta":[],"product_brand":[],"product_cat":[58],"product_tag":[],"class_list":{"0":"post-18635","1":"product","2":"type-product","3":"status-publish","4":"has-post-thumbnail","6":"product_cat-olivenol","8":"first","9":"instock","10":"sale","11":"shipping-taxable","12":"purchasable","13":"product-type-simple"},"_links":{"self":[{"href":"https:\/\/bardoleat.com\/de\/wp-json\/wp\/v2\/product\/18635","targetHints":{"allow":["GET"]}}],"collection":[{"href":"https:\/\/bardoleat.com\/de\/wp-json\/wp\/v2\/product"}],"about":[{"href":"https:\/\/bardoleat.com\/de\/wp-json\/wp\/v2\/types\/product"}],"replies":[{"embeddable":true,"href":"https:\/\/bardoleat.com\/de\/wp-json\/wp\/v2\/comments?post=18635"}],"version-history":[{"count":0,"href":"https:\/\/bardoleat.com\/de\/wp-json\/wp\/v2\/product\/18635\/revisions"}],"wp:featuredmedia":[{"embeddable":true,"href":"https:\/\/bardoleat.com\/de\/wp-json\/wp\/v2\/media\/18632"}],"wp:attachment":[{"href":"https:\/\/bardoleat.com\/de\/wp-json\/wp\/v2\/media?parent=18635"}],"wp:term":[{"taxonomy":"product_brand","embeddable":true,"href":"https:\/\/bardoleat.com\/de\/wp-json\/wp\/v2\/product_brand?post=18635"},{"taxonomy":"product_cat","embeddable":true,"href":"https:\/\/bardoleat.com\/de\/wp-json\/wp\/v2\/product_cat?post=18635"},{"taxonomy":"product_tag","embeddable":true,"href":"https:\/\/bardoleat.com\/de\/wp-json\/wp\/v2\/product_tag?post=18635"}],"curies":[{"name":"wp","href":"https:\/\/api.w.org\/{rel}","templated":true}]}}