{"id":18782,"date":"2026-03-17T19:40:22","date_gmt":"2026-03-17T17:40:22","guid":{"rendered":"https:\/\/bardoleat.com\/prodotto\/risotto-mit-orange-300g\/"},"modified":"2026-03-17T19:40:22","modified_gmt":"2026-03-17T17:40:22","slug":"risotto-mit-orange-300g","status":"publish","type":"product","link":"https:\/\/bardoleat.com\/de\/prodotto\/risotto-mit-orange-300g\/","title":{"rendered":"Risotto mit Orange 300g"},"content":{"rendered":"<p data-start=\"3306\" data-end=\"3323\"><strong data-start=\"3306\" data-end=\"3321\">Zubereitung<\/strong><\/p>\n<ol data-start=\"3324\" data-end=\"3770\">\n<li data-start=\"3324\" data-end=\"3377\">\n<p data-start=\"3327\" data-end=\"3377\">2 Liter Br\u00fche zum Kochen bringen und warmhalten.<\/p>\n<\/li>\n<li data-start=\"3378\" data-end=\"3475\">\n<p data-start=\"3381\" data-end=\"3475\">In einer Pfanne ein St\u00fcck Butter schmelzen oder 2 Essl\u00f6ffel natives Oliven\u00f6l extra erhitzen.<\/p>\n<\/li>\n<li data-start=\"3476\" data-end=\"3554\">\n<p data-start=\"3479\" data-end=\"3554\">Den Beutelinhalt hinzuf\u00fcgen und den Reis 3 Minuten unter R\u00fchren anr\u00f6sten.<\/p>\n<\/li>\n<li data-start=\"3555\" data-end=\"3625\">\n<p data-start=\"3558\" data-end=\"3625\">Nach Belieben ein Glas Wei\u00dfwein hinzuf\u00fcgen und verdampfen lassen.<\/p>\n<\/li>\n<li data-start=\"3626\" data-end=\"3708\">\n<p data-start=\"3629\" data-end=\"3708\">Die hei\u00dfe Br\u00fche nach und nach sch\u00f6pfkellenweise zugeben, regelm\u00e4\u00dfig umr\u00fchren.<\/p>\n<\/li>\n<li data-start=\"3709\" data-end=\"3770\">\n<p data-start=\"3712\" data-end=\"3770\">Nach etwa 18 Minuten mit einem St\u00fcck Butter cremig r\u00fchren.<\/p>\n<\/li>\n<\/ol>\n","protected":false},"excerpt":{"rendered":"<p data-start=\"1894\" data-end=\"1949\"><strong data-start=\"1894\" data-end=\"1949\">Risotto mit Orange und italienischem Carnaroli-Reis<\/strong><\/p>\n<p data-start=\"1951\" data-end=\"2087\"><strong data-start=\"1951\" data-end=\"1963\">Zutaten:<\/strong> Italienischer Carnaroli-Reis, Orange, Zwiebel. Kann Spuren von Gluten, Schalenfr\u00fcchten, Weichtieren und Sellerie enthalten.<\/p>\n<p data-start=\"2089\" data-end=\"2492\">Entdecken Sie die Frische unseres <strong data-start=\"2123\" data-end=\"2146\">Risottos mit Orange<\/strong>, hergestellt aus 100% nat\u00fcrlichen und sorgf\u00e4ltig ausgew\u00e4hlten Zutaten. Wir verwenden ausschlie\u00dflich italienischen Carnaroli-Reis und verfeinern ihn mit Orange, die dem Gericht eine feine, leicht s\u00fc\u00dfliche und fruchtige Zitrusnote verleiht und f\u00fcr ein elegantes, ausgewogenes Geschmackserlebnis sorgt. S\u00fc\u00dfe Zwiebeln runden das Ganze harmonisch ab.<\/p>\n<p data-start=\"2494\" data-end=\"2620\">\u2705 Ohne Konservierungsstoffe<br data-start=\"2521\" data-end=\"2524\" \/>\u2705 Ohne k\u00fcnstliche Farbstoffe<br data-start=\"2552\" data-end=\"2555\" \/>\u2705 Ohne zugesetztes Glutamat<br data-start=\"2582\" data-end=\"2585\" \/>\u2705 Ohne zugesetzte Fette oder Salz<\/p>\n<p data-start=\"2622\" data-end=\"2816\">Der authentische Geschmack italienischer Zutaten in einem frischen, eleganten und einfach zuzubereitenden Gericht \u2013 fertig in nur 18 Minuten. Jede Portion steht f\u00fcr Balance, Duft und Qualit\u00e4t.<\/p>\n","protected":false},"featured_media":18760,"comment_status":"open","ping_status":"closed","template":"","meta":[],"product_brand":[],"product_cat":[56],"product_tag":[],"class_list":{"0":"post-18782","1":"product","2":"type-product","3":"status-publish","4":"has-post-thumbnail","6":"product_cat-gastronomie","8":"first","9":"instock","10":"shipping-taxable","11":"purchasable","12":"product-type-simple"},"_links":{"self":[{"href":"https:\/\/bardoleat.com\/de\/wp-json\/wp\/v2\/product\/18782","targetHints":{"allow":["GET"]}}],"collection":[{"href":"https:\/\/bardoleat.com\/de\/wp-json\/wp\/v2\/product"}],"about":[{"href":"https:\/\/bardoleat.com\/de\/wp-json\/wp\/v2\/types\/product"}],"replies":[{"embeddable":true,"href":"https:\/\/bardoleat.com\/de\/wp-json\/wp\/v2\/comments?post=18782"}],"version-history":[{"count":0,"href":"https:\/\/bardoleat.com\/de\/wp-json\/wp\/v2\/product\/18782\/revisions"}],"wp:featuredmedia":[{"embeddable":true,"href":"https:\/\/bardoleat.com\/de\/wp-json\/wp\/v2\/media\/18760"}],"wp:attachment":[{"href":"https:\/\/bardoleat.com\/de\/wp-json\/wp\/v2\/media?parent=18782"}],"wp:term":[{"taxonomy":"product_brand","embeddable":true,"href":"https:\/\/bardoleat.com\/de\/wp-json\/wp\/v2\/product_brand?post=18782"},{"taxonomy":"product_cat","embeddable":true,"href":"https:\/\/bardoleat.com\/de\/wp-json\/wp\/v2\/product_cat?post=18782"},{"taxonomy":"product_tag","embeddable":true,"href":"https:\/\/bardoleat.com\/de\/wp-json\/wp\/v2\/product_tag?post=18782"}],"curies":[{"name":"wp","href":"https:\/\/api.w.org\/{rel}","templated":true}]}}