{"id":1901,"date":"2019-01-25T15:27:55","date_gmt":"2019-01-25T13:27:55","guid":{"rendered":"https:\/\/bardoleat.com\/prodotto\/beerenmarmelade-orto-dautore\/"},"modified":"2025-11-27T17:51:46","modified_gmt":"2025-11-27T15:51:46","slug":"beerenkonfiture-100-frucht","status":"publish","type":"product","link":"https:\/\/bardoleat.com\/de\/prodotto\/beerenkonfiture-100-frucht\/","title":{"rendered":"Beerenkonfit\u00fcre 100% Frucht BIO"},"content":{"rendered":"<p>Zwischen dem Apennin und dem Adriatischen Meer, in den unber\u00fchrten Gebieten des Molise, entstand die nat\u00fcrliche Kette des La cascina di Peppino.<\/p>\n","protected":false},"excerpt":{"rendered":"<p>Inhalt: 230 gr.<\/p>\n<p><strong>Zubereitet aus 100 % Fr\u00fcchten, nur mit Fruchtzuckern, nur aus ganzen Fr\u00fcchten oder in St\u00fccken zubereitet.<\/strong><\/p>\n<p>ZUTATEN: Beeren (100%), Traubenzucker, Zitronensaft. Verdickungsmittel: Pektin.<\/p>\n<p>VERWENDUNG VON FR\u00dcCHTEN: 100 g pro 100 g Produkt.<\/p>\n<p>OBSTURSPRUNG: ITALIEN<\/p>\n","protected":false},"featured_media":18141,"comment_status":"open","ping_status":"closed","template":"","meta":[],"product_brand":[],"product_cat":[56],"product_tag":[],"class_list":{"0":"post-1901","1":"product","2":"type-product","3":"status-publish","4":"has-post-thumbnail","6":"product_cat-gastronomie","8":"first","9":"instock","10":"shipping-taxable","11":"purchasable","12":"product-type-simple"},"_links":{"self":[{"href":"https:\/\/bardoleat.com\/de\/wp-json\/wp\/v2\/product\/1901","targetHints":{"allow":["GET"]}}],"collection":[{"href":"https:\/\/bardoleat.com\/de\/wp-json\/wp\/v2\/product"}],"about":[{"href":"https:\/\/bardoleat.com\/de\/wp-json\/wp\/v2\/types\/product"}],"replies":[{"embeddable":true,"href":"https:\/\/bardoleat.com\/de\/wp-json\/wp\/v2\/comments?post=1901"}],"version-history":[{"count":1,"href":"https:\/\/bardoleat.com\/de\/wp-json\/wp\/v2\/product\/1901\/revisions"}],"predecessor-version":[{"id":18171,"href":"https:\/\/bardoleat.com\/de\/wp-json\/wp\/v2\/product\/1901\/revisions\/18171"}],"wp:featuredmedia":[{"embeddable":true,"href":"https:\/\/bardoleat.com\/de\/wp-json\/wp\/v2\/media\/18141"}],"wp:attachment":[{"href":"https:\/\/bardoleat.com\/de\/wp-json\/wp\/v2\/media?parent=1901"}],"wp:term":[{"taxonomy":"product_brand","embeddable":true,"href":"https:\/\/bardoleat.com\/de\/wp-json\/wp\/v2\/product_brand?post=1901"},{"taxonomy":"product_cat","embeddable":true,"href":"https:\/\/bardoleat.com\/de\/wp-json\/wp\/v2\/product_cat?post=1901"},{"taxonomy":"product_tag","embeddable":true,"href":"https:\/\/bardoleat.com\/de\/wp-json\/wp\/v2\/product_tag?post=1901"}],"curies":[{"name":"wp","href":"https:\/\/api.w.org\/{rel}","templated":true}]}}