{"id":1911,"date":"2019-01-25T15:25:50","date_gmt":"2019-01-25T13:25:50","guid":{"rendered":"https:\/\/bardoleat.com\/prodotto\/orangemarmelade-orto-dautore\/"},"modified":"2025-09-22T20:56:30","modified_gmt":"2025-09-22T18:56:30","slug":"orangekonfiture-100-frucht","status":"publish","type":"product","link":"https:\/\/bardoleat.com\/de\/prodotto\/orangekonfiture-100-frucht\/","title":{"rendered":"Orangekonfit\u00fcre 100% Frucht BIO"},"content":{"rendered":"<p>Zwischen dem Apennin und dem Adriatischen Meer, in den unber\u00fchrten Gebieten des Molise, entstand die nat\u00fcrliche Kette des La Cascina di Peppino.<\/p>\n","protected":false},"excerpt":{"rendered":"<p>Inhalt: 230 gr.<\/p>\n<p><strong>Zubereitet aus 100 % Fr\u00fcchten, nur mit Fruchtzuckern, nur aus ganzen Fr\u00fcchten oder in St\u00fccken zubereitet.<\/strong><\/p>\n<p>ZUTATEN: Orangen (100%), Traubenzucker, Zitronensaft. Verdickungsmittel: Pektin.<\/p>\n<p>VERWENDUNG VON FR\u00dcCHTEN: 100 g pro 100 g Produkt.<\/p>\n<p>OBSTURSPRUNG: ITALIEN<\/p>\n","protected":false},"featured_media":17519,"comment_status":"open","ping_status":"closed","template":"","meta":[],"product_brand":[],"product_cat":[56],"product_tag":[],"class_list":{"0":"post-1911","1":"product","2":"type-product","3":"status-publish","4":"has-post-thumbnail","6":"product_cat-gastronomie","8":"first","9":"instock","10":"shipping-taxable","11":"purchasable","12":"product-type-simple"},"_links":{"self":[{"href":"https:\/\/bardoleat.com\/de\/wp-json\/wp\/v2\/product\/1911","targetHints":{"allow":["GET"]}}],"collection":[{"href":"https:\/\/bardoleat.com\/de\/wp-json\/wp\/v2\/product"}],"about":[{"href":"https:\/\/bardoleat.com\/de\/wp-json\/wp\/v2\/types\/product"}],"replies":[{"embeddable":true,"href":"https:\/\/bardoleat.com\/de\/wp-json\/wp\/v2\/comments?post=1911"}],"version-history":[{"count":1,"href":"https:\/\/bardoleat.com\/de\/wp-json\/wp\/v2\/product\/1911\/revisions"}],"predecessor-version":[{"id":17522,"href":"https:\/\/bardoleat.com\/de\/wp-json\/wp\/v2\/product\/1911\/revisions\/17522"}],"wp:featuredmedia":[{"embeddable":true,"href":"https:\/\/bardoleat.com\/de\/wp-json\/wp\/v2\/media\/17519"}],"wp:attachment":[{"href":"https:\/\/bardoleat.com\/de\/wp-json\/wp\/v2\/media?parent=1911"}],"wp:term":[{"taxonomy":"product_brand","embeddable":true,"href":"https:\/\/bardoleat.com\/de\/wp-json\/wp\/v2\/product_brand?post=1911"},{"taxonomy":"product_cat","embeddable":true,"href":"https:\/\/bardoleat.com\/de\/wp-json\/wp\/v2\/product_cat?post=1911"},{"taxonomy":"product_tag","embeddable":true,"href":"https:\/\/bardoleat.com\/de\/wp-json\/wp\/v2\/product_tag?post=1911"}],"curies":[{"name":"wp","href":"https:\/\/api.w.org\/{rel}","templated":true}]}}