{"id":1948,"date":"2019-01-25T14:27:34","date_gmt":"2019-01-25T12:27:34","guid":{"rendered":"https:\/\/bardoleat.com\/prodotto\/weise-truffel-ol\/"},"modified":"2026-01-29T16:40:44","modified_gmt":"2026-01-29T14:40:44","slug":"weise-truffel-ol","status":"publish","type":"product","link":"https:\/\/bardoleat.com\/de\/prodotto\/weise-truffel-ol\/","title":{"rendered":"Aromatisiertes \u00d6l mit Tr\u00fcffel 0,25L"},"content":{"rendered":"","protected":false},"excerpt":{"rendered":"<p><b><strong>Inhalt: 0,25 l<\/strong><\/b><\/p>\n<p>Unsere Familie hat die feinsten nat\u00fcrlichen Essenzen ausgew\u00e4hlt, die in Verbindung mit den besten nativen Oliven\u00f6len extra eine Reihe von W\u00fcrzmitteln f\u00fcr den t\u00e4glichen Gebrauch ergeben.<\/p>\n<p>Ein Gew\u00fcrz auf der Basis von Nativem Oliven\u00f6l Extra und nat\u00fcrlichem Tr\u00fcffelaroma.<\/p>\n","protected":false},"featured_media":18017,"comment_status":"open","ping_status":"closed","template":"","meta":[],"product_brand":[],"product_cat":[58],"product_tag":[156],"class_list":{"0":"post-1948","1":"product","2":"type-product","3":"status-publish","4":"has-post-thumbnail","6":"product_cat-olivenol","7":"product_tag-trueffel-olivenoel","9":"first","10":"instock","11":"shipping-taxable","12":"purchasable","13":"product-type-simple"},"_links":{"self":[{"href":"https:\/\/bardoleat.com\/de\/wp-json\/wp\/v2\/product\/1948","targetHints":{"allow":["GET"]}}],"collection":[{"href":"https:\/\/bardoleat.com\/de\/wp-json\/wp\/v2\/product"}],"about":[{"href":"https:\/\/bardoleat.com\/de\/wp-json\/wp\/v2\/types\/product"}],"replies":[{"embeddable":true,"href":"https:\/\/bardoleat.com\/de\/wp-json\/wp\/v2\/comments?post=1948"}],"version-history":[{"count":2,"href":"https:\/\/bardoleat.com\/de\/wp-json\/wp\/v2\/product\/1948\/revisions"}],"predecessor-version":[{"id":18613,"href":"https:\/\/bardoleat.com\/de\/wp-json\/wp\/v2\/product\/1948\/revisions\/18613"}],"wp:featuredmedia":[{"embeddable":true,"href":"https:\/\/bardoleat.com\/de\/wp-json\/wp\/v2\/media\/18017"}],"wp:attachment":[{"href":"https:\/\/bardoleat.com\/de\/wp-json\/wp\/v2\/media?parent=1948"}],"wp:term":[{"taxonomy":"product_brand","embeddable":true,"href":"https:\/\/bardoleat.com\/de\/wp-json\/wp\/v2\/product_brand?post=1948"},{"taxonomy":"product_cat","embeddable":true,"href":"https:\/\/bardoleat.com\/de\/wp-json\/wp\/v2\/product_cat?post=1948"},{"taxonomy":"product_tag","embeddable":true,"href":"https:\/\/bardoleat.com\/de\/wp-json\/wp\/v2\/product_tag?post=1948"}],"curies":[{"name":"wp","href":"https:\/\/api.w.org\/{rel}","templated":true}]}}