{"id":1950,"date":"2019-01-25T14:26:33","date_gmt":"2019-01-25T12:26:33","guid":{"rendered":"https:\/\/bardoleat.com\/prodotto\/extra-vergine-olivenol-limone\/"},"modified":"2026-01-29T16:39:57","modified_gmt":"2026-01-29T14:39:57","slug":"extra-vergine-olivenol-limone","status":"publish","type":"product","link":"https:\/\/bardoleat.com\/de\/prodotto\/extra-vergine-olivenol-limone\/","title":{"rendered":"Aromatisiertes \u00d6l mit Zitrone 0,25L"},"content":{"rendered":"","protected":false},"excerpt":{"rendered":"<p><strong>Inhalt: 0,25 l<\/strong><\/p>\n<p>Bardoleat hat die feinsten nat\u00fcrlichen Essenzen ausgew\u00e4hlt, die in Verbindung mit den besten nativen Oliven\u00f6len extra zu einer Reihe von W\u00fcrzmitteln f\u00fcr den t\u00e4glichen Gebrauch gef\u00fchrt haben.<\/p>\n<p>Ein W\u00fcrzmittel auf der Basis von nativem Oliven\u00f6l extra und nat\u00fcrlichem Zitronenaroma.<\/p>\n","protected":false},"featured_media":18011,"comment_status":"open","ping_status":"closed","template":"","meta":[],"product_brand":[],"product_cat":[58],"product_tag":[],"class_list":{"0":"post-1950","1":"product","2":"type-product","3":"status-publish","4":"has-post-thumbnail","6":"product_cat-olivenol","8":"first","9":"instock","10":"shipping-taxable","11":"purchasable","12":"product-type-simple"},"_links":{"self":[{"href":"https:\/\/bardoleat.com\/de\/wp-json\/wp\/v2\/product\/1950","targetHints":{"allow":["GET"]}}],"collection":[{"href":"https:\/\/bardoleat.com\/de\/wp-json\/wp\/v2\/product"}],"about":[{"href":"https:\/\/bardoleat.com\/de\/wp-json\/wp\/v2\/types\/product"}],"replies":[{"embeddable":true,"href":"https:\/\/bardoleat.com\/de\/wp-json\/wp\/v2\/comments?post=1950"}],"version-history":[{"count":2,"href":"https:\/\/bardoleat.com\/de\/wp-json\/wp\/v2\/product\/1950\/revisions"}],"predecessor-version":[{"id":18608,"href":"https:\/\/bardoleat.com\/de\/wp-json\/wp\/v2\/product\/1950\/revisions\/18608"}],"wp:featuredmedia":[{"embeddable":true,"href":"https:\/\/bardoleat.com\/de\/wp-json\/wp\/v2\/media\/18011"}],"wp:attachment":[{"href":"https:\/\/bardoleat.com\/de\/wp-json\/wp\/v2\/media?parent=1950"}],"wp:term":[{"taxonomy":"product_brand","embeddable":true,"href":"https:\/\/bardoleat.com\/de\/wp-json\/wp\/v2\/product_brand?post=1950"},{"taxonomy":"product_cat","embeddable":true,"href":"https:\/\/bardoleat.com\/de\/wp-json\/wp\/v2\/product_cat?post=1950"},{"taxonomy":"product_tag","embeddable":true,"href":"https:\/\/bardoleat.com\/de\/wp-json\/wp\/v2\/product_tag?post=1950"}],"curies":[{"name":"wp","href":"https:\/\/api.w.org\/{rel}","templated":true}]}}