{"id":1962,"date":"2019-01-25T14:19:19","date_gmt":"2019-01-25T12:19:19","guid":{"rendered":"https:\/\/bardoleat.com\/prodotto\/extra-vergine-olivenol-drupa-oro-0-75l\/"},"modified":"2026-01-29T16:08:39","modified_gmt":"2026-01-29T14:08:39","slug":"extra-vergine-olivenol-drupa-oro-0-75l","status":"publish","type":"product","link":"https:\/\/bardoleat.com\/de\/prodotto\/extra-vergine-olivenol-drupa-oro-0-75l\/","title":{"rendered":"Natives Oliven\u00f6l Extra aus Italien &#8220;Drupa Oro&#8221; 0,75L \/ 1L"},"content":{"rendered":"<p>Der f\u00fcr alle <strong>kaltgepressten \u00d6le<\/strong> typische Fruchtgeschmack zusammen mit seiner leicht pikanten und bitteren Note, charakteristisch f\u00fcr dieses \u00d6l, machen es perfekt um sowohl roh als auch traditionell in allen Zubereitungsarten in der K\u00fcche eingesetzt zu werden.<\/p>\n","protected":false},"excerpt":{"rendered":"<p data-start=\"1129\" data-end=\"1457\">Aus der Olive (der Frucht des Olivenbaums) wird seit Jahrhunderten ein kostbares W\u00fcrzmittel f\u00fcr die italienische K\u00fcche gewonnen. Unter den Erzeugerl\u00e4ndern zeichnet sich Italien seit jeher durch die hohe Qualit\u00e4t seines Oliven\u00f6ls aus.<br data-start=\"1362\" data-end=\"1365\" \/>100 % der Oliven, aus denen dieses native Oliven\u00f6l extra gewonnen wird, stammen aus Italien.<\/p>\n<p data-start=\"1459\" data-end=\"1517\"><strong data-start=\"1459\" data-end=\"1517\">Natives Oliven\u00f6l Extra \u201eDrupa Oro\u201c \u2013 Olearia del Garda<\/strong><\/p>\n<p data-start=\"1519\" data-end=\"1702\">Es pr\u00e4sentiert sich in einer goldgelben Farbe mit gr\u00fcnen Reflexen. In der Nase ist es fein und harmonisch, mit Noten von frischer Olive, s\u00fc\u00dfer Mandel und leichten kr\u00e4uterigen Nuancen.<\/p>\n<p data-start=\"1704\" data-end=\"1885\">Am Gaumen ist es weich und ausgewogen, mit einer leichten Fruchtigkeit sowie nur dezent wahrnehmbarer Bitterkeit und Sch\u00e4rfe \u2013 typische Merkmale hochwertiger Oliven\u00f6le vom Gardasee.<\/p>\n<p data-start=\"1887\" data-end=\"2098\">Ideal f\u00fcr alle, die ein feines und vielseitiges Oliven\u00f6l suchen, perfekt f\u00fcr den rohen Einsatz zu Fisch aus See und Meer, Gem\u00fcse, Salaten, hellem Fleisch und feinen Gerichten, ohne deren Geschmack zu \u00fcberdecken.<\/p>\n<p data-start=\"2100\" data-end=\"2116\">Kalt extrahiert.<\/p>\n","protected":false},"featured_media":18525,"comment_status":"open","ping_status":"closed","template":"","meta":[],"product_brand":[],"product_cat":[58],"product_tag":[519],"class_list":{"0":"post-1962","1":"product","2":"type-product","3":"status-publish","4":"has-post-thumbnail","6":"product_cat-olivenol","7":"product_tag-drupa-oro-de","9":"first","10":"instock","11":"shipping-taxable","12":"purchasable","13":"product-type-variable"},"_links":{"self":[{"href":"https:\/\/bardoleat.com\/de\/wp-json\/wp\/v2\/product\/1962","targetHints":{"allow":["GET"]}}],"collection":[{"href":"https:\/\/bardoleat.com\/de\/wp-json\/wp\/v2\/product"}],"about":[{"href":"https:\/\/bardoleat.com\/de\/wp-json\/wp\/v2\/types\/product"}],"replies":[{"embeddable":true,"href":"https:\/\/bardoleat.com\/de\/wp-json\/wp\/v2\/comments?post=1962"}],"version-history":[{"count":2,"href":"https:\/\/bardoleat.com\/de\/wp-json\/wp\/v2\/product\/1962\/revisions"}],"predecessor-version":[{"id":18528,"href":"https:\/\/bardoleat.com\/de\/wp-json\/wp\/v2\/product\/1962\/revisions\/18528"}],"wp:featuredmedia":[{"embeddable":true,"href":"https:\/\/bardoleat.com\/de\/wp-json\/wp\/v2\/media\/18525"}],"wp:attachment":[{"href":"https:\/\/bardoleat.com\/de\/wp-json\/wp\/v2\/media?parent=1962"}],"wp:term":[{"taxonomy":"product_brand","embeddable":true,"href":"https:\/\/bardoleat.com\/de\/wp-json\/wp\/v2\/product_brand?post=1962"},{"taxonomy":"product_cat","embeddable":true,"href":"https:\/\/bardoleat.com\/de\/wp-json\/wp\/v2\/product_cat?post=1962"},{"taxonomy":"product_tag","embeddable":true,"href":"https:\/\/bardoleat.com\/de\/wp-json\/wp\/v2\/product_tag?post=1962"}],"curies":[{"name":"wp","href":"https:\/\/api.w.org\/{rel}","templated":true}]}}